{"id":539,"date":"2025-09-11T02:41:28","date_gmt":"2025-09-11T02:41:28","guid":{"rendered":"https:\/\/keune.al\/?post_type=product&#038;p=539"},"modified":"2025-11-22T19:01:40","modified_gmt":"2025-11-22T19:01:40","slug":"long-strong-serum-100ml","status":"publish","type":"product","link":"https:\/\/keune.al\/sq\/produkt\/long-strong-serum-100ml\/","title":{"rendered":"Long &amp; Strong Serum"},"content":{"rendered":"<div class=\"expander_title___5Kmz\"><strong>P\u00ebrb\u00ebr\u00ebsit<\/strong><\/div>\n<div class=\"expander_content__dB5dn\">\n<div class=\"expander_innerNoScroll__2BEp8\">\n<div class=\"richtext_richText__EPidn\">\n<p>Uj\u00eb, Alkool i Denatuar, Glicerin\u00eb, Butilen Glikol, Vaj Ricini i Hidrogjenizuar PEG-40, Lecitin\u00eb, Protein\u00eb Soje e Hidrolizuar, Parfum (Arom\u00eb), Benzoat Natriumi, Acid Citrik, Kafein\u00eb, Acid Sulfonik 3-Aminopropan, Sulfat Kondroitine Natriumi, Hidroksid Natriumi, Ekstrakt Rr\u00ebnjeje Xhensen Panax, Biotin\u00eb, Kuaternium-51, Dekstran, Dipropilen Glikol, Acetil Tetrapeptid-3, Ekstrakt Luleje Trifolium Pratense (T\u00ebrfil), Salicilat Benzili, Vaj L\u00ebkure Citrus Aurantium Bergamia (Bergamot), Vaj L\u00ebkure Citrus Aurantium, Geraniol, Heksametilindanopiran, Hidroksicitronelal, Limonene, Linalool, Acetat Linalil, Tetrametil Acetiloktahidronaftalene, Vanilin\u00eb.<\/p>\n<div class=\"expander_title___5Kmz\">Si t\u00eb p\u00ebrdoren?<\/div>\n<div class=\"expander_content__dB5dn\">\n<div class=\"expander_innerNoScroll__2BEp8\">\n<div class=\"richtext_richText__EPidn\">\n<p>Lani flokun me <u>Care Long &amp; Strong Shampo <\/u>dhe <u>Balsam<\/u>. Tampononi flokun me peshqir dhe aplikoni serumin n\u00eb skalp sesion pas sesioni. Masazhoni but\u00ebsisht. Mos e shplani. Stiloni flokun si zakonisht.<\/p>\n<\/div>\n<\/div>\n<\/div>\n<\/div>\n<\/div>\n<\/div>","protected":false},"excerpt":{"rendered":"<p>Stimuloni dhe forconi flokun tuaj me Long &amp; Strong Super Serum, nj\u00eb formul\u00eb e p\u00ebrparuar e krijuar p\u00ebr t\u00eb mb\u00ebshtetur flok\u00eb m\u00eb t\u00eb sh\u00ebndetsh\u00ebm dhe me pamje m\u00eb t\u00eb plot\u00eb q\u00eb nga rr\u00ebnja. I mund\u00ebsuar nga peptide biomimetike q\u00eb imitojn\u00eb sinjalet natyrore t\u00eb rritjes s\u00eb trupit, ky serum i leht\u00eb ndihmon n\u00eb rigjall\u00ebrimin e skalpit t\u00eb kok\u00ebs, zgjatjen e ciklit t\u00eb rritjes s\u00eb flokut dhe zvog\u00eblimin e rrallimit t\u00eb flokut me kalimin e koh\u00ebs.<\/p>","protected":false},"featured_media":540,"comment_status":"open","ping_status":"closed","template":"","meta":[],"product_brand":[],"product_cat":[92,99],"product_tag":[],"class_list":{"0":"post-539","1":"product","2":"type-product","3":"status-publish","4":"has-post-thumbnail","6":"product_cat-hair-care","7":"product_cat-serum","8":"pa_variant-100-ml","10":"first","11":"instock","12":"shipping-taxable","13":"purchasable","14":"product-type-variable","15":"has-default-attributes"},"_links":{"self":[{"href":"https:\/\/keune.al\/sq\/wp-json\/wp\/v2\/product\/539","targetHints":{"allow":["GET"]}}],"collection":[{"href":"https:\/\/keune.al\/sq\/wp-json\/wp\/v2\/product"}],"about":[{"href":"https:\/\/keune.al\/sq\/wp-json\/wp\/v2\/types\/product"}],"replies":[{"embeddable":true,"href":"https:\/\/keune.al\/sq\/wp-json\/wp\/v2\/comments?post=539"}],"wp:featuredmedia":[{"embeddable":true,"href":"https:\/\/keune.al\/sq\/wp-json\/wp\/v2\/media\/540"}],"wp:attachment":[{"href":"https:\/\/keune.al\/sq\/wp-json\/wp\/v2\/media?parent=539"}],"wp:term":[{"taxonomy":"product_brand","embeddable":true,"href":"https:\/\/keune.al\/sq\/wp-json\/wp\/v2\/product_brand?post=539"},{"taxonomy":"product_cat","embeddable":true,"href":"https:\/\/keune.al\/sq\/wp-json\/wp\/v2\/product_cat?post=539"},{"taxonomy":"product_tag","embeddable":true,"href":"https:\/\/keune.al\/sq\/wp-json\/wp\/v2\/product_tag?post=539"}],"curies":[{"name":"wp","href":"https:\/\/api.w.org\/{rel}","templated":true}]}}