{"id":535,"date":"2025-09-11T02:37:59","date_gmt":"2025-09-11T02:37:59","guid":{"rendered":"https:\/\/keune.al\/?post_type=product&#038;p=535"},"modified":"2025-11-02T04:18:55","modified_gmt":"2025-11-02T04:18:55","slug":"pako-terapie-per-rigjallerimin-e-kokes","status":"publish","type":"product","link":"https:\/\/keune.al\/sq\/produkt\/pako-terapie-per-rigjallerimin-e-kokes\/","title":{"rendered":"Paketa e Terapis\u00eb p\u00ebr Rigjall\u00ebrimin e Skalpit"},"content":{"rendered":"","protected":false},"excerpt":{"rendered":"<p>P\u00ebrfitoni flok\u00eb m\u00eb t\u00eb fort\u00eb, m\u00eb t\u00eb gjat\u00eb dhe m\u00eb t\u00eb sh\u00ebndetsh\u00ebm q\u00eb nga rr\u00ebnja, me rutin\u00ebn hibride t\u00eb kujdesit p\u00ebr flokun dhe skalpin e kok\u00ebs Long &amp; Strong, t\u00eb formuluar nga ekspert\u00eb, me Centella Asiatica, Marine Density Infusion dhe Biomimetic Peptides. Projektuar p\u00ebr t\u00eb ushqyer skalpin e kok\u00ebs, p\u00ebr t\u00eb forcuar fijet e flokut dhe p\u00ebr t\u00eb mb\u00ebshtetur rritjen natyrale t\u00eb tyre, kjo formul\u00eb e p\u00ebrparuar ndihmon n\u00eb zvog\u00eblimin e k\u00ebputjes dhe p\u00ebrmir\u00ebsimin e dend\u00ebsis\u00eb, p\u00ebr flok\u00eb duksh\u00ebm m\u00eb t\u00eb plot\u00eb.<\/p>","protected":false},"featured_media":536,"comment_status":"open","ping_status":"closed","template":"","meta":[],"product_brand":[],"product_cat":[92,125,19,131],"product_tag":[],"class_list":{"0":"post-535","1":"product","2":"type-product","3":"status-publish","4":"has-post-thumbnail","6":"product_cat-hair-care","7":"product_cat-hair-growth","8":"product_cat-hair-styling","9":"product_cat-keune-care","10":"pa_variant-250ml","11":"pa_variant-80ml","12":"pa_variant-1000ml","14":"first","15":"instock","16":"shipping-taxable","17":"product-type-grouped"},"_links":{"self":[{"href":"https:\/\/keune.al\/sq\/wp-json\/wp\/v2\/product\/535","targetHints":{"allow":["GET"]}}],"collection":[{"href":"https:\/\/keune.al\/sq\/wp-json\/wp\/v2\/product"}],"about":[{"href":"https:\/\/keune.al\/sq\/wp-json\/wp\/v2\/types\/product"}],"replies":[{"embeddable":true,"href":"https:\/\/keune.al\/sq\/wp-json\/wp\/v2\/comments?post=535"}],"wp:featuredmedia":[{"embeddable":true,"href":"https:\/\/keune.al\/sq\/wp-json\/wp\/v2\/media\/536"}],"wp:attachment":[{"href":"https:\/\/keune.al\/sq\/wp-json\/wp\/v2\/media?parent=535"}],"wp:term":[{"taxonomy":"product_brand","embeddable":true,"href":"https:\/\/keune.al\/sq\/wp-json\/wp\/v2\/product_brand?post=535"},{"taxonomy":"product_cat","embeddable":true,"href":"https:\/\/keune.al\/sq\/wp-json\/wp\/v2\/product_cat?post=535"},{"taxonomy":"product_tag","embeddable":true,"href":"https:\/\/keune.al\/sq\/wp-json\/wp\/v2\/product_tag?post=535"}],"curies":[{"name":"wp","href":"https:\/\/api.w.org\/{rel}","templated":true}]}}