{"id":511,"date":"2025-09-11T02:17:56","date_gmt":"2025-09-11T02:17:56","guid":{"rendered":"https:\/\/keune.al\/?post_type=product&#038;p=511"},"modified":"2025-11-20T09:28:41","modified_gmt":"2025-11-20T09:28:41","slug":"care-long-strong-conditioner","status":"publish","type":"product","link":"https:\/\/keune.al\/sq\/produkt\/care-long-strong-conditioner\/","title":{"rendered":"Balsam i fort\u00eb dhe i gjat\u00eb"},"content":{"rendered":"<div class=\"expander_title___5Kmz\"><strong>P\u00ebrb\u00ebr\u00ebsit<\/strong><\/div>\n<div class=\"expander_content__dB5dn\">\n<div class=\"expander_innerNoScroll__2BEp8\">\n<div class=\"richtext_richText__EPidn\">\n<p>Uj\u00eb (Aqua), Alkool Cetearil, Klorur Behentrimoniumi, Glicerin\u00eb, Estere Cetil, Vaj Farash Ricinus Communis (Ricini), Quaternium-87, Parfum (Arom\u00eb), Acid Citrik, Gjalp\u00eb Shea (Butyrospermum Parkii), Alkool Izopropilik, Miristat Izopropilik, Benzoat Natriumi, Arginin\u00eb, Betain\u00eb, Klorur Guar Hidroksipropiltrimoniumi, Propilen Glikol, Protein\u00eb Bimore e Hidrolizuar PG-Propil Silanetriol, Mik\u00eb, CI 77891\/Dioksid Titaniumi, Pantenol, Butilen Glikol, Ekstrakt Gjethe Centella Asiatica, Pentilen Glikol, Ekstrakt Palmaria Palmata, Fenoksietanol, Dipropilen Glikol, Sorbat Kaliumi, Acid Levulinik, Kaprilat Glicerili, Salicilat Benzil, Heksametilindanopiran, Limonene, Acetat Linalil, Acetil Acetiloktahidronaftalene Tetrametil.<\/p>\n<div class=\"expander_title___5Kmz\"><strong>Si t\u00eb p\u00ebrdoren?<\/strong><\/div>\n<div class=\"expander_content__dB5dn\">\n<div class=\"expander_innerNoScroll__2BEp8\">\n<div class=\"richtext_richText__EPidn\">\n<p>Aplikoni n\u00eb flok\u00eb t\u00eb lar\u00eb me shampo e t\u00eb tamponuar me peshqir, l\u00ebreni t\u00eb veproj\u00eb p\u00ebr 1-3 minuta dhe m\u00eb pas shplajeni mir\u00eb.<\/p>\n<\/div>\n<\/div>\n<\/div>\n<\/div>\n<\/div>\n<\/div>","protected":false},"excerpt":{"rendered":"<p>Mb\u00ebshtesni forc\u00ebn dhe q\u00ebndrueshm\u00ebrin\u00eb e flokut tuaj me Balsamin Forcues Long &amp; Strong, nj\u00eb formul\u00eb forcuese e projektuar p\u00ebr t\u00eb riparuar d\u00ebmtimet dhe p\u00ebr t\u00eb rritur but\u00ebsin\u00eb. Ideal p\u00ebr flok\u00eb t\u00eb dob\u00ebsuar ose t\u00eb brisht\u00eb, ky balsam intensiv por i leht\u00eb ushqen nga brenda, duke i l\u00ebn\u00eb fijet m\u00eb t\u00eb forta, m\u00eb t\u00eb l\u00ebmuara dhe m\u00eb rezistente ndaj stresit t\u00eb p\u00ebrditsh\u00ebm.<\/p>","protected":false},"featured_media":517,"comment_status":"open","ping_status":"closed","template":"","meta":[],"product_brand":[],"product_cat":[98,92],"product_tag":[],"class_list":{"0":"post-511","1":"product","2":"type-product","3":"status-publish","4":"has-post-thumbnail","6":"product_cat-conditioners","7":"product_cat-hair-care","8":"pa_variant-250ml","9":"pa_variant-80ml","10":"pa_variant-1000ml","12":"first","13":"instock","14":"shipping-taxable","15":"purchasable","16":"product-type-variable","17":"has-default-attributes"},"_links":{"self":[{"href":"https:\/\/keune.al\/sq\/wp-json\/wp\/v2\/product\/511","targetHints":{"allow":["GET"]}}],"collection":[{"href":"https:\/\/keune.al\/sq\/wp-json\/wp\/v2\/product"}],"about":[{"href":"https:\/\/keune.al\/sq\/wp-json\/wp\/v2\/types\/product"}],"replies":[{"embeddable":true,"href":"https:\/\/keune.al\/sq\/wp-json\/wp\/v2\/comments?post=511"}],"wp:featuredmedia":[{"embeddable":true,"href":"https:\/\/keune.al\/sq\/wp-json\/wp\/v2\/media\/517"}],"wp:attachment":[{"href":"https:\/\/keune.al\/sq\/wp-json\/wp\/v2\/media?parent=511"}],"wp:term":[{"taxonomy":"product_brand","embeddable":true,"href":"https:\/\/keune.al\/sq\/wp-json\/wp\/v2\/product_brand?post=511"},{"taxonomy":"product_cat","embeddable":true,"href":"https:\/\/keune.al\/sq\/wp-json\/wp\/v2\/product_cat?post=511"},{"taxonomy":"product_tag","embeddable":true,"href":"https:\/\/keune.al\/sq\/wp-json\/wp\/v2\/product_tag?post=511"}],"curies":[{"name":"wp","href":"https:\/\/api.w.org\/{rel}","templated":true}]}}