{"id":504,"date":"2025-09-09T16:19:13","date_gmt":"2025-09-09T16:19:13","guid":{"rendered":"https:\/\/keune.al\/?post_type=product&#038;p=504"},"modified":"2025-11-20T10:10:43","modified_gmt":"2025-11-20T10:10:43","slug":"shampo-per-ushqyerjen-me-kujdes-jetik","status":"publish","type":"product","link":"https:\/\/keune.al\/sq\/produkt\/shampo-per-ushqyerjen-me-kujdes-jetik\/","title":{"rendered":"Vital Nutrition Shampo"},"content":{"rendered":"<p><strong>P\u00ebrb\u00ebr\u00ebsit<\/strong><\/p>\n<p>Uj\u00eb (Uj\u00eb), Sulfat Laureti Natriumi, Koko-Glukozid, Kokoamfodiacetat Dinatriumi, Betain\u00eb Kokamidopropil, Distearat Glikol, Klorur Natriumi, Acid Citrik, PEG-200 Palmat Gliceril i Hidrogjenizuar, Vaj Ricini i Hidrogjenizuar PEG-40, Benzoat Natriumi, Oleat Gliceril, Protein\u00eb Orizi e Hidrolizuar, Polikuaternium-10, Parfum (Arom\u00eb), Glicerin\u00eb, Laurat Gliceril, Kokoat Gliceril PEG-7, Polikuaternium-7, Dipropilen Glikol, Pantenol, Propilen Glikol, Vaj Farash Ricinus Communis (Ricini), Ekstrakt Helichrysum Italicum, Vaj Farash Macadamia Integrifolia, Vaj Fruti Olea Europaea (Ulliri), Acid Palmitik, Ceramide NG, Kolesterol, Alkool Benzil, Linalool, Tetrametil Acetiloktahidronaftalene, Vanilin\u00eb<\/p>\n<p><strong>Si t\u00eb p\u00ebrdoren?<\/strong><\/p>\n<p>Aplikoni n\u00eb flok\u00eb t\u00eb lagur, shkum\u00ebzoni dhe shplajeni mir\u00eb. P\u00ebrs\u00ebriteni n\u00ebse \u00ebsht\u00eb e nevojshme.<\/p>","protected":false},"excerpt":{"rendered":"<div class=\"richtext_richText__EPidn productInfo_productDescription__IBA5t\">\n<p>K\u00ebnaquni flok\u00ebt tuaj me shampon ushqyes Vital Nutrition, i projektuar p\u00ebr t\u00eb pastruar but\u00ebsisht, duke rimbushur lag\u00ebshtin\u00eb dhe duke rikthyer but\u00ebsin\u00eb. Ideale p\u00ebr flok\u00eb t\u00eb that\u00eb, t\u00eb brisht\u00eb ose t\u00eb dehidratuar, kjo formul\u00eb e pasur por e leht\u00eb i l\u00eb fijet tuaja t\u00eb forta, t\u00eb buta dhe t\u00eb ushqyera bukur.<\/p>\n<\/div>","protected":false},"featured_media":508,"comment_status":"open","ping_status":"closed","template":"","meta":[],"product_brand":[],"product_cat":[127,130,122,92,129,131,121,93,104,151],"product_tag":[],"class_list":{"0":"post-504","1":"product","2":"type-product","3":"status-publish","4":"has-post-thumbnail","6":"product_cat-bouncy-curls","7":"product_cat-collection","8":"product_cat-color-protection","9":"product_cat-hair-care","10":"product_cat-hydration","11":"product_cat-keune-care","12":"product_cat-result","13":"product_cat-shampoo-care","14":"product_cat-shampoo-men","15":"product_cat-shampoo","16":"pa_variant-80ml","17":"pa_variant-300ml","18":"pa_variant-1000ml","20":"first","21":"instock","22":"shipping-taxable","23":"purchasable","24":"product-type-variable","25":"has-default-attributes"},"_links":{"self":[{"href":"https:\/\/keune.al\/sq\/wp-json\/wp\/v2\/product\/504","targetHints":{"allow":["GET"]}}],"collection":[{"href":"https:\/\/keune.al\/sq\/wp-json\/wp\/v2\/product"}],"about":[{"href":"https:\/\/keune.al\/sq\/wp-json\/wp\/v2\/types\/product"}],"replies":[{"embeddable":true,"href":"https:\/\/keune.al\/sq\/wp-json\/wp\/v2\/comments?post=504"}],"wp:featuredmedia":[{"embeddable":true,"href":"https:\/\/keune.al\/sq\/wp-json\/wp\/v2\/media\/508"}],"wp:attachment":[{"href":"https:\/\/keune.al\/sq\/wp-json\/wp\/v2\/media?parent=504"}],"wp:term":[{"taxonomy":"product_brand","embeddable":true,"href":"https:\/\/keune.al\/sq\/wp-json\/wp\/v2\/product_brand?post=504"},{"taxonomy":"product_cat","embeddable":true,"href":"https:\/\/keune.al\/sq\/wp-json\/wp\/v2\/product_cat?post=504"},{"taxonomy":"product_tag","embeddable":true,"href":"https:\/\/keune.al\/sq\/wp-json\/wp\/v2\/product_tag?post=504"}],"curies":[{"name":"wp","href":"https:\/\/api.w.org\/{rel}","templated":true}]}}