{"id":2399,"date":"2025-11-22T21:54:39","date_gmt":"2025-11-22T21:54:39","guid":{"rendered":"https:\/\/keune.al\/?post_type=product&#038;p=2399"},"modified":"2025-11-22T21:55:06","modified_gmt":"2025-11-22T21:55:06","slug":"so-pure-clarify-shampoo-refill-1000ml","status":"publish","type":"product","link":"https:\/\/keune.al\/sq\/produkt\/so-pure-clarify-shampoo-refill-1000ml\/","title":{"rendered":"Shampo rimbush\u00ebse So Pure Clarify"},"content":{"rendered":"<div class=\"expander_title___5Kmz\"><strong>P\u00ebrb\u00ebr\u00ebsit<\/strong><\/div>\n<div class=\"expander_content__dB5dn\">\n<div class=\"expander_innerNoScroll__2BEp8\">\n<div class=\"richtext_richText__EPidn\">\n<p>Aqua (Water), Sodium Lauroyl Methyl Isethionate, Cocamidopropyl Betaine, Glycerin, PEG-40 Hydrogenated Castor Oil, Parfum (Fragrance), Decyl Glucoside, Guar Hydroxypropyltrimonium Chloride, Sodium Chloride, Betaine, Coco-Glucoside, Glyceryl Oleate, Sodium Benzoate, Hydroxyethylcellulose, Glyceryl Laurate, Citric Acid, Acrylates\/C10-30 Alkyl Acrylate Crosspolymer, Lactobacillus\/Punica Granatum Fruit Ferment Extract, Isopropyl Myristate, Salix Nigra (Willow) Bark Extract, Galactoarabinan, Salvia Hispanica Seed Extract, Trehalose, Xylitol, Camellia Sinensis Leaf Extract, Panthenol, Leuconostoc\/Radish Root Ferment Filtrate, Sodium Phosphate, Caprylyl Glycol, Benzyl Salicylate, Citronellol, Hydroxycitronellal, Limonene, Linalool.<\/p>\n<h2 class=\"tutorial_title__ouVB_\">Si t\u00eb p\u00ebrdoret<\/h2>\n<div class=\"tutorial_stepNumber__Y35Qb\"><strong>01 Hiqeni ngjit\u00ebsen nga qesja e mbushjes.<\/strong><\/div>\n<div>\n<div class=\"richtext_richText__EPidn tutorial_stepText__54DBm\">\n<p>Mund ta etiketoni p\u00ebrmbajtjen e shishes suaj t\u00eb rimbushshme me nj\u00eb ngjit\u00ebse praktike. Hiqeni but\u00ebsisht nga qesja e rimbushjes.<\/p>\n<\/div>\n<\/div>\n<div class=\"tutorial_stepNumber__Y35Qb\"><strong>02 Vendosni ngjit\u00ebsen n\u00eb shishen tuaj t\u00eb rimbushshme.<\/strong><\/div>\n<div>\n<div class=\"richtext_richText__EPidn tutorial_stepText__54DBm\">\n<p>Vendosni ngjit\u00ebsen n\u00eb kapakun e shishes s\u00eb rimbushshme n\u00eb m\u00ebnyr\u00eb q\u00eb t\u00eb shihni me nj\u00eb shikim se \u00e7far\u00eb p\u00ebrmban. Mbushni shishen dhe jeni gati.<\/p>\n<p><a href=\"https:\/\/keune.al\/wp-content\/uploads\/2025\/09\/Keune-So-Pure-care-lifestyle-2.webp\"><img fetchpriority=\"high\" decoding=\"async\" class=\"alignnone size-full wp-image-2379\" src=\"https:\/\/keune.al\/wp-content\/uploads\/2025\/09\/Keune-So-Pure-care-lifestyle-2.webp\" alt=\"\" width=\"1200\" height=\"906\" srcset=\"https:\/\/keune.al\/wp-content\/uploads\/2025\/09\/Keune-So-Pure-care-lifestyle-2.webp 1200w, https:\/\/keune.al\/wp-content\/uploads\/2025\/09\/Keune-So-Pure-care-lifestyle-2-300x227.webp 300w, https:\/\/keune.al\/wp-content\/uploads\/2025\/09\/Keune-So-Pure-care-lifestyle-2-1024x773.webp 1024w, https:\/\/keune.al\/wp-content\/uploads\/2025\/09\/Keune-So-Pure-care-lifestyle-2-768x580.webp 768w, https:\/\/keune.al\/wp-content\/uploads\/2025\/09\/Keune-So-Pure-care-lifestyle-2-16x12.webp 16w, https:\/\/keune.al\/wp-content\/uploads\/2025\/09\/Keune-So-Pure-care-lifestyle-2-600x453.webp 600w, https:\/\/keune.al\/wp-content\/uploads\/2025\/09\/Keune-So-Pure-care-lifestyle-2-1080x815.webp 1080w, https:\/\/keune.al\/wp-content\/uploads\/2025\/09\/Keune-So-Pure-care-lifestyle-2-64x48.webp 64w\" sizes=\"(max-width: 1200px) 100vw, 1200px\" \/><\/a><\/p>\n<\/div>\n<\/div>\n<\/div>\n<\/div>\n<\/div>","protected":false},"excerpt":{"rendered":"<div class=\"richtext_richText__EPidn productInfo_productDescription__IBA5t\">\n<p>So Pure Clarify makes the hair feel weightless after using the So Pure Clarify Shampoo. Deeply cleanses strands without stripping. Gently cleanses the scalp. Packed with detoxifying pomegranate to help remove dirt and product build-up.<\/p>\n<\/div>","protected":false},"featured_media":2398,"comment_status":"open","ping_status":"closed","template":"","meta":[],"product_brand":[],"product_cat":[192,134],"product_tag":[],"class_list":{"0":"post-2399","1":"product","2":"type-product","3":"status-publish","4":"has-post-thumbnail","6":"product_cat-shampoo-so-pure","7":"product_cat-so-pure","8":"pa_variant-1000ml","9":"pa_variant-400ml","11":"first","12":"instock","13":"shipping-taxable","14":"purchasable","15":"product-type-variable","16":"has-default-attributes"},"_links":{"self":[{"href":"https:\/\/keune.al\/sq\/wp-json\/wp\/v2\/product\/2399","targetHints":{"allow":["GET"]}}],"collection":[{"href":"https:\/\/keune.al\/sq\/wp-json\/wp\/v2\/product"}],"about":[{"href":"https:\/\/keune.al\/sq\/wp-json\/wp\/v2\/types\/product"}],"replies":[{"embeddable":true,"href":"https:\/\/keune.al\/sq\/wp-json\/wp\/v2\/comments?post=2399"}],"wp:featuredmedia":[{"embeddable":true,"href":"https:\/\/keune.al\/sq\/wp-json\/wp\/v2\/media\/2398"}],"wp:attachment":[{"href":"https:\/\/keune.al\/sq\/wp-json\/wp\/v2\/media?parent=2399"}],"wp:term":[{"taxonomy":"product_brand","embeddable":true,"href":"https:\/\/keune.al\/sq\/wp-json\/wp\/v2\/product_brand?post=2399"},{"taxonomy":"product_cat","embeddable":true,"href":"https:\/\/keune.al\/sq\/wp-json\/wp\/v2\/product_cat?post=2399"},{"taxonomy":"product_tag","embeddable":true,"href":"https:\/\/keune.al\/sq\/wp-json\/wp\/v2\/product_tag?post=2399"}],"curies":[{"name":"wp","href":"https:\/\/api.w.org\/{rel}","templated":true}]}}