{"id":2394,"date":"2025-11-22T21:51:24","date_gmt":"2025-11-22T21:51:24","guid":{"rendered":"https:\/\/keune.al\/?post_type=product&#038;p=2394"},"modified":"2025-11-22T21:51:50","modified_gmt":"2025-11-22T21:51:50","slug":"so-pure-polish-shampoo-refill-400ml","status":"publish","type":"product","link":"https:\/\/keune.al\/sq\/produkt\/so-pure-polish-shampoo-refill-400ml\/","title":{"rendered":"Mbushje Shampoje So Pure Polish"},"content":{"rendered":"<div class=\"expander_title___5Kmz\"><strong>P\u00ebrb\u00ebr\u00ebsit<\/strong><\/div>\n<div class=\"expander_content__dB5dn\">\n<div class=\"expander_innerNoScroll__2BEp8\">\n<div class=\"richtext_richText__EPidn\">\n<p>Uj\u00eb (Uj\u00eb), Lauroil Metil Isetionat Natriumi, Betain\u00eb Kokamidopropili, Glicerin\u00eb, Vaj Ricini i Hidrogjenizuar PEG-40, Parfum (Arom\u00eb), Decil Glukozid, Klorur Guar Hidroksipropiltrimoniumi, Klorur Natriumi, Betain\u00eb, Estere Glicereth-8 t\u00eb Vajit t\u00eb Far\u00ebs s\u00eb Makadamias, Koko-Glukozid, Oleat Glicerili, Benzoat Natriumi, Hidroksietilceluloz\u00eb, Laurat Glicerili, Acid Citrik, Krospolimer Akrilate\/C10-30 Alkil Akrilati, Miristat Izopropili, Ekstrakt Fare Lini (Linum Usitatissimum), Ekstrakt Fare Salvia Hispanica, Alkool Benzilik, Acid Kaprilik, Ksilitol, Salicilat Benzili, Citronelol, Hidroksicitronelal, Limonene, Linalool.<\/p>\n<div class=\"expander_title___5Kmz\"><strong>Si t\u00eb p\u00ebrdoren?<\/strong><\/div>\n<div class=\"expander_content__dB5dn\">\n<div class=\"expander_innerNoScroll__2BEp8\">\n<div class=\"richtext_richText__EPidn\">\n<p>Masazhojeni n\u00eb flok\u00eb t\u00eb lagur. Shplajeni mir\u00eb. P\u00ebrs\u00ebriteni n\u00ebse d\u00ebshironi.<\/p>\n<\/div>\n<\/div>\n<\/div>\n<\/div>\n<\/div>\n<\/div>","protected":false},"excerpt":{"rendered":"<div class=\"richtext_richText__EPidn productInfo_productDescription__IBA5t\">\n<p>So Pure Polish i b\u00ebn flok\u00ebt t\u00eb duken m\u00eb t\u00eb l\u00ebmuar p\u00ebr nj\u00eb pamje t\u00eb shndritshme. Ka nj\u00eb efekt zbukurues dhe zbut\u00ebs. P\u00ebrmban nj\u00eb kombinim polisakaridesh t\u00eb nxjerra nga farat chia, t\u00eb cilat ndihmojn\u00eb n\u00eb zbutjen e ka\u00e7urrelave - dhe i mbajn\u00eb ato n\u00eb k\u00ebt\u00eb gjendje, edhe n\u00eb dit\u00ebt me lag\u00ebshtir\u00eb.<\/p>\n<\/div>","protected":false},"featured_media":2393,"comment_status":"open","ping_status":"closed","template":"","meta":[],"product_brand":[],"product_cat":[192,134],"product_tag":[],"class_list":{"0":"post-2394","1":"product","2":"type-product","3":"status-publish","4":"has-post-thumbnail","6":"product_cat-shampoo-so-pure","7":"product_cat-so-pure","8":"pa_variant-1000ml","9":"pa_variant-400ml","11":"first","12":"instock","13":"shipping-taxable","14":"purchasable","15":"product-type-variable","16":"has-default-attributes"},"_links":{"self":[{"href":"https:\/\/keune.al\/sq\/wp-json\/wp\/v2\/product\/2394","targetHints":{"allow":["GET"]}}],"collection":[{"href":"https:\/\/keune.al\/sq\/wp-json\/wp\/v2\/product"}],"about":[{"href":"https:\/\/keune.al\/sq\/wp-json\/wp\/v2\/types\/product"}],"replies":[{"embeddable":true,"href":"https:\/\/keune.al\/sq\/wp-json\/wp\/v2\/comments?post=2394"}],"wp:featuredmedia":[{"embeddable":true,"href":"https:\/\/keune.al\/sq\/wp-json\/wp\/v2\/media\/2393"}],"wp:attachment":[{"href":"https:\/\/keune.al\/sq\/wp-json\/wp\/v2\/media?parent=2394"}],"wp:term":[{"taxonomy":"product_brand","embeddable":true,"href":"https:\/\/keune.al\/sq\/wp-json\/wp\/v2\/product_brand?post=2394"},{"taxonomy":"product_cat","embeddable":true,"href":"https:\/\/keune.al\/sq\/wp-json\/wp\/v2\/product_cat?post=2394"},{"taxonomy":"product_tag","embeddable":true,"href":"https:\/\/keune.al\/sq\/wp-json\/wp\/v2\/product_tag?post=2394"}],"curies":[{"name":"wp","href":"https:\/\/api.w.org\/{rel}","templated":true}]}}