{"id":2390,"date":"2025-11-22T21:48:37","date_gmt":"2025-11-22T21:48:37","guid":{"rendered":"https:\/\/keune.al\/?post_type=product&#038;p=2390"},"modified":"2025-11-22T21:49:04","modified_gmt":"2025-11-22T21:49:04","slug":"so-pure-restore-shampoo-refill-400ml","status":"publish","type":"product","link":"https:\/\/keune.al\/sq\/produkt\/so-pure-restore-shampoo-refill-400ml\/","title":{"rendered":"Shampo rimbush\u00ebse So Pure Restore"},"content":{"rendered":"<div class=\"expander_title___5Kmz\"><strong>P\u00ebrb\u00ebr\u00ebsit<\/strong><\/div>\n<div class=\"expander_content__dB5dn\">\n<div class=\"expander_innerNoScroll__2BEp8\">\n<div class=\"richtext_richText__EPidn\">\n<p>Aqua (Water), Sodium Lauroyl Methyl Isethionate, Cocamidopropyl Betaine, Glycerin, PEG-40 Hydrogenated Castor Oil, Parfum (Fragrance), Decyl Glucoside, Guar Hydroxypropyltrimonium Chloride, Sodium Chloride, Betaine, Coco-Glucoside, Glyceryl Oleate, Sodium Benzoate, Hydroxyethylcellulose, Glyceryl Laurate, Citric Acid, Acrylates\/C10-30 Alkyl Acrylate Crosspolymer, Isopropyl Myristate, Opuntia Ficus-Indica Stem Extract, Disodium Phosphate, Benzyl Salicylate, Citronellol, Hydroxycitronellal, Limonene, Linalool.<\/p>\n<div class=\"expander_title___5Kmz\"><strong>Si t\u00eb p\u00ebrdoren?<\/strong><\/div>\n<div class=\"expander_content__dB5dn\">\n<div class=\"expander_innerNoScroll__2BEp8\">\n<div class=\"richtext_richText__EPidn\">\n<p>Masazhojeni n\u00eb flok\u00eb t\u00eb lagur. Shplajeni mir\u00eb. P\u00ebrs\u00ebriteni n\u00ebse d\u00ebshironi.<\/p>\n<\/div>\n<\/div>\n<\/div>\n<\/div>\n<\/div>\n<\/div>","protected":false},"excerpt":{"rendered":"<div class=\"richtext_richText__EPidn productInfo_productDescription__IBA5t\">\n<p>So Pure Restore makes the hair look healthier and more moisturized. Mild, gentle cleaning for dry, damaged hair. Prickly pear extract helps hydrate each strand from the inside out. Leaves hair looking and feeling its best.<\/p>\n<\/div>","protected":false},"featured_media":2389,"comment_status":"open","ping_status":"closed","template":"","meta":[],"product_brand":[],"product_cat":[192,134],"product_tag":[],"class_list":{"0":"post-2390","1":"product","2":"type-product","3":"status-publish","4":"has-post-thumbnail","6":"product_cat-shampoo-so-pure","7":"product_cat-so-pure","8":"pa_variant-1000ml","9":"pa_variant-400ml","11":"first","12":"instock","13":"shipping-taxable","14":"purchasable","15":"product-type-variable","16":"has-default-attributes"},"_links":{"self":[{"href":"https:\/\/keune.al\/sq\/wp-json\/wp\/v2\/product\/2390","targetHints":{"allow":["GET"]}}],"collection":[{"href":"https:\/\/keune.al\/sq\/wp-json\/wp\/v2\/product"}],"about":[{"href":"https:\/\/keune.al\/sq\/wp-json\/wp\/v2\/types\/product"}],"replies":[{"embeddable":true,"href":"https:\/\/keune.al\/sq\/wp-json\/wp\/v2\/comments?post=2390"}],"wp:featuredmedia":[{"embeddable":true,"href":"https:\/\/keune.al\/sq\/wp-json\/wp\/v2\/media\/2389"}],"wp:attachment":[{"href":"https:\/\/keune.al\/sq\/wp-json\/wp\/v2\/media?parent=2390"}],"wp:term":[{"taxonomy":"product_brand","embeddable":true,"href":"https:\/\/keune.al\/sq\/wp-json\/wp\/v2\/product_brand?post=2390"},{"taxonomy":"product_cat","embeddable":true,"href":"https:\/\/keune.al\/sq\/wp-json\/wp\/v2\/product_cat?post=2390"},{"taxonomy":"product_tag","embeddable":true,"href":"https:\/\/keune.al\/sq\/wp-json\/wp\/v2\/product_tag?post=2390"}],"curies":[{"name":"wp","href":"https:\/\/api.w.org\/{rel}","templated":true}]}}