{"id":2299,"date":"2025-11-20T17:37:41","date_gmt":"2025-11-20T17:37:41","guid":{"rendered":"https:\/\/keune.al\/?post_type=product&#038;p=2299"},"modified":"2025-11-20T17:38:02","modified_gmt":"2025-11-20T17:38:02","slug":"confident-curl-mask-500ml","status":"publish","type":"product","link":"https:\/\/keune.al\/sq\/produkt\/confident-curl-mask-500ml\/","title":{"rendered":"Mask\u00eb p\u00ebr ka\u00e7urrela t\u00eb sigurta"},"content":{"rendered":"<div class=\"expander_title___5Kmz\"><strong>P\u00ebrb\u00ebr\u00ebsit<\/strong><\/div>\n<div class=\"expander_content__dB5dn\">\n<div class=\"expander_innerNoScroll__2BEp8\">\n<div class=\"richtext_richText__EPidn\">\n<p>Uj\u00eb (Aqua), Alkool Cetearil, Behenamidopropil Dimetilamin\u00eb, Vaj Kokosi (Cocos Nucifera), Olivat Etilheksil i Hidrogjenizuar, Oleat Decil, Gjalp\u00eb Shea (Butyrospermum Parkii), Metosulfat Dikokoiletil Hidroksietilmonium, Vaj Farash Adansonia Digitata, Acid Laktik, Gliceride Vaj Farash Luledielli, Pantenol, Acetat Tokoferil, Benzoat Natriumi, Acid Citrik, Inulin\u00eb Hidroksipropiltrimonium, Parfum (Arom\u00eb), Erukat Oleil, Polikuaternium-37, Dikaprilat\/Dikaprat\u00eb Propilen Glikol, Dipropilen Glikol, Protein\u00eb Orizi e Hidrolizuar, L\u00ebnd\u00eb t\u00eb Pasaponizueshme t\u00eb Vajit t\u00eb Ullirit t\u00eb Hidrogjenizuar, Glicerin\u00eb, Propilen Glikol, PPG-1 Trideceth-6, Ekstrakt Farash Linum Usitatissimum (Far\u00eb Lini), Ekstrakt Farash Salvia Hispanica, Acetum (Uthull), Pyrus Malus Ekstrakt i frutave (moll\u00eb), ekstrakt i farave t\u00eb Amaranthus Caudatus, alkool benzilik, acid kaprilik, ksilitol, fenoksietanol, sukroz\u00eb, sorbat kaliumi, acid sorbik, acetil cedren, tetrametil acetiloktahidronaftalene.<\/p>\n<div class=\"expander_title___5Kmz\"><strong>Si t\u00eb p\u00ebrdoren?<\/strong><\/div>\n<div class=\"expander_content__dB5dn\">\n<div class=\"expander_innerNoScroll__2BEp8\">\n<div class=\"richtext_richText__EPidn\">\n<p>Aplikojeni n\u00eb flok\u00eb t\u00eb lar\u00eb me shampo, p\u00ebrdorni gishtat p\u00ebr ta zgjidhur but\u00ebsisht dhe p\u00ebr ta rr\u00ebshqitur n\u00ebp\u00ebr maja p\u00ebr ta hidratuar plot\u00ebsisht. L\u00ebreni p\u00ebr 3-5 minuta ose m\u00eb shum\u00eb n\u00ebse d\u00ebshironi, pastaj shp\u00eblajeni mir\u00eb.<\/p>\n<\/div>\n<\/div>\n<\/div>\n<\/div>\n<\/div>\n<\/div>","protected":false},"excerpt":{"rendered":"<p>Maska p\u00ebr P\u00ebrmir\u00ebsimin e Ka\u00e7urrelave Confident Curl \u00ebsht\u00eb nj\u00eb formul\u00eb e pasur dhe restauruese q\u00eb nxjerr n\u00eb pah m\u00eb t\u00eb mir\u00ebn e struktur\u00ebs natyrale, e projektuar biologjikisht p\u00ebr t\u00eb ushqyer dhe p\u00ebrcaktuar ka\u00e7urrelat, duke i l\u00ebn\u00eb ato t\u00eb buta, t\u00eb shndritshme dhe me nj\u00eb elasticitet t\u00eb bukur.<\/p>","protected":false},"featured_media":1477,"comment_status":"open","ping_status":"closed","template":"","meta":[],"product_brand":[],"product_cat":[92,176],"product_tag":[],"class_list":{"0":"post-2299","1":"product","2":"type-product","3":"status-publish","4":"has-post-thumbnail","6":"product_cat-hair-care","7":"product_cat-mask-hair-care","8":"pa_variant-250ml","9":"pa_variant-500ml","10":"pa_variant-50ml","12":"first","13":"instock","14":"shipping-taxable","15":"purchasable","16":"product-type-variable","17":"has-default-attributes"},"_links":{"self":[{"href":"https:\/\/keune.al\/sq\/wp-json\/wp\/v2\/product\/2299","targetHints":{"allow":["GET"]}}],"collection":[{"href":"https:\/\/keune.al\/sq\/wp-json\/wp\/v2\/product"}],"about":[{"href":"https:\/\/keune.al\/sq\/wp-json\/wp\/v2\/types\/product"}],"replies":[{"embeddable":true,"href":"https:\/\/keune.al\/sq\/wp-json\/wp\/v2\/comments?post=2299"}],"wp:featuredmedia":[{"embeddable":true,"href":"https:\/\/keune.al\/sq\/wp-json\/wp\/v2\/media\/1477"}],"wp:attachment":[{"href":"https:\/\/keune.al\/sq\/wp-json\/wp\/v2\/media?parent=2299"}],"wp:term":[{"taxonomy":"product_brand","embeddable":true,"href":"https:\/\/keune.al\/sq\/wp-json\/wp\/v2\/product_brand?post=2299"},{"taxonomy":"product_cat","embeddable":true,"href":"https:\/\/keune.al\/sq\/wp-json\/wp\/v2\/product_cat?post=2299"},{"taxonomy":"product_tag","embeddable":true,"href":"https:\/\/keune.al\/sq\/wp-json\/wp\/v2\/product_tag?post=2299"}],"curies":[{"name":"wp","href":"https:\/\/api.w.org\/{rel}","templated":true}]}}