{"id":2278,"date":"2025-11-20T16:09:23","date_gmt":"2025-11-20T16:09:23","guid":{"rendered":"https:\/\/keune.al\/?post_type=product&#038;p=2278"},"modified":"2025-11-20T16:09:53","modified_gmt":"2025-11-20T16:09:53","slug":"velvet-smooth-mask-travel-size-50ml","status":"publish","type":"product","link":"https:\/\/keune.al\/sq\/produkt\/velvet-smooth-mask-travel-size-50ml\/","title":{"rendered":"Velvet Smooth Mask &#8211; travel size"},"content":{"rendered":"<div class=\"expander_title___5Kmz\"><strong>P\u00ebrb\u00ebr\u00ebsit<\/strong><\/div>\n<div class=\"expander_content__dB5dn\">\n<div class=\"expander_innerNoScroll__2BEp8\">\n<div class=\"richtext_richText__EPidn\">\n<p>Aqua (Water), Cetearyl Alcohol, Glycerin, Behentrimonium Chloride, Octyldodecanol, Cetrimonium Chloride, Dimethicone, Amodimethicone, Parfum (Fragrance), Dipropylene Glycol, Hydrolyzed Rice Protein, Isopropyl Alcohol, Sodium Benzoate, C10-40 Isoalkylamidopropylethyldimonium Ethosulfate, Hydrolyzed Vegetable Protein, Hydrolyzed Vegetable Protein PG-Propyl Silanetriol, Lactic Acid, Dimethiconol, Silicone Quaternium-22, Trideceth-12, Polyglyceryl-3 Caprate, Phenoxyethanol, Spathodea Campanulata Flower Extract, Cocamidopropyl Betaine, Palmitamidopropyltrimonium Chloride, Propylene Glycol, Potassium Sorbate, Benzoic Acid, Sorbic Acid, Alpha-Isomethyl Ionone, Citronellol, Citrus Aurantium Peel Oil, Hexyl Cinnamal, Limonene, Linalool, Linalyl Acetate, Tetramethyl Acetyloctahydronaphthalenes<\/p>\n<\/div>\n<\/div>\n<\/div>","protected":false},"excerpt":{"rendered":"<p>Intensive smoothing with Velvet Smooth Anti-Frizz Mask, a rich, nourishing treatment designed to deeply hydrate, repair, and control frizz. This clinically proven formula seals the cuticle, restores softness, and leaves hair sleek, silky, and beautifully manageable\u2014with results that last.<\/p>\n<p>Velvet Smooth Mask is the improved version of Keratin Smooth Mask<\/p>","protected":false},"featured_media":1396,"comment_status":"open","ping_status":"closed","template":"","meta":[],"product_brand":[],"product_cat":[92,176],"product_tag":[],"class_list":{"0":"post-2278","1":"product","2":"type-product","3":"status-publish","4":"has-post-thumbnail","6":"product_cat-hair-care","7":"product_cat-mask-hair-care","8":"pa_variant-250ml","9":"pa_variant-500ml","10":"pa_variant-50ml","12":"first","13":"instock","14":"shipping-taxable","15":"purchasable","16":"product-type-variable","17":"has-default-attributes"},"_links":{"self":[{"href":"https:\/\/keune.al\/sq\/wp-json\/wp\/v2\/product\/2278","targetHints":{"allow":["GET"]}}],"collection":[{"href":"https:\/\/keune.al\/sq\/wp-json\/wp\/v2\/product"}],"about":[{"href":"https:\/\/keune.al\/sq\/wp-json\/wp\/v2\/types\/product"}],"replies":[{"embeddable":true,"href":"https:\/\/keune.al\/sq\/wp-json\/wp\/v2\/comments?post=2278"}],"wp:featuredmedia":[{"embeddable":true,"href":"https:\/\/keune.al\/sq\/wp-json\/wp\/v2\/media\/1396"}],"wp:attachment":[{"href":"https:\/\/keune.al\/sq\/wp-json\/wp\/v2\/media?parent=2278"}],"wp:term":[{"taxonomy":"product_brand","embeddable":true,"href":"https:\/\/keune.al\/sq\/wp-json\/wp\/v2\/product_brand?post=2278"},{"taxonomy":"product_cat","embeddable":true,"href":"https:\/\/keune.al\/sq\/wp-json\/wp\/v2\/product_cat?post=2278"},{"taxonomy":"product_tag","embeddable":true,"href":"https:\/\/keune.al\/sq\/wp-json\/wp\/v2\/product_tag?post=2278"}],"curies":[{"name":"wp","href":"https:\/\/api.w.org\/{rel}","templated":true}]}}