{"id":2232,"date":"2025-11-20T13:22:48","date_gmt":"2025-11-20T13:22:48","guid":{"rendered":"https:\/\/keune.al\/?post_type=product&#038;p=2232"},"modified":"2025-11-22T21:59:20","modified_gmt":"2025-11-22T21:59:20","slug":"so-pure-bundle-polish-conditioner-1000ml","status":"publish","type":"product","link":"https:\/\/keune.al\/sq\/produkt\/so-pure-bundle-polish-conditioner-1000ml\/","title":{"rendered":"So Pure Bundle \u2013 Balsam p\u00ebr Polishing"},"content":{"rendered":"<div class=\"expander_title___5Kmz\"><strong>P\u00ebrb\u00ebr\u00ebsit<\/strong><\/div>\n<div class=\"expander_content__dB5dn\">\n<div class=\"expander_innerNoScroll__2BEp8\">\n<div class=\"richtext_richText__EPidn\">\n<p>Balsam p\u00ebr l\u00ebkur\u00eb So Pure Polish: Uj\u00eb (Aqua), Alkool Cetearil, Estere Glicereth-8 t\u00eb Vajit t\u00eb Far\u00ebs s\u00eb Makadamias, Glicerin\u00eb, Klorur Behentrimoniumi, Klorur Cetrimoniumi, Gjalp\u00eb Butyrospermum Parkii (Shea), Parfum (Arom\u00eb), Miristat Izopropili, Betain\u00eb, Polikuaternium-37, Fosfat Niseshteje Hidroksipropili, Dikaprilat\/Dikaprat\u00eb Propilen Glikol, Alkool Izopropili, Benzoat Natriumi, Acid Laktik, Polikuaternium-10, Acetat Tokoferil, PPG-1 Trideceth-6, Ekstrakt i Far\u00ebs s\u00eb Linit (Linum Usitatissimum), Ekstrakt i Far\u00ebs s\u00eb Salvia Hispanica, Alkool Benzilik, Acid Kaprilik, Ksilitol, Salicilat Benzilik, Citronelol, Hidroksicitronelal, Limonene, Linalool.<\/p>\n<div class=\"expander_title___5Kmz\"><strong>Si t\u00eb p\u00ebrdoren?<\/strong><\/div>\n<div class=\"expander_content__dB5dn\">\n<div class=\"expander_innerNoScroll__2BEp8\">\n<div class=\"richtext_richText__EPidn\">\n<p>Aplikojeni n\u00eb flok\u00eb t\u00eb sapolar\u00eb dhe t\u00eb thar\u00eb me peshqir. L\u00ebreni t\u00eb veproj\u00eb p\u00ebr 1 deri n\u00eb 3 minuta q\u00eb balsami t\u00eb b\u00ebj\u00eb pun\u00ebn e tij. Shp\u00eblajeni me kujdes.<\/p>\n<div class=\"tutorial_stepNumber__Y35Qb\"><strong>01 Hiqeni ngjit\u00ebsen nga qesja e mbushjes.<\/strong><\/div>\n<div>\n<div class=\"richtext_richText__EPidn tutorial_stepText__54DBm\">\n<p>Mund ta etiketoni p\u00ebrmbajtjen e shishes suaj t\u00eb rimbushshme me nj\u00eb ngjit\u00ebse praktike. Hiqeni but\u00ebsisht nga qesja e rimbushjes.<\/p>\n<\/div>\n<\/div>\n<div class=\"tutorial_stepNumber__Y35Qb\"><strong>02 Vendosni ngjit\u00ebsen n\u00eb shishen tuaj t\u00eb rimbushshme.<\/strong><\/div>\n<div>\n<div class=\"richtext_richText__EPidn tutorial_stepText__54DBm\">\n<p>Vendosni ngjit\u00ebsen n\u00eb kapakun e shishes s\u00eb rimbushshme n\u00eb m\u00ebnyr\u00eb q\u00eb t\u00eb shihni me nj\u00eb shikim se \u00e7far\u00eb p\u00ebrmban. Mbushni shishen dhe jeni gati.<\/p>\n<p><a href=\"https:\/\/keune.al\/wp-content\/uploads\/2025\/09\/Keune-So-Pure-care-lifestyle-1.webp\"><img fetchpriority=\"high\" decoding=\"async\" class=\"alignnone size-full wp-image-2224\" src=\"https:\/\/keune.al\/wp-content\/uploads\/2025\/09\/Keune-So-Pure-care-lifestyle-1.webp\" alt=\"\" width=\"1200\" height=\"906\" srcset=\"https:\/\/keune.al\/wp-content\/uploads\/2025\/09\/Keune-So-Pure-care-lifestyle-1.webp 1200w, https:\/\/keune.al\/wp-content\/uploads\/2025\/09\/Keune-So-Pure-care-lifestyle-1-300x227.webp 300w, https:\/\/keune.al\/wp-content\/uploads\/2025\/09\/Keune-So-Pure-care-lifestyle-1-1024x773.webp 1024w, https:\/\/keune.al\/wp-content\/uploads\/2025\/09\/Keune-So-Pure-care-lifestyle-1-768x580.webp 768w, https:\/\/keune.al\/wp-content\/uploads\/2025\/09\/Keune-So-Pure-care-lifestyle-1-16x12.webp 16w, https:\/\/keune.al\/wp-content\/uploads\/2025\/09\/Keune-So-Pure-care-lifestyle-1-600x453.webp 600w, https:\/\/keune.al\/wp-content\/uploads\/2025\/09\/Keune-So-Pure-care-lifestyle-1-1080x815.webp 1080w, https:\/\/keune.al\/wp-content\/uploads\/2025\/09\/Keune-So-Pure-care-lifestyle-1-64x48.webp 64w\" sizes=\"(max-width: 1200px) 100vw, 1200px\" \/><\/a><\/p>\n<\/div>\n<\/div>\n<\/div>\n<\/div>\n<\/div>\n<\/div>\n<\/div>\n<\/div>","protected":false},"excerpt":{"rendered":"<p>This bundle contains a So Pure Polish Conditioner 1000ml and a refillable bottle. So Pure Polish gives the hair a beautiful shine. Has a nice, smoothing effect. Contains a combination of polysaccharides, extracted from chia seeds, that help smooth hair &#8211; and keep it that way, even on humid days. This bundle is also available in a 400ml version.<\/p>\n<div class=\"richtext_richText__EPidn productBundleInfo_productDescription__Mhr_f\">\n<p>Linja So Pure fitoi \u00c7mimin Holandez t\u00eb Bukuris\u00eb \"Dutch Beauty Award\" 2023-2024 n\u00eb kategorin\u00eb \"Kujdesi ekologjik p\u00ebr flokun\".<\/p>\n<\/div>","protected":false},"featured_media":2233,"comment_status":"open","ping_status":"closed","template":"","meta":[],"product_brand":[],"product_cat":[193,98,92,134],"product_tag":[],"class_list":{"0":"post-2232","1":"product","2":"type-product","3":"status-publish","4":"has-post-thumbnail","6":"product_cat-conditioner-so-pure","7":"product_cat-conditioners","8":"product_cat-hair-care","9":"product_cat-so-pure","11":"first","12":"instock","13":"shipping-taxable","14":"purchasable","15":"product-type-simple"},"_links":{"self":[{"href":"https:\/\/keune.al\/sq\/wp-json\/wp\/v2\/product\/2232","targetHints":{"allow":["GET"]}}],"collection":[{"href":"https:\/\/keune.al\/sq\/wp-json\/wp\/v2\/product"}],"about":[{"href":"https:\/\/keune.al\/sq\/wp-json\/wp\/v2\/types\/product"}],"replies":[{"embeddable":true,"href":"https:\/\/keune.al\/sq\/wp-json\/wp\/v2\/comments?post=2232"}],"wp:featuredmedia":[{"embeddable":true,"href":"https:\/\/keune.al\/sq\/wp-json\/wp\/v2\/media\/2233"}],"wp:attachment":[{"href":"https:\/\/keune.al\/sq\/wp-json\/wp\/v2\/media?parent=2232"}],"wp:term":[{"taxonomy":"product_brand","embeddable":true,"href":"https:\/\/keune.al\/sq\/wp-json\/wp\/v2\/product_brand?post=2232"},{"taxonomy":"product_cat","embeddable":true,"href":"https:\/\/keune.al\/sq\/wp-json\/wp\/v2\/product_cat?post=2232"},{"taxonomy":"product_tag","embeddable":true,"href":"https:\/\/keune.al\/sq\/wp-json\/wp\/v2\/product_tag?post=2232"}],"curies":[{"name":"wp","href":"https:\/\/api.w.org\/{rel}","templated":true}]}}