{"id":2225,"date":"2025-11-20T13:07:12","date_gmt":"2025-11-20T13:07:12","guid":{"rendered":"https:\/\/keune.al\/?post_type=product&#038;p=2225"},"modified":"2025-11-22T22:00:34","modified_gmt":"2025-11-22T22:00:34","slug":"so-pure-bundle-restore-conditioner-1000ml","status":"publish","type":"product","link":"https:\/\/keune.al\/sq\/produkt\/so-pure-bundle-restore-conditioner-1000ml\/","title":{"rendered":"So Pure Bundle \u2013 Balsam Restaurues"},"content":{"rendered":"<div class=\"expander_title___5Kmz\"><strong>P\u00ebrb\u00ebr\u00ebsit<\/strong><\/div>\n<div class=\"expander_content__dB5dn\">\n<div class=\"expander_innerNoScroll__2BEp8\">\n<div class=\"richtext_richText__EPidn\">\n<p>Balsam rigjenerues So Pure: Uj\u00eb (Aqua), Miristat izopropili, Alkool cetearilik, Glicerin\u00eb, Klorur behentrimoniumi, Klorur cetrimoniumi, Estere cetili, Parfum (Arom\u00eb), Betain\u00eb, Gjalp\u00eb shea (Butyrospermum Parkii), Acid citrik, Benzoat natriumi, Alkool izopropilik, Fosfat niseshteje hidroksipropilik, Acetat tokoferili, Ekstrakt i k\u00ebrcellit t\u00eb Opuntia Ficus-Indica, Fosfat dinatriumi, Salicilat benzilik, Citronelol, Hidroksicitronelal, Limonene, Linalool.<\/p>\n<div class=\"expander_title___5Kmz\"><strong>Si t\u00eb p\u00ebrdoren?<\/strong><\/div>\n<div class=\"expander_content__dB5dn\">\n<div class=\"expander_innerNoScroll__2BEp8\">\n<div class=\"richtext_richText__EPidn\">\n<p>Aplikojeni n\u00eb flok\u00eb t\u00eb sapolar\u00eb me shampo dhe t\u00eb thar\u00eb me peshqir. L\u00ebreni t\u00eb veproj\u00eb p\u00ebr 1 deri n\u00eb 3 minuta q\u00eb balsami t\u00eb b\u00ebj\u00eb pun\u00ebn e tij. Shp\u00eblajeni me kujdes.<\/p>\n<div class=\"tutorial_stepNumber__Y35Qb\"><strong>01 Hiqeni ngjit\u00ebsen nga qesja e mbushjes.<\/strong><\/div>\n<div>\n<div class=\"richtext_richText__EPidn tutorial_stepText__54DBm\">\n<p>Mund ta etiketoni p\u00ebrmbajtjen e shishes suaj t\u00eb rimbushshme me nj\u00eb ngjit\u00ebse praktike. Hiqeni but\u00ebsisht nga qesja e rimbushjes.<\/p>\n<\/div>\n<\/div>\n<div class=\"tutorial_stepNumber__Y35Qb\"><strong>02 Vendosni ngjit\u00ebsen n\u00eb shishen tuaj t\u00eb rimbushshme.<\/strong><\/div>\n<div>\n<div class=\"richtext_richText__EPidn tutorial_stepText__54DBm\">\n<p>Vendosni ngjit\u00ebsen n\u00eb kapakun e shishes s\u00eb rimbushshme n\u00eb m\u00ebnyr\u00eb q\u00eb t\u00eb shihni me nj\u00eb shikim se \u00e7far\u00eb p\u00ebrmban. Mbushni shishen dhe jeni gati.<\/p>\n<p><a href=\"https:\/\/keune.al\/wp-content\/uploads\/2025\/09\/Keune-So-Pure-care-lifestyle-1.webp\"><img fetchpriority=\"high\" decoding=\"async\" class=\"alignnone size-full wp-image-2224\" src=\"https:\/\/keune.al\/wp-content\/uploads\/2025\/09\/Keune-So-Pure-care-lifestyle-1.webp\" alt=\"\" width=\"1200\" height=\"906\" srcset=\"https:\/\/keune.al\/wp-content\/uploads\/2025\/09\/Keune-So-Pure-care-lifestyle-1.webp 1200w, https:\/\/keune.al\/wp-content\/uploads\/2025\/09\/Keune-So-Pure-care-lifestyle-1-300x227.webp 300w, https:\/\/keune.al\/wp-content\/uploads\/2025\/09\/Keune-So-Pure-care-lifestyle-1-1024x773.webp 1024w, https:\/\/keune.al\/wp-content\/uploads\/2025\/09\/Keune-So-Pure-care-lifestyle-1-768x580.webp 768w, https:\/\/keune.al\/wp-content\/uploads\/2025\/09\/Keune-So-Pure-care-lifestyle-1-16x12.webp 16w, https:\/\/keune.al\/wp-content\/uploads\/2025\/09\/Keune-So-Pure-care-lifestyle-1-600x453.webp 600w, https:\/\/keune.al\/wp-content\/uploads\/2025\/09\/Keune-So-Pure-care-lifestyle-1-1080x815.webp 1080w, https:\/\/keune.al\/wp-content\/uploads\/2025\/09\/Keune-So-Pure-care-lifestyle-1-64x48.webp 64w\" sizes=\"(max-width: 1200px) 100vw, 1200px\" \/><\/a><\/p>\n<\/div>\n<\/div>\n<\/div>\n<\/div>\n<\/div>\n<\/div>\n<\/div>\n<\/div>","protected":false},"excerpt":{"rendered":"<p>This bundle contains a So Pure Restore Conditioner 1000ml and a refillable bottle. So Pure Restore leaves hair looking healthier and hydrated. Rich, nourishing hydration for dry, damaged hair. Prickly pear extract helps to moisturize each strand from within. It keeps hair weightless. This bundle is also available in a 400ml version.<\/p>\n<p>Linja So Pure fitoi \u00c7mimin Holandez t\u00eb Bukuris\u00eb \"Dutch Beauty Award\" 2023-2024 n\u00eb kategorin\u00eb \"Kujdesi ekologjik p\u00ebr flokun\".<\/p>","protected":false},"featured_media":2226,"comment_status":"open","ping_status":"closed","template":"","meta":[],"product_brand":[],"product_cat":[193,98,92,134],"product_tag":[],"class_list":{"0":"post-2225","1":"product","2":"type-product","3":"status-publish","4":"has-post-thumbnail","6":"product_cat-conditioner-so-pure","7":"product_cat-conditioners","8":"product_cat-hair-care","9":"product_cat-so-pure","11":"first","12":"instock","13":"shipping-taxable","14":"purchasable","15":"product-type-simple"},"_links":{"self":[{"href":"https:\/\/keune.al\/sq\/wp-json\/wp\/v2\/product\/2225","targetHints":{"allow":["GET"]}}],"collection":[{"href":"https:\/\/keune.al\/sq\/wp-json\/wp\/v2\/product"}],"about":[{"href":"https:\/\/keune.al\/sq\/wp-json\/wp\/v2\/types\/product"}],"replies":[{"embeddable":true,"href":"https:\/\/keune.al\/sq\/wp-json\/wp\/v2\/comments?post=2225"}],"wp:featuredmedia":[{"embeddable":true,"href":"https:\/\/keune.al\/sq\/wp-json\/wp\/v2\/media\/2226"}],"wp:attachment":[{"href":"https:\/\/keune.al\/sq\/wp-json\/wp\/v2\/media?parent=2225"}],"wp:term":[{"taxonomy":"product_brand","embeddable":true,"href":"https:\/\/keune.al\/sq\/wp-json\/wp\/v2\/product_brand?post=2225"},{"taxonomy":"product_cat","embeddable":true,"href":"https:\/\/keune.al\/sq\/wp-json\/wp\/v2\/product_cat?post=2225"},{"taxonomy":"product_tag","embeddable":true,"href":"https:\/\/keune.al\/sq\/wp-json\/wp\/v2\/product_tag?post=2225"}],"curies":[{"name":"wp","href":"https:\/\/api.w.org\/{rel}","templated":true}]}}