{"id":2210,"date":"2025-11-20T12:30:20","date_gmt":"2025-11-20T12:30:20","guid":{"rendered":"https:\/\/keune.al\/?post_type=product&#038;p=2210"},"modified":"2025-11-20T12:31:14","modified_gmt":"2025-11-20T12:31:14","slug":"scalp-sensitive-conditioner-250ml","status":"publish","type":"product","link":"https:\/\/keune.al\/sq\/produkt\/scalp-sensitive-conditioner-250ml\/","title":{"rendered":"Balsam p\u00ebr l\u00ebkur\u00eb t\u00eb ndjeshme t\u00eb kok\u00ebs"},"content":{"rendered":"<div class=\"expander_title___5Kmz\"><strong>P\u00ebrb\u00ebr\u00ebsit<\/strong><\/div>\n<div class=\"expander_content__dB5dn\">\n<div class=\"expander_innerNoScroll__2BEp8\">\n<div class=\"richtext_richText__EPidn\">\n<p>Uj\u00eb (Uj\u00eb), Alkool Cetearil, Glicerin\u00eb, Miristat Izopropilik, Dimetilamin\u00eb Stearamidopropil, Klorur Cetrimoniumi, Klorur Behentrimoniumi, Acid Citrik, Trideceth-9, Pantenol, Inulin\u00eb, Benzoat Natriumi, Gjalp\u00eb Butyrospermum Parkii (Shea), Alkool Izopropilik, PEG-5 Izononanoat, Allantoin\u00eb, Polikuaternium-37, Dikaprilat\/Dikaprat\u00eb Propilen Glikol, Polikuaternium-10, Silikon Kuaternium-18, Dipropilen Glikol, PPG-1 Trideceth-6, Trideceth-12, Trideceth-6, Gom\u00eb Boswellia Serrata, Fenoksietanol<\/p>\n<div class=\"expander_title___5Kmz\"><strong>Si t\u00eb p\u00ebrdoren?<\/strong><\/div>\n<div class=\"expander_content__dB5dn\">\n<div class=\"expander_innerNoScroll__2BEp8\">\n<div class=\"richtext_richText__EPidn\">\n<p>Aplikoni n\u00eb flok\u00eb t\u00eb lar\u00eb me shampo e t\u00eb tamponuar me peshqir, l\u00ebreni t\u00eb veproj\u00eb p\u00ebr 1-3 minuta dhe m\u00eb pas shplajeni mir\u00eb.<\/p>\n<\/div>\n<\/div>\n<\/div>\n<\/div>\n<\/div>\n<\/div>","protected":false},"excerpt":{"rendered":"<p>Trajtoni flok\u00ebt dhe skalpin tuaj me prekjen m\u00eb t\u00eb but\u00eb duke p\u00ebrdorur Balsamin Qet\u00ebsues. I formuluar p\u00ebr l\u00ebkur\u00eb t\u00eb ndjeshme, t\u00eb prirur ndaj alergjive ose reaktive, ky balsam ultra i but\u00eb ofron hidratim t\u00eb leht\u00eb dhe leht\u00ebsim qet\u00ebsues pa acarim. Ai zbut dhe zb\u00ebrthen flok\u00ebt nd\u00ebrsa qet\u00ebson skalpin dhe p\u00ebrforcon barrier\u00ebn natyrore t\u00eb l\u00ebkur\u00ebs.<\/p>\n<p>Balsami p\u00ebr l\u00ebkur\u00ebn e kok\u00ebs \u00ebsht\u00eb versioni i p\u00ebrmir\u00ebsuar i balsami p\u00ebr l\u00ebkur\u00ebn e kok\u00ebs Derma Sensitive Conditioner.<\/p>","protected":false},"featured_media":1539,"comment_status":"open","ping_status":"closed","template":"","meta":[],"product_brand":[],"product_cat":[98,92],"product_tag":[],"class_list":{"0":"post-2210","1":"product","2":"type-product","3":"status-publish","4":"has-post-thumbnail","6":"product_cat-conditioners","7":"product_cat-hair-care","8":"pa_variant-250-ml","9":"pa_variant-1000ml","11":"first","12":"instock","13":"shipping-taxable","14":"purchasable","15":"product-type-variable","16":"has-default-attributes"},"_links":{"self":[{"href":"https:\/\/keune.al\/sq\/wp-json\/wp\/v2\/product\/2210","targetHints":{"allow":["GET"]}}],"collection":[{"href":"https:\/\/keune.al\/sq\/wp-json\/wp\/v2\/product"}],"about":[{"href":"https:\/\/keune.al\/sq\/wp-json\/wp\/v2\/types\/product"}],"replies":[{"embeddable":true,"href":"https:\/\/keune.al\/sq\/wp-json\/wp\/v2\/comments?post=2210"}],"wp:featuredmedia":[{"embeddable":true,"href":"https:\/\/keune.al\/sq\/wp-json\/wp\/v2\/media\/1539"}],"wp:attachment":[{"href":"https:\/\/keune.al\/sq\/wp-json\/wp\/v2\/media?parent=2210"}],"wp:term":[{"taxonomy":"product_brand","embeddable":true,"href":"https:\/\/keune.al\/sq\/wp-json\/wp\/v2\/product_brand?post=2210"},{"taxonomy":"product_cat","embeddable":true,"href":"https:\/\/keune.al\/sq\/wp-json\/wp\/v2\/product_cat?post=2210"},{"taxonomy":"product_tag","embeddable":true,"href":"https:\/\/keune.al\/sq\/wp-json\/wp\/v2\/product_tag?post=2210"}],"curies":[{"name":"wp","href":"https:\/\/api.w.org\/{rel}","templated":true}]}}