{"id":2201,"date":"2025-11-20T12:16:22","date_gmt":"2025-11-20T12:16:22","guid":{"rendered":"https:\/\/keune.al\/?post_type=product&#038;p=2201"},"modified":"2025-11-20T12:16:55","modified_gmt":"2025-11-20T12:16:55","slug":"color-brillianz-conditioner-1000ml","status":"publish","type":"product","link":"https:\/\/keune.al\/sq\/produkt\/color-brillianz-conditioner-1000ml\/","title":{"rendered":"Balsam p\u00ebr flok\u00eb Color Brillianz"},"content":{"rendered":"<div class=\"expander_title___5Kmz\"><strong>P\u00ebrb\u00ebr\u00ebsit<\/strong><\/div>\n<div class=\"expander_content__dB5dn\">\n<div class=\"expander_innerNoScroll__2BEp8\">\n<div class=\"richtext_richText__EPidn\">\n<p>Uj\u00eb (Uj\u00eb), Alkool Cetearil, Glicerin\u00eb, Klorur Behentrimoniumi, Miristat Izopropili, Propilen Glikol, Kuaternium-87, Behenamidopropil Dimetilamin\u00eb, Acid Citrik, Parfum (Arom\u00eb), Silikon Kuaternium-22, Alkool Izopropili, Benzoat Natriumi, Dipropilen Glikol, Gjalp\u00eb Butyrospermum Parkii (Shea), Klorur Guar Hidroksipropiltrimoniumi, Pantenol, Protein\u00eb Bimore e Hidrolizuar PG-Propil Silanetriol, Kaprat\u00eb Poligliceril-3, Betain\u00eb Kokamidopropil, Ekstrakt Farash Helianthus Annuus (Luledielli), Klorur Palmitamidopropiltrimoniumi, Ekstrakt Rhodophyceae i Hidrolizuar, Fenoksietanol, Butilen Glikol, Sorbat Kaliumi, Heksil Cinamal, Tetrametil Acetiloktahidronaftalene.<\/p>\n<div class=\"expander_title___5Kmz\"><strong>Si t\u00eb p\u00ebrdoren?<\/strong><\/div>\n<div class=\"expander_content__dB5dn\">\n<div class=\"expander_innerNoScroll__2BEp8\">\n<div class=\"richtext_richText__EPidn\">\n<p>Aplikoni n\u00eb flok\u00eb t\u00eb lar\u00eb me shampo e t\u00eb tamponuar me peshqir, l\u00ebreni t\u00eb veproj\u00eb p\u00ebr 1-3 minuta dhe m\u00eb pas shplajeni mir\u00eb.<\/p>\n<\/div>\n<\/div>\n<\/div>\n<\/div>\n<\/div>\n<\/div>","protected":false},"excerpt":{"rendered":"<p>Mbrojeni dhe p\u00ebrsosni flok\u00ebt tuaj t\u00eb lyer me Balsamin Anti-Fade Color Brillianz, i formuluar me ekspertiz\u00eb p\u00ebr t\u00eb hidratuar, zbutur dhe ruajtur gjall\u00ebrin\u00eb e ngjyr\u00ebs. Kjo formul\u00eb ushqyese dhe e sigurt p\u00ebr ngjyr\u00ebn ndihmon n\u00eb mbylljen e kutikul\u00ebs, zvog\u00eblimin e zbehjes dhe rritjen e shk\u00eblqimit, duke i l\u00ebn\u00eb flok\u00ebt tuaj t\u00eb but\u00eb si m\u00ebndafsh, t\u00eb shk\u00eblqyesh\u00ebm dhe plot jet\u00eb \u2014 pa kompromentuar ngjyr\u00ebn tuaj.<\/p>","protected":false},"featured_media":1071,"comment_status":"open","ping_status":"closed","template":"","meta":[],"product_brand":[],"product_cat":[98,92],"product_tag":[],"class_list":{"0":"post-2201","1":"product","2":"type-product","3":"status-publish","4":"has-post-thumbnail","6":"product_cat-conditioners","7":"product_cat-hair-care","8":"pa_variant-250ml","9":"pa_variant-80ml","10":"pa_variant-1000ml","12":"first","13":"instock","14":"shipping-taxable","15":"purchasable","16":"product-type-variable","17":"has-default-attributes"},"_links":{"self":[{"href":"https:\/\/keune.al\/sq\/wp-json\/wp\/v2\/product\/2201","targetHints":{"allow":["GET"]}}],"collection":[{"href":"https:\/\/keune.al\/sq\/wp-json\/wp\/v2\/product"}],"about":[{"href":"https:\/\/keune.al\/sq\/wp-json\/wp\/v2\/types\/product"}],"replies":[{"embeddable":true,"href":"https:\/\/keune.al\/sq\/wp-json\/wp\/v2\/comments?post=2201"}],"wp:featuredmedia":[{"embeddable":true,"href":"https:\/\/keune.al\/sq\/wp-json\/wp\/v2\/media\/1071"}],"wp:attachment":[{"href":"https:\/\/keune.al\/sq\/wp-json\/wp\/v2\/media?parent=2201"}],"wp:term":[{"taxonomy":"product_brand","embeddable":true,"href":"https:\/\/keune.al\/sq\/wp-json\/wp\/v2\/product_brand?post=2201"},{"taxonomy":"product_cat","embeddable":true,"href":"https:\/\/keune.al\/sq\/wp-json\/wp\/v2\/product_cat?post=2201"},{"taxonomy":"product_tag","embeddable":true,"href":"https:\/\/keune.al\/sq\/wp-json\/wp\/v2\/product_tag?post=2201"}],"curies":[{"name":"wp","href":"https:\/\/api.w.org\/{rel}","templated":true}]}}