{"id":2156,"date":"2025-11-20T09:40:49","date_gmt":"2025-11-20T09:40:49","guid":{"rendered":"https:\/\/keune.al\/?post_type=product&#038;p=2156"},"modified":"2025-11-20T10:09:21","modified_gmt":"2025-11-20T10:09:21","slug":"care-vital-nutrition-conditioner-1000ml","status":"publish","type":"product","link":"https:\/\/keune.al\/sq\/produkt\/care-vital-nutrition-conditioner-1000ml\/","title":{"rendered":"Care Vital Nutrition Balsam"},"content":{"rendered":"<div class=\"expander_title___5Kmz\"><strong>P\u00ebrb\u00ebr\u00ebsit<\/strong><\/div>\n<div class=\"expander_content__dB5dn\">\n<div class=\"expander_innerNoScroll__2BEp8\">\n<div class=\"richtext_richText__EPidn\">\n<p>Aqua (Water),\u00a0Cetearyl\u00a0Alcohol, Glycerin,\u00a0Behenamidopropyl Dimethylamine,\u00a0Cetrimonium\u00a0Chloride, Dioctyldodecyl\u00a0Dodecanedioate, Behentrimonium\u00a0Methosulfate, Citric Acid,\u00a0Butyrospermum\u00a0Parkii\u00a0(Shea) Butter, Cocos Nucifera (Coconut) Oil, Panthenol, PEG-60 Hydrogenated Castor Oil, Sodium Benzoate, Guar Hydroxypropyltrimonium\u00a0Chloride, Parfum (Fragrance),\u00a0Dipropylene\u00a0Glycol, Propylene Glycol, Ricinus Communis (Castor) Seed Oil, Helichrysum\u00a0Italicum Extract, Macadamia Integrifolia Seed Oil, Olea Europaea (Olive) Fruit Oil, Palmitic Acid, Ceramide NG, Cholesterol, Benzyl Alcohol, Linalool, Tetramethyl Acetyloctahydronaphthalenes, Vanillin.\u200b<\/p>\n<div class=\"expander_title___5Kmz\"><strong>Si t\u00eb p\u00ebrdoren?<\/strong><\/div>\n<div class=\"expander_content__dB5dn\">\n<div class=\"expander_innerNoScroll__2BEp8\">\n<div class=\"richtext_richText__EPidn\">\n<p>Aplikojeni pasi t\u00eb keni shp\u00eblar\u00eb shampon. L\u00ebreni t\u00eb veproj\u00eb p\u00ebr 1-3 minuta dhe m\u00eb pas shp\u00eblajeni me kujdes.<\/p>\n<\/div>\n<\/div>\n<\/div>\n<\/div>\n<\/div>\n<\/div>","protected":false},"excerpt":{"rendered":"<div class=\"richtext_richText__EPidn productInfo_productDescription__IBA5t\">\n<p>Infuse your hair with the rich, restorative care of Vital Nutrition Nourishing Conditioner, designed to deeply hydrate, smooth, and strengthen dry strands. Moisture-boosting ingredients detangles effortlessly while restoring softness, shine, and manageability \u2014 leaving hair visibly healthier and touchably soft.\u200b<\/p>\n<\/div>","protected":false},"featured_media":1440,"comment_status":"open","ping_status":"closed","template":"","meta":[],"product_brand":[],"product_cat":[127,130,122,152,114,98,92,129,131,121],"product_tag":[],"class_list":{"0":"post-2156","1":"product","2":"type-product","3":"status-publish","4":"has-post-thumbnail","6":"product_cat-bouncy-curls","7":"product_cat-collection","8":"product_cat-color-protection","9":"product_cat-conditioner","10":"product_cat-conditioner-men","11":"product_cat-conditioners","12":"product_cat-hair-care","13":"product_cat-hydration","14":"product_cat-keune-care","15":"product_cat-result","16":"pa_variant-250ml","17":"pa_variant-80ml","18":"pa_variant-1000ml","20":"first","21":"instock","22":"shipping-taxable","23":"purchasable","24":"product-type-variable","25":"has-default-attributes"},"_links":{"self":[{"href":"https:\/\/keune.al\/sq\/wp-json\/wp\/v2\/product\/2156","targetHints":{"allow":["GET"]}}],"collection":[{"href":"https:\/\/keune.al\/sq\/wp-json\/wp\/v2\/product"}],"about":[{"href":"https:\/\/keune.al\/sq\/wp-json\/wp\/v2\/types\/product"}],"replies":[{"embeddable":true,"href":"https:\/\/keune.al\/sq\/wp-json\/wp\/v2\/comments?post=2156"}],"wp:featuredmedia":[{"embeddable":true,"href":"https:\/\/keune.al\/sq\/wp-json\/wp\/v2\/media\/1440"}],"wp:attachment":[{"href":"https:\/\/keune.al\/sq\/wp-json\/wp\/v2\/media?parent=2156"}],"wp:term":[{"taxonomy":"product_brand","embeddable":true,"href":"https:\/\/keune.al\/sq\/wp-json\/wp\/v2\/product_brand?post=2156"},{"taxonomy":"product_cat","embeddable":true,"href":"https:\/\/keune.al\/sq\/wp-json\/wp\/v2\/product_cat?post=2156"},{"taxonomy":"product_tag","embeddable":true,"href":"https:\/\/keune.al\/sq\/wp-json\/wp\/v2\/product_tag?post=2156"}],"curies":[{"name":"wp","href":"https:\/\/api.w.org\/{rel}","templated":true}]}}