{"id":2112,"date":"2025-11-20T07:39:05","date_gmt":"2025-11-20T07:39:05","guid":{"rendered":"https:\/\/keune.al\/?post_type=product&#038;p=2112"},"modified":"2025-11-22T20:49:28","modified_gmt":"2025-11-22T20:49:28","slug":"1922-by-j-m-keune-essential-shampoo-1000ml","status":"publish","type":"product","link":"https:\/\/keune.al\/sq\/produkt\/1922-by-j-m-keune-essential-shampoo-1000ml\/","title":{"rendered":"1922 By J.M. Keune Essential Shampo"},"content":{"rendered":"<div class=\"expander_title___5Kmz\"><strong>P\u00ebrb\u00ebr\u00ebsit<\/strong><\/div>\n<div class=\"expander_content__dB5dn\">\n<div class=\"expander_innerNoScroll__2BEp8\">\n<div class=\"richtext_richText__EPidn\">\n<p>Uj\u00eb (Uj\u00eb), Sodium Laureth Sulfate, Cocamidopropyl Betaine, Klorur Natriumi, Vaj Ricini i Hidrogjenizuar PEG-40, Parfum (Arom\u00eb), Glyceryl Laurate, PEG-200 Hidrogjenizuar Glyceryl Palmate, Hydroxypropyltrimonium Inulin, Natrium Benzoate, Dipropylene Glycol, Cetrimonium Chloride, Acid Citrik, PEG-7 Glyceryl Cocoate, Kreatin\u00eb, Metil Gluceth-10, Polikuaternium-7, Propilen Glycol, Sorbitol, Trietil Citrat, Ekstrakt i Filizit Bambusa Vulgaris, Ekstrakt i Gjethit Dryopteris Filix-Mas, Fenoksietanol, Etilheksilglicerin\u00eb, Linalool.<\/p>\n<div class=\"expander_title___5Kmz\"><strong>Si t\u00eb p\u00ebrdoren?<\/strong><\/div>\n<div class=\"expander_content__dB5dn\">\n<div class=\"expander_innerNoScroll__2BEp8\">\n<div class=\"richtext_richText__EPidn\">\n<p>Masazhojeni n\u00eb flok\u00eb, skalp dhe l\u00ebkur\u00eb. Shp\u00eblajeni. P\u00ebrs\u00ebriteni n\u00ebse \u00ebsht\u00eb e nevojshme.<\/p>\n<\/div>\n<\/div>\n<\/div>\n<\/div>\n<\/div>\n<\/div>","protected":false},"excerpt":{"rendered":"<p>Stili i flok\u00ebve p\u00ebr meshkuj varet nga flok\u00ebt e sh\u00ebndetsh\u00ebm - dhe t\u00eb mos harrojm\u00eb skalpin e kok\u00ebs, nga vjen gjith\u00eb ai flok\u00eb fantastik. Essential Shampoo \u00ebsht\u00eb gjith\u00e7ka n\u00eb nj\u00eb. Nj\u00eb shampo, sapun p\u00ebr mjek\u00ebr dhe sapun trupi. P\u00ebr t\u00eb forcuar, trashur dhe ushqyer flok\u00ebt me l\u00ebnd\u00ebt ushqyese q\u00eb u nevojiten p\u00ebr t\u00eb lul\u00ebzuar, ne kemi p\u00ebrzier kreatin\u00eb dhe bambu. \u00cbsht\u00eb shampoja perfekte e p\u00ebrditshme p\u00ebr flok\u00eb dhe skalp t\u00eb that\u00eb.<\/p>","protected":false},"featured_media":636,"comment_status":"open","ping_status":"closed","template":"","meta":[],"product_brand":[],"product_cat":[92,161,183,93],"product_tag":[],"class_list":{"0":"post-2112","1":"product","2":"type-product","3":"status-publish","4":"has-post-thumbnail","6":"product_cat-hair-care","7":"product_cat-men","8":"product_cat-shampoo-men-2","9":"product_cat-shampoo-care","11":"first","12":"instock","13":"shipping-taxable","14":"purchasable","15":"product-type-variable","16":"has-default-attributes"},"_links":{"self":[{"href":"https:\/\/keune.al\/sq\/wp-json\/wp\/v2\/product\/2112","targetHints":{"allow":["GET"]}}],"collection":[{"href":"https:\/\/keune.al\/sq\/wp-json\/wp\/v2\/product"}],"about":[{"href":"https:\/\/keune.al\/sq\/wp-json\/wp\/v2\/types\/product"}],"replies":[{"embeddable":true,"href":"https:\/\/keune.al\/sq\/wp-json\/wp\/v2\/comments?post=2112"}],"wp:featuredmedia":[{"embeddable":true,"href":"https:\/\/keune.al\/sq\/wp-json\/wp\/v2\/media\/636"}],"wp:attachment":[{"href":"https:\/\/keune.al\/sq\/wp-json\/wp\/v2\/media?parent=2112"}],"wp:term":[{"taxonomy":"product_brand","embeddable":true,"href":"https:\/\/keune.al\/sq\/wp-json\/wp\/v2\/product_brand?post=2112"},{"taxonomy":"product_cat","embeddable":true,"href":"https:\/\/keune.al\/sq\/wp-json\/wp\/v2\/product_cat?post=2112"},{"taxonomy":"product_tag","embeddable":true,"href":"https:\/\/keune.al\/sq\/wp-json\/wp\/v2\/product_tag?post=2112"}],"curies":[{"name":"wp","href":"https:\/\/api.w.org\/{rel}","templated":true}]}}