{"id":2104,"date":"2025-11-19T15:38:03","date_gmt":"2025-11-19T15:38:03","guid":{"rendered":"https:\/\/keune.al\/?post_type=product&#038;p=2104"},"modified":"2025-11-19T15:38:45","modified_gmt":"2025-11-19T15:38:45","slug":"shampo-per-vellim-absolut-1000-ml","status":"publish","type":"product","link":"https:\/\/keune.al\/sq\/produkt\/shampo-per-vellim-absolut-1000-ml\/","title":{"rendered":"Absolute Volume Shampo"},"content":{"rendered":"<div class=\"expander_title___5Kmz\"><strong>P\u00ebrb\u00ebr\u00ebsit<\/strong><\/div>\n<div class=\"expander_content__dB5dn\">\n<div class=\"expander_innerNoScroll__2BEp8\">\n<div class=\"richtext_richText__EPidn\">\n<p>Uj\u00eb (Uj\u00eb), Sodium Laureth Sulfate, Cocamidopropyl Betaine, Kaolin\u00eb, Klorur Natriumi, Bentonit, Cocoyl Glutamate Natriumi, PEG-200 Palmat Gliceril i Hidrogjenizuar, Vaj Ricini i Hidrogjenizuar PEG-40, Pantenol, Parfum (Arom\u00eb), Acid Citrik, Benzoat Natriumi, PEG-7 Gliceryl Cocoate, Hidroksipropil Guar, Dipropilen Glikol, Laurat Gliceril, Acid Salicilik, Protein\u00eb Orizi e Hidrolizuar, Propilen Glikol, Silikon Kuaternium-18, Kalium Laureth-4 Karboksilat, Glicerin\u00eb, Trideceth-12, Trideceth-6, Butilen Glikol, Fenoksietanol, Ekstrakt Luleje Lilium Candidum<\/p>\n<div class=\"expander_title___5Kmz\"><strong>Si t\u00eb p\u00ebrdoren?<\/strong><\/div>\n<div class=\"expander_content__dB5dn\">\n<div class=\"expander_innerNoScroll__2BEp8\">\n<div class=\"richtext_richText__EPidn\">\n<p>Aplikoni n\u00eb flok\u00eb t\u00eb lagur, shkum\u00ebzoni dhe shplajeni. P\u00ebrs\u00ebriteni n\u00ebse \u00ebsht\u00eb e nevojshme.<\/p>\n<\/div>\n<\/div>\n<\/div>\n<\/div>\n<\/div>\n<\/div>","protected":false},"excerpt":{"rendered":"<p>P\u00ebrmir\u00ebsoni stilin tuaj me shampo Absolute Volume Amplifying Shampo e cila pastron n\u00eb m\u00ebnyr\u00eb efektive - duke hequr mbetjet e papast\u00ebrtive p\u00ebr t'i dh\u00ebn\u00eb flokut volum, p\u00ebr nj\u00eb ndjesi t\u00eb leht\u00eb dhe volum t\u00eb madh.<\/p>","protected":false},"featured_media":615,"comment_status":"open","ping_status":"closed","template":"","meta":[],"product_brand":[],"product_cat":[92,93],"product_tag":[],"class_list":{"0":"post-2104","1":"product","2":"type-product","3":"status-publish","4":"has-post-thumbnail","6":"product_cat-hair-care","7":"product_cat-shampoo-care","8":"pa_variant-300ml","9":"pa_variant-1000ml","11":"first","12":"instock","13":"shipping-taxable","14":"purchasable","15":"product-type-variable","16":"has-default-attributes"},"_links":{"self":[{"href":"https:\/\/keune.al\/sq\/wp-json\/wp\/v2\/product\/2104","targetHints":{"allow":["GET"]}}],"collection":[{"href":"https:\/\/keune.al\/sq\/wp-json\/wp\/v2\/product"}],"about":[{"href":"https:\/\/keune.al\/sq\/wp-json\/wp\/v2\/types\/product"}],"replies":[{"embeddable":true,"href":"https:\/\/keune.al\/sq\/wp-json\/wp\/v2\/comments?post=2104"}],"wp:featuredmedia":[{"embeddable":true,"href":"https:\/\/keune.al\/sq\/wp-json\/wp\/v2\/media\/615"}],"wp:attachment":[{"href":"https:\/\/keune.al\/sq\/wp-json\/wp\/v2\/media?parent=2104"}],"wp:term":[{"taxonomy":"product_brand","embeddable":true,"href":"https:\/\/keune.al\/sq\/wp-json\/wp\/v2\/product_brand?post=2104"},{"taxonomy":"product_cat","embeddable":true,"href":"https:\/\/keune.al\/sq\/wp-json\/wp\/v2\/product_cat?post=2104"},{"taxonomy":"product_tag","embeddable":true,"href":"https:\/\/keune.al\/sq\/wp-json\/wp\/v2\/product_tag?post=2104"}],"curies":[{"name":"wp","href":"https:\/\/api.w.org\/{rel}","templated":true}]}}