{"id":2099,"date":"2025-11-19T15:31:35","date_gmt":"2025-11-19T15:31:35","guid":{"rendered":"https:\/\/keune.al\/?post_type=product&#038;p=2099"},"modified":"2025-11-19T15:32:04","modified_gmt":"2025-11-19T15:32:04","slug":"shampo-shpetuese-bjonde-1000-ml","status":"publish","type":"product","link":"https:\/\/keune.al\/sq\/produkt\/shampo-shpetuese-bjonde-1000-ml\/","title":{"rendered":"Blonde Savior Shampo"},"content":{"rendered":"<div class=\"expander_title___5Kmz\"><strong>P\u00ebrb\u00ebr\u00ebsit<\/strong><\/div>\n<div class=\"expander_content__dB5dn\">\n<div class=\"expander_innerNoScroll__2BEp8\">\n<div class=\"richtext_richText__EPidn\">\n<p>Uj\u00eb (Aqua), Sodium Laureth Sulfate, Coco-Glucoside, Cocamidopropyl Betaine, Disodium Cocoamphodiacetat, Glycol Distearat, PEG-40 Hidrogjenizuar Vaj Ricini, Klorur Natriumi, Parfum (Arom\u00eb), PEG-200 Hidrogjenizuar Glyceryl Palmate, Benzoat Natriumi, Glyceryl Oleate, Polikuaternium-10, Glicerin\u00eb, Acid Citrik, Glyceryl Laurate, PEG-7 Glyceryl Cocoate, Polikuaternium-7, Natrium Poliitakonat, Citrat Natriumi, Kreatin\u00eb, Acid Glikolik, Ekstrakt Fruti Sapindus Mukorossi, Perl\u00eb e Hidrolizuar, Maris Sal (Krip\u00eb Deti), Fenoksietanol.<\/p>\n<div class=\"expander_title___5Kmz\"><strong>Si t\u00eb p\u00ebrdoren?<\/strong><\/div>\n<div class=\"expander_content__dB5dn\">\n<div class=\"expander_innerNoScroll__2BEp8\">\n<div class=\"richtext_richText__EPidn\">\n<p>Aplikoni n\u00eb flok\u00eb t\u00eb lagur, shkum\u00ebzoni dhe shplajeni. P\u00ebrs\u00ebriteni n\u00ebse \u00ebsht\u00eb e nevojshme.<\/p>\n<\/div>\n<\/div>\n<\/div>\n<\/div>\n<\/div>\n<\/div>","protected":false},"excerpt":{"rendered":"<p>Nxirrni n\u00eb pah m\u00eb t\u00eb mir\u00ebn e flokut tuaj bjond me Blonde Savior Brightening Shampo, e formuluar p\u00ebr t\u00eb pastruar but\u00ebsisht, duke rritur shk\u00eblqimin dhe gjall\u00ebrin\u00eb e flokut bjond. Perfekte p\u00ebr flok\u00eb bjond natyral, t\u00eb dekoloruar ose t\u00eb \u00e7elur me boj\u00eb, kjo shampo ndihmon n\u00eb largimin e mbetjeve t\u00eb zbehta dhe rrit reflektimin e drit\u00ebs.<\/p>","protected":false},"featured_media":609,"comment_status":"open","ping_status":"closed","template":"","meta":[],"product_brand":[],"product_cat":[122,92,19,131,121,151,93],"product_tag":[],"class_list":{"0":"post-2099","1":"product","2":"type-product","3":"status-publish","4":"has-post-thumbnail","6":"product_cat-color-protection","7":"product_cat-hair-care","8":"product_cat-hair-styling","9":"product_cat-keune-care","10":"product_cat-result","11":"product_cat-shampoo","12":"product_cat-shampoo-care","13":"pa_variant-300ml","14":"pa_variant-1000ml","16":"first","17":"instock","18":"shipping-taxable","19":"purchasable","20":"product-type-variable","21":"has-default-attributes"},"_links":{"self":[{"href":"https:\/\/keune.al\/sq\/wp-json\/wp\/v2\/product\/2099","targetHints":{"allow":["GET"]}}],"collection":[{"href":"https:\/\/keune.al\/sq\/wp-json\/wp\/v2\/product"}],"about":[{"href":"https:\/\/keune.al\/sq\/wp-json\/wp\/v2\/types\/product"}],"replies":[{"embeddable":true,"href":"https:\/\/keune.al\/sq\/wp-json\/wp\/v2\/comments?post=2099"}],"wp:featuredmedia":[{"embeddable":true,"href":"https:\/\/keune.al\/sq\/wp-json\/wp\/v2\/media\/609"}],"wp:attachment":[{"href":"https:\/\/keune.al\/sq\/wp-json\/wp\/v2\/media?parent=2099"}],"wp:term":[{"taxonomy":"product_brand","embeddable":true,"href":"https:\/\/keune.al\/sq\/wp-json\/wp\/v2\/product_brand?post=2099"},{"taxonomy":"product_cat","embeddable":true,"href":"https:\/\/keune.al\/sq\/wp-json\/wp\/v2\/product_cat?post=2099"},{"taxonomy":"product_tag","embeddable":true,"href":"https:\/\/keune.al\/sq\/wp-json\/wp\/v2\/product_tag?post=2099"}],"curies":[{"name":"wp","href":"https:\/\/api.w.org\/{rel}","templated":true}]}}