{"id":2080,"date":"2025-11-19T13:58:36","date_gmt":"2025-11-19T13:58:36","guid":{"rendered":"https:\/\/keune.al\/?post_type=product&#038;p=2080"},"modified":"2025-11-20T10:15:31","modified_gmt":"2025-11-20T10:15:31","slug":"shampo-pa-sulfate-per-kujdesin-e-ngjyrave-brillianz","status":"publish","type":"product","link":"https:\/\/keune.al\/sq\/produkt\/shampo-pa-sulfate-per-kujdesin-e-ngjyrave-brillianz\/","title":{"rendered":"Color Brillianz - Shampo Pa Sulfat"},"content":{"rendered":"<div class=\"expander_title___5Kmz\"><strong>P\u00ebrb\u00ebr\u00ebsit<\/strong><\/div>\n<div class=\"expander_content__dB5dn\">\n<div class=\"expander_innerNoScroll__2BEp8\">\n<div class=\"richtext_richText__EPidn\">\n<p>Uj\u00eb (Uj\u00eb), Lauroil Metil Isetionat Natriumi, Betain\u00eb Kokamidopropili, Isetionat Kokoil Natriumi, Glutamat Kokoil Natriumi, Distearat Glikol, Klorur Natriumi, Fenoksietanol, PEG-200 Palmat Gliceril i Hidrogjenizuar, Behenamidopropil Dimetilamin\u00eb, Parfum (Arom\u00eb), Benzoat Natriumi, Laurat Gliceril, Vaj Ricini i Hidrogjenizuar PEG-40, Kokoat Gliceril PEG-7, Polikuaternium-10, Hidroksietilceluloz\u00eb, Propilen Glikol, Dipropilen Glikol, Acid Salicilik, Polikuaternium-7, Silikon Kuaternium-22, Acid Citrik, Etilheksilglicerin\u00eb, Dioleat Metil Glukoze PEG-120, Butilen Glikol, Kaprat\u00eb Poligliceril-3, Ekstrakt i Hidrolizuar i Rhodophyceae, Klorur Palmitamidopropiltrimonium, Ekstrakt i Far\u00ebs Helianthus Annuus (Luledielli), Heksil Cinnamal, Tetrametil Acetiloktahidronaftalene.<\/p>\n<div class=\"expander_title___5Kmz\"><strong>Si t\u00eb p\u00ebrdoren?<\/strong><\/div>\n<div class=\"expander_content__dB5dn\">\n<div class=\"expander_innerNoScroll__2BEp8\">\n<div class=\"richtext_richText__EPidn\">\n<p>Aplikoni n\u00eb flok\u00eb t\u00eb lagur, shkum\u00ebzoni dhe shplajeni. P\u00ebrs\u00ebriteni n\u00ebse \u00ebsht\u00eb e nevojshme.<\/p>\n<\/div>\n<\/div>\n<\/div>\n<\/div>\n<\/div>\n<\/div>","protected":false},"excerpt":{"rendered":"<p>Mbani ngjyr\u00ebn e flokut tuaj t\u00eb fresk\u00ebt dhe t\u00eb shk\u00eblqyeshme me k\u00ebt\u00eb version pa sulfate t\u00eb shampos kund\u00ebr zbehjes s\u00eb ngjyr\u00ebs Color Brillianz Anti-Fade shampo, t\u00eb pasuruar me p\u00ebrb\u00ebr\u00ebs q\u00eb bllokojn\u00eb ngjyr\u00ebn, dhe antioksidant\u00eb, kjo formul\u00eb pa sulfate ndihmon n\u00eb parandalimin e zbehjes, rrit shk\u00eblqimin dhe mbron nga stresor\u00ebt mjedisor\u00eb - n\u00eb m\u00ebnyr\u00eb q\u00eb ngjyra juaj t\u00eb mbetet e theksuar dhe e bukur, larje pas larjeje.<\/p>","protected":false},"featured_media":553,"comment_status":"open","ping_status":"closed","template":"","meta":[],"product_brand":[],"product_cat":[130,122,92,129,131,133,121,151,93,104],"product_tag":[],"class_list":{"0":"post-2080","1":"product","2":"type-product","3":"status-publish","4":"has-post-thumbnail","6":"product_cat-collection","7":"product_cat-color-protection","8":"product_cat-hair-care","9":"product_cat-hydration","10":"product_cat-keune-care","11":"product_cat-keune-color","12":"product_cat-result","13":"product_cat-shampoo","14":"product_cat-shampoo-care","15":"product_cat-shampoo-men","16":"pa_variant-300ml","17":"pa_variant-1000ml","19":"first","20":"instock","21":"shipping-taxable","22":"purchasable","23":"product-type-variable","24":"has-default-attributes"},"_links":{"self":[{"href":"https:\/\/keune.al\/sq\/wp-json\/wp\/v2\/product\/2080","targetHints":{"allow":["GET"]}}],"collection":[{"href":"https:\/\/keune.al\/sq\/wp-json\/wp\/v2\/product"}],"about":[{"href":"https:\/\/keune.al\/sq\/wp-json\/wp\/v2\/types\/product"}],"replies":[{"embeddable":true,"href":"https:\/\/keune.al\/sq\/wp-json\/wp\/v2\/comments?post=2080"}],"wp:featuredmedia":[{"embeddable":true,"href":"https:\/\/keune.al\/sq\/wp-json\/wp\/v2\/media\/553"}],"wp:attachment":[{"href":"https:\/\/keune.al\/sq\/wp-json\/wp\/v2\/media?parent=2080"}],"wp:term":[{"taxonomy":"product_brand","embeddable":true,"href":"https:\/\/keune.al\/sq\/wp-json\/wp\/v2\/product_brand?post=2080"},{"taxonomy":"product_cat","embeddable":true,"href":"https:\/\/keune.al\/sq\/wp-json\/wp\/v2\/product_cat?post=2080"},{"taxonomy":"product_tag","embeddable":true,"href":"https:\/\/keune.al\/sq\/wp-json\/wp\/v2\/product_tag?post=2080"}],"curies":[{"name":"wp","href":"https:\/\/api.w.org\/{rel}","templated":true}]}}