{"id":2025,"date":"2025-11-19T07:10:14","date_gmt":"2025-11-19T07:10:14","guid":{"rendered":"https:\/\/keune.al\/?post_type=product&#038;p=2025"},"modified":"2025-11-20T08:49:46","modified_gmt":"2025-11-20T08:49:46","slug":"shampo-kadifeje-e-bute-2","status":"publish","type":"product","link":"https:\/\/keune.al\/sq\/produkt\/shampo-kadifeje-e-bute-2\/","title":{"rendered":"Velvet Smooth Shampo"},"content":{"rendered":"<div class=\"expander_title___5Kmz\"><strong>P\u00ebrb\u00ebr\u00ebsit<\/strong><\/div>\n<div class=\"expander_content__dB5dn\">\n<div class=\"expander_innerNoScroll__2BEp8\">\n<div class=\"richtext_richText__EPidn\">\n<p>Uj\u00eb (Uj\u00eb), Sodium Laureth Sulfate, Cocamidopropyl Betaine, Coco-Glucoside, PEG-200 Hydrogenated Glyceryl Palmate, Glyceryl Oleate, Glyceryl Laurate, Glycol Distearat, Parfum (Arom\u00eb), PEG-40 Hydrogenated Cstory Vaj, Klorur Natriumi, Benzoat Natriumi, Pantenol, Polikuaternium-10, Metoksi PEG\/PPG-7\/3Aminopropyl Dimetikon, PEG-7 Glyceryl Cocoate, Silicon Quaternium-22, Acid Citrik, Dipropilen Glikol, Glicerin\u00eb, Protein\u00eb Bimore e Hidrolizuar, Propilen Glikol, Poligliceril-3 Kaprate, C10-40 Isoalkylamidopropylethyldimonium Etosulfate, Palmitamidopropyltrimonium Chloride, Ekstrakt Lule Spathodea Campanulata, Sorbat Kaliumi, Acid Sorbik, Alfa-Izometil Ionon, Vaj L\u00ebkure Agrume, Heksil Cinnamal, Limonene, Linalool, Acetat Linalil, Tetrametil Acetiloktahidronaftalene.<\/p>\n<div class=\"expander_title___5Kmz\"><strong>Si t\u00eb p\u00ebrdoren?<\/strong><\/div>\n<div class=\"expander_content__dB5dn\">\n<div class=\"expander_innerNoScroll__2BEp8\">\n<div class=\"richtext_richText__EPidn\">\n<p>Aplikoni n\u00eb flok\u00eb t\u00eb lagur, shkum\u00ebzoni dhe shplajeni. P\u00ebrs\u00ebriteni n\u00ebse \u00ebsht\u00eb e nevojshme.<\/p>\n<\/div>\n<\/div>\n<\/div>\n<\/div>\n<\/div>\n<\/div>","protected":false},"excerpt":{"rendered":"<p>Zgjidhja p\u00ebrfundimtare p\u00ebr flok\u00eb pa elektrizim, t\u00eb l\u00ebmuar dhe rezistent\u00eb ndaj lag\u00ebshtir\u00ebs, \u200b\u200bshampo Velvet Smooth Anti-frizz \u00ebsht\u00eb bio-dizenjuar p\u00ebr t\u00eb pastruar flokun nd\u00ebrsa zbut dhe l\u00ebmon kutikul\u00ebn.<\/p>\n<p>Shampoja Velvet Smooth \u00ebsht\u00eb versioni i p\u00ebrmir\u00ebsuar i Shampos Keratin Smooth.<\/p>","protected":false},"featured_media":2029,"comment_status":"open","ping_status":"closed","template":"","meta":[],"product_brand":[],"product_cat":[92,93],"product_tag":[],"class_list":{"0":"post-2025","1":"product","2":"type-product","3":"status-publish","4":"has-post-thumbnail","6":"product_cat-hair-care","7":"product_cat-shampoo-care","8":"pa_variant-80ml","9":"pa_variant-300ml","10":"pa_variant-1000ml","12":"first","13":"instock","14":"shipping-taxable","15":"purchasable","16":"product-type-variable","17":"has-default-attributes"},"_links":{"self":[{"href":"https:\/\/keune.al\/sq\/wp-json\/wp\/v2\/product\/2025","targetHints":{"allow":["GET"]}}],"collection":[{"href":"https:\/\/keune.al\/sq\/wp-json\/wp\/v2\/product"}],"about":[{"href":"https:\/\/keune.al\/sq\/wp-json\/wp\/v2\/types\/product"}],"replies":[{"embeddable":true,"href":"https:\/\/keune.al\/sq\/wp-json\/wp\/v2\/comments?post=2025"}],"wp:featuredmedia":[{"embeddable":true,"href":"https:\/\/keune.al\/sq\/wp-json\/wp\/v2\/media\/2029"}],"wp:attachment":[{"href":"https:\/\/keune.al\/sq\/wp-json\/wp\/v2\/media?parent=2025"}],"wp:term":[{"taxonomy":"product_brand","embeddable":true,"href":"https:\/\/keune.al\/sq\/wp-json\/wp\/v2\/product_brand?post=2025"},{"taxonomy":"product_cat","embeddable":true,"href":"https:\/\/keune.al\/sq\/wp-json\/wp\/v2\/product_cat?post=2025"},{"taxonomy":"product_tag","embeddable":true,"href":"https:\/\/keune.al\/sq\/wp-json\/wp\/v2\/product_tag?post=2025"}],"curies":[{"name":"wp","href":"https:\/\/api.w.org\/{rel}","templated":true}]}}