{"id":2016,"date":"2025-11-19T06:52:38","date_gmt":"2025-11-19T06:52:38","guid":{"rendered":"https:\/\/keune.al\/?post_type=product&#038;p=2016"},"modified":"2025-11-20T10:12:21","modified_gmt":"2025-11-20T10:12:21","slug":"shampo-me-shkelqim-rrezatues-100-ml","status":"publish","type":"product","link":"https:\/\/keune.al\/sq\/produkt\/shampo-me-shkelqim-rrezatues-100-ml\/","title":{"rendered":"Radiant Gloss Shampo"},"content":{"rendered":"<div class=\"expander_title___5Kmz\"><strong>P\u00ebrb\u00ebr\u00ebsit<\/strong><\/div>\n<div class=\"expander_content__dB5dn\">\n<div class=\"expander_innerNoScroll__2BEp8\">\n<div class=\"richtext_richText__EPidn\">\n<p>Uj\u00eb (Uj\u00eb), Sodium Laureth Sulfate, Cocamidopropyl Betaine, Coco-Glucoside, Glicerin\u00eb, Decil Glukozid, Propilen Glikol, Glikol Distearat, Vaj Ricini i Hidrogjenizuar PEG-40, Gliceril Laurat, Acid Citrik, Cetrimonium Chloride, Clatrinium Chloride, Benzoat Natriumi, Parfum (Arom\u00eb), Gliceril Oleate, Polyquaternium-10, Panthenol, Laureth-2, Polyquaternium-7, Triolein, Dipropilen Glikol, Silikon Quaternium-18, Ekstrakt Farash Helianthus Annuus (Luledielli), Protein\u00eb Orizi e Hidrolizuar, Trideceth-12, Trideceth-6, Fenoksietanol, Vaj Farash Adansonia Digitata, Ekstrakt Lule Dendrobium Phalaenopsis, Tokoferol, Vaj L\u00ebkure Citrus Limon (Limoni), Heksil Cinnamal, Limonene, Linalool, Tetrametil Acetiloktahidronaftalene.<\/p>\n<div class=\"expander_title___5Kmz\"><strong>Si t\u00eb p\u00ebrdoren?<\/strong><\/div>\n<div class=\"expander_content__dB5dn\">\n<div class=\"expander_innerNoScroll__2BEp8\">\n<div class=\"richtext_richText__EPidn\">\n<p>Aplikoni n\u00eb flok\u00eb t\u00eb lagur, shkum\u00ebzoni dhe shplajeni mir\u00eb. P\u00ebrs\u00ebriteni n\u00ebse \u00ebsht\u00eb e nevojshme.<\/p>\n<\/div>\n<\/div>\n<\/div>\n<\/div>\n<\/div>\n<\/div>","protected":false},"excerpt":{"rendered":"<p>P\u00ebrjetoni shk\u00eblqim si kurr\u00eb m\u00eb par\u00eb me shampon ton\u00eb ndri\u00e7ues Radiant Gloss. E projektuar p\u00ebr t\u00eb pastruar but\u00ebsisht duke rritur shk\u00eblqimin natyror t\u00eb flok\u00ebve tuaj, kjo formul\u00eb luksoze largon papast\u00ebrtit\u00eb, zbut kutikul\u00ebn e flok\u00ebve dhe rikthen shk\u00eblqimin p\u00ebr nj\u00eb shk\u00eblqim si pasqyr\u00eb.<\/p>\n<p>Shampoja Radiant Gloss \u00ebsht\u00eb versioni i p\u00ebrmir\u00ebsuar i shamponit me vaj saten.<\/p>","protected":false},"featured_media":2019,"comment_status":"open","ping_status":"closed","template":"","meta":[],"product_brand":[],"product_cat":[127,130,122,123,92,129,131,121,151,93,104],"product_tag":[],"class_list":{"0":"post-2016","1":"product","2":"type-product","3":"status-publish","4":"has-post-thumbnail","6":"product_cat-bouncy-curls","7":"product_cat-collection","8":"product_cat-color-protection","9":"product_cat-cool-blonde-and-silver-tones","10":"product_cat-hair-care","11":"product_cat-hydration","12":"product_cat-keune-care","13":"product_cat-result","14":"product_cat-shampoo","15":"product_cat-shampoo-care","16":"product_cat-shampoo-men","17":"pa_variant-300ml","18":"pa_variant-1000ml","20":"first","21":"instock","22":"shipping-taxable","23":"purchasable","24":"product-type-variable","25":"has-default-attributes"},"_links":{"self":[{"href":"https:\/\/keune.al\/sq\/wp-json\/wp\/v2\/product\/2016","targetHints":{"allow":["GET"]}}],"collection":[{"href":"https:\/\/keune.al\/sq\/wp-json\/wp\/v2\/product"}],"about":[{"href":"https:\/\/keune.al\/sq\/wp-json\/wp\/v2\/types\/product"}],"replies":[{"embeddable":true,"href":"https:\/\/keune.al\/sq\/wp-json\/wp\/v2\/comments?post=2016"}],"wp:featuredmedia":[{"embeddable":true,"href":"https:\/\/keune.al\/sq\/wp-json\/wp\/v2\/media\/2019"}],"wp:attachment":[{"href":"https:\/\/keune.al\/sq\/wp-json\/wp\/v2\/media?parent=2016"}],"wp:term":[{"taxonomy":"product_brand","embeddable":true,"href":"https:\/\/keune.al\/sq\/wp-json\/wp\/v2\/product_brand?post=2016"},{"taxonomy":"product_cat","embeddable":true,"href":"https:\/\/keune.al\/sq\/wp-json\/wp\/v2\/product_cat?post=2016"},{"taxonomy":"product_tag","embeddable":true,"href":"https:\/\/keune.al\/sq\/wp-json\/wp\/v2\/product_tag?post=2016"}],"curies":[{"name":"wp","href":"https:\/\/api.w.org\/{rel}","templated":true}]}}