{"id":1947,"date":"2025-11-13T22:34:56","date_gmt":"2025-11-13T22:34:56","guid":{"rendered":"https:\/\/keune.al\/product\/long-strong-shampoo-travel-size\/"},"modified":"2025-11-20T08:13:18","modified_gmt":"2025-11-20T08:13:18","slug":"shampo-e-gjate-dhe-e-forte-madhesi-udhetimi","status":"publish","type":"product","link":"https:\/\/keune.al\/sq\/produkt\/shampo-e-gjate-dhe-e-forte-madhesi-udhetimi\/","title":{"rendered":"Long &amp; Strong Shampo \u2013 Madh\u00ebsi Udh\u00ebtimi"},"content":{"rendered":"<div class=\"expander_title___5Kmz\"><strong>P\u00ebrb\u00ebr\u00ebsit<\/strong><\/div>\n<div class=\"expander_content__dB5dn\">\n<div class=\"expander_innerNoScroll__2BEp8\">\n<div class=\"richtext_richText__EPidn\">\n<p>Uj\u00eb (Uj\u00eb), Lauroil Metil Isetionat Natriumi, Kokoil Isetionat Natriumi, Kokamidopropil Betain\u00eb, Kokoil Glutamat Natriumi, Klorur Natriumi, Fenoksietanol, Glicerin\u00eb, Kokoamfodiacetat Dinatriumi, Koko-Glukozid, Oleat Gliceril, Parfum (Arom\u00eb), Vaj Ricini i Hidrogjenizuar PEG-40, Benzoat Natriumi, Inulin\u00eb Hidroksipropiltrimoniumi, Polikuaternium-10, Polikuaternium-7, Klorur Guar Hidroksipropiltrimoniumi, Hidroksietilceluloz\u00eb, Butilen Glikol, Propilen Glikol, Etilheksilglicerin\u00eb, Pantenol, Acid Salicilik, Ekstrakt Gjethe Centella Asiatica, Acid Citrik, Arginin\u00eb, Pentilen Glikol, Dipropilen Glikol, Biotin\u00eb, Ekstrakt Palmaria Palmata, Acid Levulinik, Kaprilat Gliceril, Salicilat Benzil, Heksametilindanopiran, Limonene, Tetrametil Acetiloktahidronaftalene<\/p>\n<div class=\"expander_title___5Kmz\"><strong>Si t\u00eb p\u00ebrdoren?<\/strong><\/div>\n<div class=\"expander_content__dB5dn\">\n<div class=\"expander_innerNoScroll__2BEp8\">\n<div class=\"richtext_richText__EPidn\">\n<p>Aplikoni n\u00eb flok\u00eb t\u00eb lagur, shkum\u00ebzoni dhe shplajeni. P\u00ebrs\u00ebriteni n\u00ebse \u00ebsht\u00eb e nevojshme.<\/p>\n<\/div>\n<\/div>\n<\/div>\n<\/div>\n<\/div>\n<\/div>","protected":false},"excerpt":{"rendered":"<p>Rigjall\u00ebroni dhe p\u00ebrforconi flokun me shampo forcuese Long &amp; Strong, t\u00eb formuluar posa\u00e7\u00ebrisht p\u00ebr t\u00eb forcuar flokun e dob\u00ebt, t\u00eb brisht\u00eb ose t\u00eb d\u00ebmtuar, nga rr\u00ebnja n\u00eb maj\u00eb. Pastron but\u00ebsisht flokun nd\u00ebrsa ofron p\u00ebrb\u00ebr\u00ebs aktiv\u00eb forcues, kjo shampo p\u00ebrmir\u00ebson q\u00ebndrueshm\u00ebrin\u00eb dhe e l\u00eb flokun t\u00eb ndihet m\u00eb i sh\u00ebndetsh\u00ebm, m\u00eb i shndritsh\u00ebm dhe m\u00eb elastik n\u00eb \u00e7do larje.<\/p>","protected":false},"featured_media":1946,"comment_status":"closed","ping_status":"closed","template":"","meta":[],"product_brand":[],"product_cat":[18,152,114,92,19,151,93,104],"product_tag":[],"class_list":{"0":"post-1947","1":"product","2":"type-product","3":"status-publish","4":"has-post-thumbnail","6":"product_cat-uncategorized","7":"product_cat-conditioner","8":"product_cat-conditioner-men","9":"product_cat-hair-care","10":"product_cat-hair-styling","11":"product_cat-shampoo","12":"product_cat-shampoo-care","13":"product_cat-shampoo-men","14":"pa_variant-80ml","15":"pa_variant-300ml","16":"pa_variant-1000ml","18":"first","19":"instock","20":"shipping-taxable","21":"purchasable","22":"product-type-variable"},"_links":{"self":[{"href":"https:\/\/keune.al\/sq\/wp-json\/wp\/v2\/product\/1947","targetHints":{"allow":["GET"]}}],"collection":[{"href":"https:\/\/keune.al\/sq\/wp-json\/wp\/v2\/product"}],"about":[{"href":"https:\/\/keune.al\/sq\/wp-json\/wp\/v2\/types\/product"}],"replies":[{"embeddable":true,"href":"https:\/\/keune.al\/sq\/wp-json\/wp\/v2\/comments?post=1947"}],"wp:featuredmedia":[{"embeddable":true,"href":"https:\/\/keune.al\/sq\/wp-json\/wp\/v2\/media\/1946"}],"wp:attachment":[{"href":"https:\/\/keune.al\/sq\/wp-json\/wp\/v2\/media?parent=1947"}],"wp:term":[{"taxonomy":"product_brand","embeddable":true,"href":"https:\/\/keune.al\/sq\/wp-json\/wp\/v2\/product_brand?post=1947"},{"taxonomy":"product_cat","embeddable":true,"href":"https:\/\/keune.al\/sq\/wp-json\/wp\/v2\/product_cat?post=1947"},{"taxonomy":"product_tag","embeddable":true,"href":"https:\/\/keune.al\/sq\/wp-json\/wp\/v2\/product_tag?post=1947"}],"curies":[{"name":"wp","href":"https:\/\/api.w.org\/{rel}","templated":true}]}}