{"id":188,"date":"2025-08-29T05:00:41","date_gmt":"2025-08-29T05:00:41","guid":{"rendered":"https:\/\/keune.al\/?post_type=product&#038;p=188"},"modified":"2025-11-22T20:10:43","modified_gmt":"2025-11-22T20:10:43","slug":"re-kadifeje","status":"publish","type":"product","link":"https:\/\/keune.al\/sq\/produkt\/re-kadifeje\/","title":{"rendered":"Reja e Kadifenjt\u00eb"},"content":{"rendered":"<div class=\"expander_title___5Kmz\"><strong>P\u00ebrb\u00ebr\u00ebsit<\/strong><\/div>\n<div class=\"expander_content__dB5dn\">\n<div class=\"expander_innerNoScroll__2BEp8\">\n<div class=\"richtext_richText__EPidn\">\n<p>Butan, Trisiloksan, Dimetikon, Alkool Denat., Izodecil Neopentanoat, Alkool Izopropilik, Fenil Trimetikon, Parfum (Arom\u00eb), Dipropilen Glikol.<\/p>\n<div class=\"expander_title___5Kmz\"><strong>Si t\u00eb p\u00ebrdoren?<\/strong><\/div>\n<div class=\"expander_content__dB5dn\">\n<div class=\"expander_innerNoScroll__2BEp8\">\n<div class=\"richtext_richText__EPidn\">\n<ol>\n<li>Shake well before use, dispense the Velvet Cloud into your palm and rub your hands together to distribute the foam evenly on damp hair.<\/li>\n<li>Stiloni sipas d\u00ebshir\u00ebs. P\u00ebrdorni thar\u00ebse floku p\u00ebr t\u00eb shtuar volumin.<\/li>\n<\/ol>\n<\/div>\n<\/div>\n<\/div>\n<\/div>\n<\/div>\n<\/div>","protected":false},"excerpt":{"rendered":"<div class=\"richtext_richText__EPidn productInfo_productDescription__IBA5t\">\n<p>Zbuloni Velvet Cloud, nj\u00eb shkum\u00eb floku q\u00eb kombinon tekstur\u00ebn, volumin dhe kujdesin n\u00eb nj\u00eb formul\u00eb t\u00eb p\u00ebrparuar. Kjo shkum\u00eb floku premium \u00ebsht\u00eb e pasuruar me pantenol, proteina me baz\u00eb bimore dhe vitamin\u00eb E p\u00ebr t\u00eb siguruar ushqim t\u00eb thell\u00eb, mbrojtje kund\u00ebr agresor\u00ebve t\u00eb jasht\u00ebm dhe mbrojtje nga nxeht\u00ebsia deri n\u00eb 230\u00b0C. Ideale p\u00ebr p\u00ebrdorim me mjete stilimi.<\/p>\n<p>Velvet Cloud \u00ebsht\u00eb e p\u00ebrshtatshme p\u00ebr t\u00eb gjitha gjat\u00ebsit\u00eb e flokut dhe \u00ebsht\u00eb zhvilluar posa\u00e7\u00ebrisht p\u00ebr flok\u00eb normal\u00eb deri n\u00eb t\u00eb trash\u00eb. Kjo shkum\u00eb floku shton nj\u00eb plot\u00ebsi t\u00eb leht\u00eb floku dhe nj\u00eb p\u00ebrfundim t\u00eb but\u00eb si m\u00ebndafsh, e p\u00ebrforcuar nga aroma e parezistueshme e Rhubarb Bloom. P\u00ebr volum dhe ruajtje shtes\u00eb t\u00eb modelit, kombinojeni me <u><a href=\"https:\/\/www.keune.com\/p\/style-high-rise\/\" target=\"_self\" rel=\"noreferrer\">High Rise 300 ml<\/a><\/u>.<\/p>\n<p>Velvet Cloud \u00ebsht\u00eb versioni i p\u00ebrmir\u00ebsuar i Strong Mousse.<\/p>\n<\/div>","protected":false},"featured_media":2348,"comment_status":"open","ping_status":"closed","template":"","meta":[],"product_brand":[],"product_cat":[19,179],"product_tag":[],"class_list":{"0":"post-188","1":"product","2":"type-product","3":"status-publish","4":"has-post-thumbnail","6":"product_cat-hair-styling","7":"product_cat-mousse-hair-styling","8":"pa_variant-200ml","9":"pa_variant-75ml","11":"first","12":"instock","13":"shipping-taxable","14":"purchasable","15":"product-type-variable","16":"has-default-attributes"},"_links":{"self":[{"href":"https:\/\/keune.al\/sq\/wp-json\/wp\/v2\/product\/188","targetHints":{"allow":["GET"]}}],"collection":[{"href":"https:\/\/keune.al\/sq\/wp-json\/wp\/v2\/product"}],"about":[{"href":"https:\/\/keune.al\/sq\/wp-json\/wp\/v2\/types\/product"}],"replies":[{"embeddable":true,"href":"https:\/\/keune.al\/sq\/wp-json\/wp\/v2\/comments?post=188"}],"wp:featuredmedia":[{"embeddable":true,"href":"https:\/\/keune.al\/sq\/wp-json\/wp\/v2\/media\/2348"}],"wp:attachment":[{"href":"https:\/\/keune.al\/sq\/wp-json\/wp\/v2\/media?parent=188"}],"wp:term":[{"taxonomy":"product_brand","embeddable":true,"href":"https:\/\/keune.al\/sq\/wp-json\/wp\/v2\/product_brand?post=188"},{"taxonomy":"product_cat","embeddable":true,"href":"https:\/\/keune.al\/sq\/wp-json\/wp\/v2\/product_cat?post=188"},{"taxonomy":"product_tag","embeddable":true,"href":"https:\/\/keune.al\/sq\/wp-json\/wp\/v2\/product_tag?post=188"}],"curies":[{"name":"wp","href":"https:\/\/api.w.org\/{rel}","templated":true}]}}