{"id":169,"date":"2025-08-29T03:51:14","date_gmt":"2025-08-29T03:51:14","guid":{"rendered":"https:\/\/keune.al\/?post_type=product&#038;p=169"},"modified":"2025-11-18T14:10:49","modified_gmt":"2025-11-18T14:10:49","slug":"stilist-i-lire","status":"publish","type":"product","link":"https:\/\/keune.al\/sq\/produkt\/stilist-i-lire\/","title":{"rendered":"Free Styler 500 ml"},"content":{"rendered":"","protected":false},"excerpt":{"rendered":"<p>Zbuloni lirin\u00eb e llakut t\u00eb flokut Keune me Free Styler, nj\u00eb llak inovativ me p\u00ebrhapje 360\u00b0, me nj\u00eb ruajtje mesatare modeli q\u00eb zgjat deri n\u00eb 24 or\u00eb.* Ky llak shum\u00ebfunksional shton shk\u00eblqim natyral, mbron nga lag\u00ebshtia dhe lejon leht\u00ebsisht krehjen edhe pas aplikimit t\u00eb tij. Ideal p\u00ebr nj\u00eb p\u00ebrfundim fleksib\u00ebl pa ngurt\u00ebsi, dhe i p\u00ebrshtatsh\u00ebm p\u00ebr t\u00eb gjitha llojet dhe gjat\u00ebsit\u00eb e flokut.<\/p>\n<p>Sp\u00ebrkateni n\u00eb flok\u00eb t\u00eb that\u00eb nga nj\u00eb larg\u00ebsi 30 cm (12''). Shtres\u00ebzoni p\u00ebr t\u00eb personalizuar ruajtjen e modelit tuaj.<\/p>\n<p>Free Styler \u00ebsht\u00eb versioni i p\u00ebrmir\u00ebsuar i Freestyle Spray dhe Soft Set Spray.<\/p>\n<h5>*Test instrumental<\/h5>","protected":false},"featured_media":170,"comment_status":"open","ping_status":"closed","template":"","meta":[],"product_brand":[],"product_cat":[19,23,132],"product_tag":[],"class_list":{"0":"post-169","1":"product","2":"type-product","3":"status-publish","4":"has-post-thumbnail","6":"product_cat-hair-styling","7":"product_cat-hairspray","8":"product_cat-keune-style","10":"first","11":"instock","12":"shipping-taxable","13":"purchasable","14":"product-type-simple"},"_links":{"self":[{"href":"https:\/\/keune.al\/sq\/wp-json\/wp\/v2\/product\/169","targetHints":{"allow":["GET"]}}],"collection":[{"href":"https:\/\/keune.al\/sq\/wp-json\/wp\/v2\/product"}],"about":[{"href":"https:\/\/keune.al\/sq\/wp-json\/wp\/v2\/types\/product"}],"replies":[{"embeddable":true,"href":"https:\/\/keune.al\/sq\/wp-json\/wp\/v2\/comments?post=169"}],"wp:featuredmedia":[{"embeddable":true,"href":"https:\/\/keune.al\/sq\/wp-json\/wp\/v2\/media\/170"}],"wp:attachment":[{"href":"https:\/\/keune.al\/sq\/wp-json\/wp\/v2\/media?parent=169"}],"wp:term":[{"taxonomy":"product_brand","embeddable":true,"href":"https:\/\/keune.al\/sq\/wp-json\/wp\/v2\/product_brand?post=169"},{"taxonomy":"product_cat","embeddable":true,"href":"https:\/\/keune.al\/sq\/wp-json\/wp\/v2\/product_cat?post=169"},{"taxonomy":"product_tag","embeddable":true,"href":"https:\/\/keune.al\/sq\/wp-json\/wp\/v2\/product_tag?post=169"}],"curies":[{"name":"wp","href":"https:\/\/api.w.org\/{rel}","templated":true}]}}