{"id":165,"date":"2025-08-29T03:34:13","date_gmt":"2025-08-29T03:34:13","guid":{"rendered":"https:\/\/keune.al\/?post_type=product&#038;p=165"},"modified":"2025-11-20T14:08:18","modified_gmt":"2025-11-20T14:08:18","slug":"revive-balm-50ml","status":"publish","type":"product","link":"https:\/\/keune.al\/sq\/produkt\/revive-balm-50ml\/","title":{"rendered":"Revive Balm 50 ml"},"content":{"rendered":"<div class=\"expander_title___5Kmz\"><strong>P\u00ebrb\u00ebr\u00ebsit<\/strong><\/div>\n<div class=\"expander_content__dB5dn\">\n<div class=\"expander_innerNoScroll__2BEp8\">\n<div class=\"richtext_richText__EPidn\">\n<p>Uj\u00eb (Uj\u00eb), Alkan C13-15, Alkool Cetearil, Polikuaternium-37, Dikaprilat\/Dikaprat\u00eb Propilen Glikol, Klorur Cetrimoniumi, Glukoz\u00eb, Vaj Ricini i Hidrogjenizuar PEG-40, Polikuaternium-113, Benzoat Natriumi, Polisilikon-29, Hidroksipropilglukonamide, Parfum (Arom\u00eb), PPG-1 Trideceth-6, Glukonat Hidroksipropilamoniumi, Acid Laktik, Fenoksietanol, Kaprilil Glikol, Manitol, Fosfatidilkolin\u00eb, Acid Tartarik, Alkool Benzilik, Glicerin\u00eb, Pantenol, Metabisulfit Natriumi, Sorbat Kaliumi, Alkool Cetilik, Laurat Poligliceril-10, NP Ceramide, Acid Citrik, Gom\u00eb Ksantan, Klorur Natriumi, Salicilat Benzilik, Farnesol, Limonene.<\/p>\n<div class=\"expander_title___5Kmz\"><strong>Rreth p\u00ebrb\u00ebr\u00ebsve tan\u00eb hero:<\/strong><\/div>\n<div class=\"expander_content__dB5dn\">\n<div class=\"expander_innerNoScroll__2BEp8\">\n<div class=\"richtext_richText__EPidn\">\n<ul>\n<li>Pantenol i Inkapsuluar: Nj\u00eb p\u00ebrb\u00ebr\u00ebs magjik q\u00eb l\u00ebshon ushqim aktiv edhe pasi thani flokun. Mban flokun tuaj t\u00eb hidratuar n\u00eb thell\u00ebsi.<\/li>\n<li>Fiber Restore Technology (Teknologjia e rind\u00ebrtimit t\u00eb Fibrave t\u00eb flokut): Dep\u00ebrton n\u00eb thell\u00ebsi dhe krijon lidhje t\u00eb reja n\u00eb brend\u00ebsi t\u00eb fijes s\u00eb flokut. Rigjenerimi i menj\u00ebhersh\u00ebm dhe m\u00eb i fuqish\u00ebm i flokut t\u00eb d\u00ebmtuar.<\/li>\n<li>Colorshield Technology (Teknologjia e Mbrojtjes s\u00eb Ngjyr\u00ebs): Ky\u00e7 pigmentet e flokut dhe parandalon zbehjen e ngjyr\u00ebs. Mir\u00ebmban ngjyr\u00ebn e flokut si n\u00eb dit\u00ebn e par\u00eb t\u00eb lyerjes n\u00eb sallon.<\/li>\n<\/ul>\n<\/div>\n<\/div>\n<\/div>\n<\/div>\n<\/div>\n<\/div>","protected":false},"excerpt":{"rendered":"<p>Mposhtni k\u00ebputjen e flokut dhe zbehjen e ngjyr\u00ebs! Nj\u00eb domosdoshm\u00ebri p\u00ebr t\u00eb gjith\u00eb ato q\u00eb lyejn\u00eb flokun. Shijoni mir\u00ebmbajtje t\u00eb klasit t\u00eb par\u00eb t\u00eb ngjyr\u00ebs n\u00eb sht\u00ebpi me Keune Revive Balm.<\/p>\n<p>Thjesht z\u00ebvend\u00ebsoni balsamin ose mask\u00ebn tuaj t\u00eb p\u00ebrdorimit t\u00eb p\u00ebrditsh\u00ebm, me Keune Revive Balm p\u00ebr t\u00eb shijuar p\u00ebrfitime t\u00eb jasht\u00ebzakonshme:<\/p>\n<ul>\n<li>Rigjeneron flokun e d\u00ebmtuar deri n\u00eb 73%*<\/li>\n<li>Ruan ngjyr\u00ebn 95% edhe pas 5 jav\u00ebsh**<\/li>\n<li>Krem pa shplarje, trajton intensivisht flokun pa e r\u00ebnduar at\u00eb.<\/li>\n<li>Mbrojtje nga nxeht\u00ebsia: deri n\u00eb 230\u00b0C\/446\u00b0F<\/li>\n<li>Vegan dhe i testuar n\u00eb njer\u00ebz vullnetar\u00eb.<\/li>\n<li>90% P\u00ebrb\u00ebr\u00ebs natyral\u00eb<\/li>\n<\/ul>\n<p>P\u00ebr t\u00eb gjith\u00eb llojet e flokut, flok\u00eb t\u00eb lyer, t\u00eb dekoloruar, t\u00eb d\u00ebmtuar dhe natyral. Pyesni stilistin tuaj p\u00ebr k\u00ebt\u00eb trajtim luksoz n\u00eb sht\u00ebpi ose p\u00ebr sh\u00ebrbimin e pasur t\u00eb ofruar n\u00eb sallon.<\/p>\n<h5>* Test instrumental. Kryer n\u00eb flok\u00eb t\u00eb dekoloruar t\u00eb trajtuar me 3 aplikime t\u00eb Revive Balm.<\/h5>\n<h5>** Test instrumental. Kryer n\u00eb flok\u00eb t\u00eb trajtuar me Tinta Color 7.46RI t\u00eb ndjekur nga Vital Nutrition Shampo + Revive Balm.<\/h5>","protected":false},"featured_media":2251,"comment_status":"open","ping_status":"closed","template":"","meta":[],"product_brand":[],"product_cat":[122,19,129,131,110,121],"product_tag":[],"class_list":{"0":"post-165","1":"product","2":"type-product","3":"status-publish","4":"has-post-thumbnail","6":"product_cat-color-protection","7":"product_cat-hair-styling","8":"product_cat-hydration","9":"product_cat-keune-care","10":"product_cat-leave-in-conditioner","11":"product_cat-result","13":"first","14":"instock","15":"shipping-taxable","16":"purchasable","17":"product-type-variable","18":"has-default-attributes"},"_links":{"self":[{"href":"https:\/\/keune.al\/sq\/wp-json\/wp\/v2\/product\/165","targetHints":{"allow":["GET"]}}],"collection":[{"href":"https:\/\/keune.al\/sq\/wp-json\/wp\/v2\/product"}],"about":[{"href":"https:\/\/keune.al\/sq\/wp-json\/wp\/v2\/types\/product"}],"replies":[{"embeddable":true,"href":"https:\/\/keune.al\/sq\/wp-json\/wp\/v2\/comments?post=165"}],"wp:featuredmedia":[{"embeddable":true,"href":"https:\/\/keune.al\/sq\/wp-json\/wp\/v2\/media\/2251"}],"wp:attachment":[{"href":"https:\/\/keune.al\/sq\/wp-json\/wp\/v2\/media?parent=165"}],"wp:term":[{"taxonomy":"product_brand","embeddable":true,"href":"https:\/\/keune.al\/sq\/wp-json\/wp\/v2\/product_brand?post=165"},{"taxonomy":"product_cat","embeddable":true,"href":"https:\/\/keune.al\/sq\/wp-json\/wp\/v2\/product_cat?post=165"},{"taxonomy":"product_tag","embeddable":true,"href":"https:\/\/keune.al\/sq\/wp-json\/wp\/v2\/product_tag?post=165"}],"curies":[{"name":"wp","href":"https:\/\/api.w.org\/{rel}","templated":true}]}}