{"id":1555,"date":"2025-10-23T00:05:25","date_gmt":"2025-10-23T00:05:25","guid":{"rendered":"https:\/\/keune.al\/?post_type=product&#038;p=1555"},"modified":"2025-11-02T13:46:34","modified_gmt":"2025-11-02T13:46:34","slug":"tufe-fijesh-mendafshi","status":"publish","type":"product","link":"https:\/\/keune.al\/sq\/produkt\/tufe-fijesh-mendafshi\/","title":{"rendered":"Paketa Silken Strands"},"content":{"rendered":"","protected":false},"excerpt":{"rendered":"<p>P\u00ebrjetoni maksimumin n\u00eb sofistikim me produktet e stilimit t\u00eb flokut nga paketa Silken Strands! Kjo pamje elegante paraqet flok\u00eb t\u00eb l\u00ebmuar dhe t\u00eb m\u00ebndafsht\u00eb q\u00eb derdhen bukur, duke krijuar nj\u00eb pamje luksoze dhe t\u00eb l\u00ebmuar. Produktet e paket\u00ebs Silken Strands ofrojn\u00eb nj\u00eb stil t\u00eb p\u00ebrjetsh\u00ebm q\u00eb shp\u00ebfaq hijeshi dhe eleganc\u00eb. I leht\u00eb p\u00ebr t\u2019u mir\u00ebmbajtur dhe gjithmon\u00eb n\u00eb mod\u00eb. Ky model floku \u00ebsht\u00eb ideal p\u00ebr ato q\u00eb e duan nj\u00eb pamje elegante dhe t\u00eb sofistikuar.<\/p>","protected":false},"featured_media":1557,"comment_status":"open","ping_status":"closed","template":"","meta":[],"product_brand":[],"product_cat":[92,19,132,93,151],"product_tag":[],"class_list":{"0":"post-1555","1":"product","2":"type-product","3":"status-publish","4":"has-post-thumbnail","6":"product_cat-hair-care","7":"product_cat-hair-styling","8":"product_cat-keune-style","9":"product_cat-shampoo-care","10":"product_cat-shampoo","11":"pa_variant-250ml","12":"pa_variant-80ml","13":"pa_variant-1000ml","15":"first","16":"instock","17":"shipping-taxable","18":"product-type-grouped"},"_links":{"self":[{"href":"https:\/\/keune.al\/sq\/wp-json\/wp\/v2\/product\/1555","targetHints":{"allow":["GET"]}}],"collection":[{"href":"https:\/\/keune.al\/sq\/wp-json\/wp\/v2\/product"}],"about":[{"href":"https:\/\/keune.al\/sq\/wp-json\/wp\/v2\/types\/product"}],"replies":[{"embeddable":true,"href":"https:\/\/keune.al\/sq\/wp-json\/wp\/v2\/comments?post=1555"}],"wp:featuredmedia":[{"embeddable":true,"href":"https:\/\/keune.al\/sq\/wp-json\/wp\/v2\/media\/1557"}],"wp:attachment":[{"href":"https:\/\/keune.al\/sq\/wp-json\/wp\/v2\/media?parent=1555"}],"wp:term":[{"taxonomy":"product_brand","embeddable":true,"href":"https:\/\/keune.al\/sq\/wp-json\/wp\/v2\/product_brand?post=1555"},{"taxonomy":"product_cat","embeddable":true,"href":"https:\/\/keune.al\/sq\/wp-json\/wp\/v2\/product_cat?post=1555"},{"taxonomy":"product_tag","embeddable":true,"href":"https:\/\/keune.al\/sq\/wp-json\/wp\/v2\/product_tag?post=1555"}],"curies":[{"name":"wp","href":"https:\/\/api.w.org\/{rel}","templated":true}]}}