{"id":1552,"date":"2025-10-23T00:03:11","date_gmt":"2025-10-23T00:03:11","guid":{"rendered":"https:\/\/keune.al\/?post_type=product&#038;p=1552"},"modified":"2025-11-02T13:41:43","modified_gmt":"2025-11-02T13:41:43","slug":"pako-elegante-me-swish","status":"publish","type":"product","link":"https:\/\/keune.al\/sq\/produkt\/pako-elegante-me-swish\/","title":{"rendered":"Paketa Sleek Swish"},"content":{"rendered":"","protected":false},"excerpt":{"rendered":"<p>B\u00ebj nj\u00eb paraqitje t\u00ebrheq\u00ebse me modelin e flokut Sleek Swish. Kjo pamje aktualisht n\u00eb mod\u00eb, kombinon nj\u00eb p\u00ebrfundim t\u00eb l\u00ebmuar me nj\u00eb shtrirje elegante, duke siguruar q\u00eb t\u00eb dukesh gjithmon\u00eb e rafinuar dhe moderne.<\/p>\n<p>Perfekt si p\u00ebr raste formale ashtu edhe p\u00ebr raste t\u00eb zakonshme, Sleek Swish i shton nj\u00eb prekje elegance dhe profesionalizmi \u00e7do veshjeje.<\/p>","protected":false},"featured_media":1554,"comment_status":"open","ping_status":"closed","template":"","meta":[],"product_brand":[],"product_cat":[92,19,132,151,93],"product_tag":[],"class_list":{"0":"post-1552","1":"product","2":"type-product","3":"status-publish","4":"has-post-thumbnail","6":"product_cat-hair-care","7":"product_cat-hair-styling","8":"product_cat-keune-style","9":"product_cat-shampoo","10":"product_cat-shampoo-care","11":"pa_variant-250ml","12":"pa_variant-80ml","13":"pa_variant-1000ml","15":"first","16":"instock","17":"shipping-taxable","18":"product-type-grouped"},"_links":{"self":[{"href":"https:\/\/keune.al\/sq\/wp-json\/wp\/v2\/product\/1552","targetHints":{"allow":["GET"]}}],"collection":[{"href":"https:\/\/keune.al\/sq\/wp-json\/wp\/v2\/product"}],"about":[{"href":"https:\/\/keune.al\/sq\/wp-json\/wp\/v2\/types\/product"}],"replies":[{"embeddable":true,"href":"https:\/\/keune.al\/sq\/wp-json\/wp\/v2\/comments?post=1552"}],"wp:featuredmedia":[{"embeddable":true,"href":"https:\/\/keune.al\/sq\/wp-json\/wp\/v2\/media\/1554"}],"wp:attachment":[{"href":"https:\/\/keune.al\/sq\/wp-json\/wp\/v2\/media?parent=1552"}],"wp:term":[{"taxonomy":"product_brand","embeddable":true,"href":"https:\/\/keune.al\/sq\/wp-json\/wp\/v2\/product_brand?post=1552"},{"taxonomy":"product_cat","embeddable":true,"href":"https:\/\/keune.al\/sq\/wp-json\/wp\/v2\/product_cat?post=1552"},{"taxonomy":"product_tag","embeddable":true,"href":"https:\/\/keune.al\/sq\/wp-json\/wp\/v2\/product_tag?post=1552"}],"curies":[{"name":"wp","href":"https:\/\/api.w.org\/{rel}","templated":true}]}}