{"id":1549,"date":"2025-10-22T23:59:56","date_gmt":"2025-10-22T23:59:56","guid":{"rendered":"https:\/\/keune.al\/?post_type=product&#038;p=1549"},"modified":"2025-11-02T13:41:52","modified_gmt":"2025-11-02T13:41:52","slug":"pako-me-vale-te-lemuara","status":"publish","type":"product","link":"https:\/\/keune.al\/sq\/produkt\/pako-me-vale-te-lemuara\/","title":{"rendered":"Paketa Smooth Waves"},"content":{"rendered":"","protected":false},"excerpt":{"rendered":"<p>Zhytuni n\u00eb eleganc\u00ebn e p\u00ebrjetshme me modelin e flokut Smooth Waves. Kjo pamje klasike prezanton val\u00ebzime t\u00eb stiluara bukur q\u00eb shk\u00eblqejn\u00eb me sofistikim dhe hijeshi.<\/p>\n<p>Val\u00ebzimet e l\u00ebmuara ofrojn\u00eb nj\u00eb p\u00ebrzierje bukurie dhe sharm t\u00eb rafinuar. Ky model flok\u00ebsh plot\u00ebson \u00e7do ambient me pamjen e tij t\u00eb l\u00ebmuar. I leht\u00eb p\u00ebr t\u2019u mir\u00ebmbajtur dhe shum\u00ebfunksional, i p\u00ebrshtatet t\u00eb gjitha formave t\u00eb fytyr\u00ebs dhe llojeve t\u00eb flokut.<\/p>","protected":false},"featured_media":1551,"comment_status":"open","ping_status":"closed","template":"","meta":[],"product_brand":[],"product_cat":[92,19,132,93,151],"product_tag":[],"class_list":{"0":"post-1549","1":"product","2":"type-product","3":"status-publish","4":"has-post-thumbnail","6":"product_cat-hair-care","7":"product_cat-hair-styling","8":"product_cat-keune-style","9":"product_cat-shampoo-care","10":"product_cat-shampoo","11":"pa_variant-250ml","12":"pa_variant-80ml","13":"pa_variant-1000ml","15":"first","16":"instock","17":"shipping-taxable","18":"product-type-grouped"},"_links":{"self":[{"href":"https:\/\/keune.al\/sq\/wp-json\/wp\/v2\/product\/1549","targetHints":{"allow":["GET"]}}],"collection":[{"href":"https:\/\/keune.al\/sq\/wp-json\/wp\/v2\/product"}],"about":[{"href":"https:\/\/keune.al\/sq\/wp-json\/wp\/v2\/types\/product"}],"replies":[{"embeddable":true,"href":"https:\/\/keune.al\/sq\/wp-json\/wp\/v2\/comments?post=1549"}],"wp:featuredmedia":[{"embeddable":true,"href":"https:\/\/keune.al\/sq\/wp-json\/wp\/v2\/media\/1551"}],"wp:attachment":[{"href":"https:\/\/keune.al\/sq\/wp-json\/wp\/v2\/media?parent=1549"}],"wp:term":[{"taxonomy":"product_brand","embeddable":true,"href":"https:\/\/keune.al\/sq\/wp-json\/wp\/v2\/product_brand?post=1549"},{"taxonomy":"product_cat","embeddable":true,"href":"https:\/\/keune.al\/sq\/wp-json\/wp\/v2\/product_cat?post=1549"},{"taxonomy":"product_tag","embeddable":true,"href":"https:\/\/keune.al\/sq\/wp-json\/wp\/v2\/product_tag?post=1549"}],"curies":[{"name":"wp","href":"https:\/\/api.w.org\/{rel}","templated":true}]}}