{"id":1546,"date":"2025-10-22T23:56:29","date_gmt":"2025-10-22T23:56:29","guid":{"rendered":"https:\/\/keune.al\/?post_type=product&#038;p=1546"},"modified":"2025-11-02T13:42:02","modified_gmt":"2025-11-02T13:42:02","slug":"pako-shkelqimi","status":"publish","type":"product","link":"https:\/\/keune.al\/sq\/produkt\/pako-shkelqimi\/","title":{"rendered":"Paketa p\u00ebr Shk\u00eblqimin e Flokut"},"content":{"rendered":"","protected":false},"excerpt":{"rendered":"<p>Rrit shk\u00eblqimin e flokut t\u00ebnd me Radiant Gloss, nj\u00eb formul\u00eb inovative e krijuar p\u00ebr t\u00eb zbutur, hidratuar dhe rritur shk\u00eblqimin e flokut. Mund ta ruani k\u00ebt\u00eb shk\u00eblqim duke p\u00ebrdorur produktin ton\u00eb Style Shine Therapy. Ky spray jo i yndyrsh\u00ebm dhe jo ngjit\u00ebs \u00ebsht\u00eb prekja perfekte p\u00ebrfundimtare p\u00ebr \u00e7do stilim, duke ofruar nj\u00eb p\u00ebrfundim ultra t\u00eb shk\u00eblqyesh\u00ebm.<\/p>","protected":false},"featured_media":1548,"comment_status":"open","ping_status":"closed","template":"","meta":[],"product_brand":[],"product_cat":[92,19,93,151],"product_tag":[],"class_list":{"0":"post-1546","1":"product","2":"type-product","3":"status-publish","4":"has-post-thumbnail","6":"product_cat-hair-care","7":"product_cat-hair-styling","8":"product_cat-shampoo-care","9":"product_cat-shampoo","10":"pa_variant-250ml","11":"pa_variant-80ml","12":"pa_variant-1000ml","14":"first","15":"instock","16":"shipping-taxable","17":"product-type-grouped"},"_links":{"self":[{"href":"https:\/\/keune.al\/sq\/wp-json\/wp\/v2\/product\/1546","targetHints":{"allow":["GET"]}}],"collection":[{"href":"https:\/\/keune.al\/sq\/wp-json\/wp\/v2\/product"}],"about":[{"href":"https:\/\/keune.al\/sq\/wp-json\/wp\/v2\/types\/product"}],"replies":[{"embeddable":true,"href":"https:\/\/keune.al\/sq\/wp-json\/wp\/v2\/comments?post=1546"}],"wp:featuredmedia":[{"embeddable":true,"href":"https:\/\/keune.al\/sq\/wp-json\/wp\/v2\/media\/1548"}],"wp:attachment":[{"href":"https:\/\/keune.al\/sq\/wp-json\/wp\/v2\/media?parent=1546"}],"wp:term":[{"taxonomy":"product_brand","embeddable":true,"href":"https:\/\/keune.al\/sq\/wp-json\/wp\/v2\/product_brand?post=1546"},{"taxonomy":"product_cat","embeddable":true,"href":"https:\/\/keune.al\/sq\/wp-json\/wp\/v2\/product_cat?post=1546"},{"taxonomy":"product_tag","embeddable":true,"href":"https:\/\/keune.al\/sq\/wp-json\/wp\/v2\/product_tag?post=1546"}],"curies":[{"name":"wp","href":"https:\/\/api.w.org\/{rel}","templated":true}]}}