{"id":1542,"date":"2025-10-22T23:52:41","date_gmt":"2025-10-22T23:52:41","guid":{"rendered":"https:\/\/keune.al\/?post_type=product&#038;p=1542"},"modified":"2025-11-02T13:42:11","modified_gmt":"2025-11-02T13:42:11","slug":"pako-e-ndjeshme","status":"publish","type":"product","link":"https:\/\/keune.al\/sq\/produkt\/pako-e-ndjeshme\/","title":{"rendered":"Paketa p\u00ebr Skalp Sensitiv"},"content":{"rendered":"","protected":false},"excerpt":{"rendered":"<p>Qet\u00ebsoni dhe mbroni l\u00ebkur\u00ebn tuaj me rutin\u00ebn Scalp Sensitive, t\u00eb formuluar p\u00ebr t\u00eb pastruar but\u00ebsisht pa irritim. Ideale p\u00ebr skalpe t\u00eb ndjeshme, t\u00eb prirur ndaj alergjive ose skalpe reaktiv\u00eb, kjo shampo ultra e but\u00eb qet\u00ebson acarimin, zvog\u00eblon skuqjen dhe ruan ekuilibrin natyror t\u00eb skalpit.<\/p>","protected":false},"featured_media":1545,"comment_status":"open","ping_status":"closed","template":"","meta":[],"product_brand":[],"product_cat":[92,19,131,93,151],"product_tag":[],"class_list":{"0":"post-1542","1":"product","2":"type-product","3":"status-publish","4":"has-post-thumbnail","6":"product_cat-hair-care","7":"product_cat-hair-styling","8":"product_cat-keune-care","9":"product_cat-shampoo-care","10":"product_cat-shampoo","11":"pa_variant-250ml","12":"pa_variant-80ml","13":"pa_variant-1000ml","15":"first","16":"instock","17":"shipping-taxable","18":"product-type-grouped"},"_links":{"self":[{"href":"https:\/\/keune.al\/sq\/wp-json\/wp\/v2\/product\/1542","targetHints":{"allow":["GET"]}}],"collection":[{"href":"https:\/\/keune.al\/sq\/wp-json\/wp\/v2\/product"}],"about":[{"href":"https:\/\/keune.al\/sq\/wp-json\/wp\/v2\/types\/product"}],"replies":[{"embeddable":true,"href":"https:\/\/keune.al\/sq\/wp-json\/wp\/v2\/comments?post=1542"}],"wp:featuredmedia":[{"embeddable":true,"href":"https:\/\/keune.al\/sq\/wp-json\/wp\/v2\/media\/1545"}],"wp:attachment":[{"href":"https:\/\/keune.al\/sq\/wp-json\/wp\/v2\/media?parent=1542"}],"wp:term":[{"taxonomy":"product_brand","embeddable":true,"href":"https:\/\/keune.al\/sq\/wp-json\/wp\/v2\/product_brand?post=1542"},{"taxonomy":"product_cat","embeddable":true,"href":"https:\/\/keune.al\/sq\/wp-json\/wp\/v2\/product_cat?post=1542"},{"taxonomy":"product_tag","embeddable":true,"href":"https:\/\/keune.al\/sq\/wp-json\/wp\/v2\/product_tag?post=1542"}],"curies":[{"name":"wp","href":"https:\/\/api.w.org\/{rel}","templated":true}]}}