{"id":1532,"date":"2025-10-22T23:40:32","date_gmt":"2025-10-22T23:40:32","guid":{"rendered":"https:\/\/keune.al\/?post_type=product&#038;p=1532"},"modified":"2025-11-20T10:17:28","modified_gmt":"2025-11-20T10:17:28","slug":"pakete-riparimi","status":"publish","type":"product","link":"https:\/\/keune.al\/sq\/produkt\/pakete-riparimi\/","title":{"rendered":"Paketa P\u00ebr Rigjenerimin e Flokut"},"content":{"rendered":"","protected":false},"excerpt":{"rendered":"<p>Floku juaj mund t\u00eb d\u00ebmtohet her\u00eb pas here. Dhe p\u00ebr fat t\u00eb mir\u00eb edhe mund t\u00eb sh\u00ebrohet. P\u00ebr sa koh\u00eb q\u00eb provitamina dep\u00ebrton mjaftuesh\u00ebm thell\u00eb n\u00eb struktur\u00ebn e flokut. Care Vital Nutrition \u00ebsht\u00eb linja jon\u00eb m\u00eb e fuqishme p\u00ebr k\u00ebt\u00eb. P\u00ebrfundoni pamjen tuaj me Style Tame Game: mbron flokun tuaj nga d\u00ebmtimet e shkaktuara nga mjetet me nxeht\u00ebsi q\u00eb perdoren p\u00ebr  tharjen e flokut, drejtimin e tij ose formimin e ka\u00e7urrelave.<\/p>","protected":false},"featured_media":1534,"comment_status":"open","ping_status":"closed","template":"","meta":[],"product_brand":[],"product_cat":[152,92,19,93,151],"product_tag":[],"class_list":{"0":"post-1532","1":"product","2":"type-product","3":"status-publish","4":"has-post-thumbnail","6":"product_cat-conditioner","7":"product_cat-hair-care","8":"product_cat-hair-styling","9":"product_cat-shampoo-care","10":"product_cat-shampoo","11":"pa_variant-250ml","12":"pa_variant-80ml","13":"pa_variant-1000ml","15":"first","16":"instock","17":"shipping-taxable","18":"product-type-grouped"},"_links":{"self":[{"href":"https:\/\/keune.al\/sq\/wp-json\/wp\/v2\/product\/1532","targetHints":{"allow":["GET"]}}],"collection":[{"href":"https:\/\/keune.al\/sq\/wp-json\/wp\/v2\/product"}],"about":[{"href":"https:\/\/keune.al\/sq\/wp-json\/wp\/v2\/types\/product"}],"replies":[{"embeddable":true,"href":"https:\/\/keune.al\/sq\/wp-json\/wp\/v2\/comments?post=1532"}],"wp:featuredmedia":[{"embeddable":true,"href":"https:\/\/keune.al\/sq\/wp-json\/wp\/v2\/media\/1534"}],"wp:attachment":[{"href":"https:\/\/keune.al\/sq\/wp-json\/wp\/v2\/media?parent=1532"}],"wp:term":[{"taxonomy":"product_brand","embeddable":true,"href":"https:\/\/keune.al\/sq\/wp-json\/wp\/v2\/product_brand?post=1532"},{"taxonomy":"product_cat","embeddable":true,"href":"https:\/\/keune.al\/sq\/wp-json\/wp\/v2\/product_cat?post=1532"},{"taxonomy":"product_tag","embeddable":true,"href":"https:\/\/keune.al\/sq\/wp-json\/wp\/v2\/product_tag?post=1532"}],"curies":[{"name":"wp","href":"https:\/\/api.w.org\/{rel}","templated":true}]}}