{"id":1529,"date":"2025-10-22T23:36:01","date_gmt":"2025-10-22T23:36:01","guid":{"rendered":"https:\/\/keune.al\/?post_type=product&#038;p=1529"},"modified":"2025-11-02T04:18:51","modified_gmt":"2025-11-02T04:18:51","slug":"shampo-me-shkelqim-rrezatues-per-shkelqimin-e-flokeve","status":"publish","type":"product","link":"https:\/\/keune.al\/sq\/produkt\/shampo-me-shkelqim-rrezatues-per-shkelqimin-e-flokeve\/","title":{"rendered":"Radiant Gloss Shampo + Hair Gloss Balsam"},"content":{"rendered":"","protected":false},"excerpt":{"rendered":"<p>Shk\u00eblqeni me flok\u00eb mega-rrezatues. Rutina Radiant Gloss q\u00eb jep shk\u00eblqim \u00ebsht\u00eb fuqizuar me vaj t\u00eb pasur mikroalgash Micro Algae Oil dhe p\u00ebrmban kujdesin luksoz t\u00eb ekstraktit t\u00eb orkides\u00eb Orchid Extract p\u00ebr t\u00eb nxjerr\u00eb n\u00eb pah shk\u00eblqimin natyral t\u00eb flokut tuaj. Projektuar p\u00ebr t\u00eb rikthyer gjall\u00ebrin\u00eb, but\u00ebsin\u00eb dhe shk\u00eblqimin efekt pasqyr\u00eb, ky koleksion transformon flokun tuaj, duke e l\u00ebn\u00eb t\u00eb but\u00eb, t\u00eb m\u00ebndafsht\u00eb dhe plot shk\u00eblqim q\u00eb reflekton drit\u00ebn.<\/p>","protected":false},"featured_media":1531,"comment_status":"open","ping_status":"closed","template":"","meta":[],"product_brand":[],"product_cat":[152,98,92,19,131,93,151],"product_tag":[],"class_list":{"0":"post-1529","1":"product","2":"type-product","3":"status-publish","4":"has-post-thumbnail","6":"product_cat-conditioner","7":"product_cat-conditioners","8":"product_cat-hair-care","9":"product_cat-hair-styling","10":"product_cat-keune-care","11":"product_cat-shampoo-care","12":"product_cat-shampoo","13":"pa_variant-250ml","14":"pa_variant-80ml","15":"pa_variant-1000ml","17":"first","18":"instock","19":"shipping-taxable","20":"product-type-grouped"},"_links":{"self":[{"href":"https:\/\/keune.al\/sq\/wp-json\/wp\/v2\/product\/1529","targetHints":{"allow":["GET"]}}],"collection":[{"href":"https:\/\/keune.al\/sq\/wp-json\/wp\/v2\/product"}],"about":[{"href":"https:\/\/keune.al\/sq\/wp-json\/wp\/v2\/types\/product"}],"replies":[{"embeddable":true,"href":"https:\/\/keune.al\/sq\/wp-json\/wp\/v2\/comments?post=1529"}],"wp:featuredmedia":[{"embeddable":true,"href":"https:\/\/keune.al\/sq\/wp-json\/wp\/v2\/media\/1531"}],"wp:attachment":[{"href":"https:\/\/keune.al\/sq\/wp-json\/wp\/v2\/media?parent=1529"}],"wp:term":[{"taxonomy":"product_brand","embeddable":true,"href":"https:\/\/keune.al\/sq\/wp-json\/wp\/v2\/product_brand?post=1529"},{"taxonomy":"product_cat","embeddable":true,"href":"https:\/\/keune.al\/sq\/wp-json\/wp\/v2\/product_cat?post=1529"},{"taxonomy":"product_tag","embeddable":true,"href":"https:\/\/keune.al\/sq\/wp-json\/wp\/v2\/product_tag?post=1529"}],"curies":[{"name":"wp","href":"https:\/\/api.w.org\/{rel}","templated":true}]}}