{"id":1521,"date":"2025-10-22T23:31:01","date_gmt":"2025-10-22T23:31:01","guid":{"rendered":"https:\/\/keune.al\/?post_type=product&#038;p=1521"},"modified":"2025-11-20T10:06:22","modified_gmt":"2025-11-20T10:06:22","slug":"care-radiant-gloss-hair-gloss","status":"publish","type":"product","link":"https:\/\/keune.al\/sq\/produkt\/care-radiant-gloss-hair-gloss\/","title":{"rendered":"Shk\u00eblqyes flok\u00ebsh me shk\u00eblqim rrezatues"},"content":{"rendered":"<div class=\"expander_title___5Kmz\"><strong>P\u00ebrb\u00ebr\u00ebsit<\/strong><\/div>\n<div class=\"expander_content__dB5dn\">\n<div class=\"expander_innerNoScroll__2BEp8\">\n<div class=\"richtext_richText__EPidn\">\n<p>Aqua (Water),\u00a0Glycerin, Phenyl Trimethicone,\u00a0Cetearyl\u00a0Alcohol, Behentrimonium\u00a0Chloride, Dimethicone, Isopropyl Myristate,\u00a0Stearamidopropyl Dimethylamine, Triolein,\u00a0Cetrimonium Chloride, Isopropyl Alcohol, Argan Oil Glycereth-8 Esters, Lactic Acid, Guar Hydroxypropyltrimonium\u00a0Chloride, Parfum (Fragrance), Sodium Benzoate, Dimethiconol, Panthenol, Silicone Quaternium-22,\u00a0Dipropylene\u00a0Glycol, Tocopherol, Polyglyceryl-3 Caprate, Helianthus Annuus (Sunflower) Seed Extract, Helianthus Annuus (Sunflower) Seed Oil,\u00a0Cocamidopropyl\u00a0Betaine, Palmitamidopropyltrimonium\u00a0Chloride, Propylene Glycol, Adansonia Digitata Seed Oil, Dendrobium Phalaenopsis Flower Extract, Citrus Limon (Lemon) Peel Oil, Coumarin, Hexyl Cinnamal, Isoeugenyl\u00a0Acetate, Limonene, Linalool, Linalyl Acetate, Pinene, Tetramethyl Acetyloctahydronaphthalenes\u200b.<\/p>\n<div class=\"expander_title___5Kmz\"><strong>Si t\u00eb p\u00ebrdoren?<\/strong><\/div>\n<div class=\"expander_content__dB5dn\">\n<div class=\"expander_innerNoScroll__2BEp8\">\n<div class=\"richtext_richText__EPidn\">\n<p>Aplikojeni n\u00eb flok\u00eb t\u00eb lar\u00eb me shampo. L\u00ebreni t\u00eb veproj\u00eb p\u00ebr 1-3 minuta dhe m\u00eb pas shp\u00eblajeni me kujdes.<\/p>\n<\/div>\n<\/div>\n<\/div>\n<\/div>\n<\/div>\n<\/div>","protected":false},"excerpt":{"rendered":"<p>Rrisni shk\u00eblqimin e flokt tuaj me Radiant Gloss Illuminating Hair Gloss, nj\u00eb formul\u00eb inovative dizenjuar t\u00eb zbus\u00eb, hidratoj\u00eb, dhe p\u00ebrforcoj\u00eb shk\u00eblqimin e flokut. Pasuruar me p\u00ebrb\u00ebr\u00ebs q\u00eb reflektojn\u00eb drit\u00ebn, mb\u00ebshtjell shtres\u00ebn e jashtme (kutikula) t\u00eb flokut, shton hidratimin, dhe e l\u00eb t\u00eb but\u00eb si m\u00ebndafsh me shk\u00eblqim marramend\u00ebs.<\/p>\n<p>Radiant Gloss Hair Gloss \u00ebsht\u00eb versioni i p\u00ebrmir\u00ebsuar  i Satin Oil Balsam.<\/p>","protected":false},"featured_media":1528,"comment_status":"open","ping_status":"closed","template":"","meta":[],"product_brand":[],"product_cat":[98,92],"product_tag":[],"class_list":{"0":"post-1521","1":"product","2":"type-product","3":"status-publish","4":"has-post-thumbnail","6":"product_cat-conditioners","7":"product_cat-hair-care","8":"pa_variant-200ml","9":"pa_variant-1000ml","11":"first","12":"instock","13":"shipping-taxable","14":"purchasable","15":"product-type-variable","16":"has-default-attributes"},"_links":{"self":[{"href":"https:\/\/keune.al\/sq\/wp-json\/wp\/v2\/product\/1521","targetHints":{"allow":["GET"]}}],"collection":[{"href":"https:\/\/keune.al\/sq\/wp-json\/wp\/v2\/product"}],"about":[{"href":"https:\/\/keune.al\/sq\/wp-json\/wp\/v2\/types\/product"}],"replies":[{"embeddable":true,"href":"https:\/\/keune.al\/sq\/wp-json\/wp\/v2\/comments?post=1521"}],"wp:featuredmedia":[{"embeddable":true,"href":"https:\/\/keune.al\/sq\/wp-json\/wp\/v2\/media\/1528"}],"wp:attachment":[{"href":"https:\/\/keune.al\/sq\/wp-json\/wp\/v2\/media?parent=1521"}],"wp:term":[{"taxonomy":"product_brand","embeddable":true,"href":"https:\/\/keune.al\/sq\/wp-json\/wp\/v2\/product_brand?post=1521"},{"taxonomy":"product_cat","embeddable":true,"href":"https:\/\/keune.al\/sq\/wp-json\/wp\/v2\/product_cat?post=1521"},{"taxonomy":"product_tag","embeddable":true,"href":"https:\/\/keune.al\/sq\/wp-json\/wp\/v2\/product_tag?post=1521"}],"curies":[{"name":"wp","href":"https:\/\/api.w.org\/{rel}","templated":true}]}}