{"id":1518,"date":"2025-10-22T23:26:53","date_gmt":"2025-10-22T23:26:53","guid":{"rendered":"https:\/\/keune.al\/?post_type=product&#038;p=1518"},"modified":"2025-11-20T14:22:58","modified_gmt":"2025-11-20T14:22:58","slug":"miracle-elixir-spray-150ml","status":"publish","type":"product","link":"https:\/\/keune.al\/sq\/produkt\/miracle-elixir-spray-150ml\/","title":{"rendered":"Sprej eliksiri mrekullib\u00ebr\u00ebs"},"content":{"rendered":"<div class=\"expander_title___5Kmz\"><strong>P\u00ebrb\u00ebr\u00ebsit<\/strong><\/div>\n<div class=\"expander_content__dB5dn\">\n<div class=\"expander_innerNoScroll__2BEp8\">\n<div class=\"richtext_richText__EPidn\">\n<p>Uj\u00eb (Aqua), Vaj Kokosi (Cocos Nucifera), Amodimetikon, Polikuaternium-37, Dikaprilat\/Dikaprat\u00eb Propilen Glikol, Benzoat Natriumi, Vaj Ricini i Hidrogjenizuar PEG-40, Alkool Stearil, PPG-1 Trideceth-6, Dipropilen Glikol, Parfum (Arom\u00eb), Acid Glikolik, Protein\u00eb Bizeleje e Hidrolizuar Cetearamidoetildietonium Sukcinoil, Klorur Cetrimoniumi, Trideceth-12, Glicerin\u00eb, Fenoksietanol, Acid Benzoik, Acetat Linalil, Terpineol, Tetrametil Acetiloktahidronaftalene, Vanilin\u00eb.<\/p>\n<div class=\"expander_title___5Kmz\"><strong>Si t\u00eb p\u00ebrdoren?<\/strong><\/div>\n<div class=\"expander_content__dB5dn\">\n<div class=\"expander_innerNoScroll__2BEp8\">\n<div class=\"richtext_richText__EPidn\">\n<p>Sp\u00ebrkatni me boll\u00ebk mbi flok\u00eb p\u00ebr t\u00eb ruajtur nj\u00eb struktur\u00eb t\u00eb sh\u00ebndetshme t\u00eb flok\u00ebve. Mos e shp\u00eblani.<\/p>\n<\/div>\n<\/div>\n<\/div>\n<p>&nbsp;<\/p>\n<\/div>\n<\/div>\n<\/div>","protected":false},"excerpt":{"rendered":"<p>Mbrojeni flok\u00ebt tuaj me sprejin Miracle Elixir Keratin Spray, nj\u00eb trajtim i leht\u00eb q\u00eb nuk lihet pas dore dhe \u00ebsht\u00eb krijuar p\u00ebr t\u00eb zgjatur jet\u00ebgjat\u00ebsin\u00eb e trajtimit n\u00eb sallon Miracle Elixir Keratin Booster. Ruani forc\u00ebn, but\u00ebsin\u00eb dhe shk\u00eblqimin. I pasuruar me keratin\u00eb riparuese me baz\u00eb bimore, ky sprej shum\u00ebfunksional ndihmon n\u00eb rind\u00ebrtimin e fijeve t\u00eb dob\u00ebsuara dhe n\u00eb mbrojtjen nga d\u00ebmtimet e p\u00ebrditshme.<\/p>","protected":false},"featured_media":1520,"comment_status":"open","ping_status":"closed","template":"","meta":[],"product_brand":[],"product_cat":[135,153,131,110],"product_tag":[],"class_list":{"0":"post-1518","1":"product","2":"type-product","3":"status-publish","4":"has-post-thumbnail","6":"product_cat-1922-by-j-m-keune","7":"product_cat-conditioning-spray","8":"product_cat-keune-care","9":"product_cat-leave-in-conditioner","11":"first","12":"instock","13":"shipping-taxable","14":"purchasable","15":"product-type-variable","16":"has-default-attributes"},"_links":{"self":[{"href":"https:\/\/keune.al\/sq\/wp-json\/wp\/v2\/product\/1518","targetHints":{"allow":["GET"]}}],"collection":[{"href":"https:\/\/keune.al\/sq\/wp-json\/wp\/v2\/product"}],"about":[{"href":"https:\/\/keune.al\/sq\/wp-json\/wp\/v2\/types\/product"}],"replies":[{"embeddable":true,"href":"https:\/\/keune.al\/sq\/wp-json\/wp\/v2\/comments?post=1518"}],"wp:featuredmedia":[{"embeddable":true,"href":"https:\/\/keune.al\/sq\/wp-json\/wp\/v2\/media\/1520"}],"wp:attachment":[{"href":"https:\/\/keune.al\/sq\/wp-json\/wp\/v2\/media?parent=1518"}],"wp:term":[{"taxonomy":"product_brand","embeddable":true,"href":"https:\/\/keune.al\/sq\/wp-json\/wp\/v2\/product_brand?post=1518"},{"taxonomy":"product_cat","embeddable":true,"href":"https:\/\/keune.al\/sq\/wp-json\/wp\/v2\/product_cat?post=1518"},{"taxonomy":"product_tag","embeddable":true,"href":"https:\/\/keune.al\/sq\/wp-json\/wp\/v2\/product_tag?post=1518"}],"curies":[{"name":"wp","href":"https:\/\/api.w.org\/{rel}","templated":true}]}}