{"id":1502,"date":"2025-10-22T17:00:54","date_gmt":"2025-10-22T17:00:54","guid":{"rendered":"https:\/\/keune.al\/?post_type=product&#038;p=1502"},"modified":"2025-11-02T13:42:49","modified_gmt":"2025-11-02T13:42:49","slug":"pako-trajtimi-me-ngjyra-te-gjalla","status":"publish","type":"product","link":"https:\/\/keune.al\/sq\/produkt\/pako-trajtimi-me-ngjyra-te-gjalla\/","title":{"rendered":"Paketa Vibrant Color Treatment"},"content":{"rendered":"","protected":false},"excerpt":{"rendered":"<p>Zgjasni shk\u00eblqimin e ngjyr\u00ebs suaj t\u00eb flokut me zgjidhjet tona t\u00eb formuluara posa\u00e7\u00ebrisht p\u00ebr kujdesin n\u00eb sht\u00ebpi. K\u00ebto produkte mbrojn\u00eb nga rrezet UV.<br \/>\nMbrojn\u00eb nga d\u00ebmtimi dhe mbajn\u00eb flokun tuaj t\u00eb fresk\u00ebt, me shk\u00eblqim dhe plot jet\u00eb.<\/p>","protected":false},"featured_media":1504,"comment_status":"open","ping_status":"closed","template":"","meta":[],"product_brand":[],"product_cat":[122,92,19,131,121,151,93],"product_tag":[],"class_list":{"0":"post-1502","1":"product","2":"type-product","3":"status-publish","4":"has-post-thumbnail","6":"product_cat-color-protection","7":"product_cat-hair-care","8":"product_cat-hair-styling","9":"product_cat-keune-care","10":"product_cat-result","11":"product_cat-shampoo","12":"product_cat-shampoo-care","13":"pa_variant-250ml","14":"pa_variant-80ml","15":"pa_variant-1000ml","17":"first","18":"instock","19":"shipping-taxable","20":"product-type-grouped"},"_links":{"self":[{"href":"https:\/\/keune.al\/sq\/wp-json\/wp\/v2\/product\/1502","targetHints":{"allow":["GET"]}}],"collection":[{"href":"https:\/\/keune.al\/sq\/wp-json\/wp\/v2\/product"}],"about":[{"href":"https:\/\/keune.al\/sq\/wp-json\/wp\/v2\/types\/product"}],"replies":[{"embeddable":true,"href":"https:\/\/keune.al\/sq\/wp-json\/wp\/v2\/comments?post=1502"}],"wp:featuredmedia":[{"embeddable":true,"href":"https:\/\/keune.al\/sq\/wp-json\/wp\/v2\/media\/1504"}],"wp:attachment":[{"href":"https:\/\/keune.al\/sq\/wp-json\/wp\/v2\/media?parent=1502"}],"wp:term":[{"taxonomy":"product_brand","embeddable":true,"href":"https:\/\/keune.al\/sq\/wp-json\/wp\/v2\/product_brand?post=1502"},{"taxonomy":"product_cat","embeddable":true,"href":"https:\/\/keune.al\/sq\/wp-json\/wp\/v2\/product_cat?post=1502"},{"taxonomy":"product_tag","embeddable":true,"href":"https:\/\/keune.al\/sq\/wp-json\/wp\/v2\/product_tag?post=1502"}],"curies":[{"name":"wp","href":"https:\/\/api.w.org\/{rel}","templated":true}]}}