{"id":1499,"date":"2025-10-22T16:57:36","date_gmt":"2025-10-22T16:57:36","guid":{"rendered":"https:\/\/keune.al\/?post_type=product&#038;p=1499"},"modified":"2025-11-02T13:43:07","modified_gmt":"2025-11-02T13:43:07","slug":"tufe-me-onde-te-shkurtra-bob-me-grep-te-valezuar","status":"publish","type":"product","link":"https:\/\/keune.al\/sq\/produkt\/tufe-me-onde-te-shkurtra-bob-me-grep-te-valezuar\/","title":{"rendered":"Paketa Wavy Bob"},"content":{"rendered":"","protected":false},"excerpt":{"rendered":"<p>P\u00ebrgatituni t\u00eb t\u00ebrhiqni v\u00ebmendjen me modelin elegant dhe natyral t\u00eb flokut, Wavy Bob! Ky model floku aktualisht n\u00eb mod\u00eb, kombinon eleganc\u00ebn e p\u00ebrjetshme t\u00eb nj\u00eb modeli bob me val\u00ebzimet lozonjare dhe t\u00eb relaksuara q\u00eb shp\u00ebrfaqin nj\u00eb sofistikim modern. I p\u00ebrsosur p\u00ebr \u00e7do rast, modeli Wavy Bob \u00ebsht\u00eb i gjithansh\u00ebm, k\u00ebrkon pak mir\u00ebmbajtje dhe i shkon jasht\u00ebzakonisht t\u00eb gjitha formave t\u00eb fytyr\u00ebs. Pavar\u00ebsisht n\u00ebse po shkoni n\u00eb nj\u00eb drek\u00eb t\u00eb zakonshme apo n\u00eb nj\u00eb event formal, ky stil i shton pamjes suaj nj\u00eb prekje shk\u00eblqimi t\u00eb leht\u00eb.<\/p>","protected":false},"featured_media":1501,"comment_status":"open","ping_status":"closed","template":"","meta":[],"product_brand":[],"product_cat":[92,19,132,93,151],"product_tag":[],"class_list":{"0":"post-1499","1":"product","2":"type-product","3":"status-publish","4":"has-post-thumbnail","6":"product_cat-hair-care","7":"product_cat-hair-styling","8":"product_cat-keune-style","9":"product_cat-shampoo-care","10":"product_cat-shampoo","11":"pa_variant-250ml","12":"pa_variant-80ml","13":"pa_variant-1000ml","15":"first","16":"instock","17":"shipping-taxable","18":"product-type-grouped"},"_links":{"self":[{"href":"https:\/\/keune.al\/sq\/wp-json\/wp\/v2\/product\/1499","targetHints":{"allow":["GET"]}}],"collection":[{"href":"https:\/\/keune.al\/sq\/wp-json\/wp\/v2\/product"}],"about":[{"href":"https:\/\/keune.al\/sq\/wp-json\/wp\/v2\/types\/product"}],"replies":[{"embeddable":true,"href":"https:\/\/keune.al\/sq\/wp-json\/wp\/v2\/comments?post=1499"}],"wp:featuredmedia":[{"embeddable":true,"href":"https:\/\/keune.al\/sq\/wp-json\/wp\/v2\/media\/1501"}],"wp:attachment":[{"href":"https:\/\/keune.al\/sq\/wp-json\/wp\/v2\/media?parent=1499"}],"wp:term":[{"taxonomy":"product_brand","embeddable":true,"href":"https:\/\/keune.al\/sq\/wp-json\/wp\/v2\/product_brand?post=1499"},{"taxonomy":"product_cat","embeddable":true,"href":"https:\/\/keune.al\/sq\/wp-json\/wp\/v2\/product_cat?post=1499"},{"taxonomy":"product_tag","embeddable":true,"href":"https:\/\/keune.al\/sq\/wp-json\/wp\/v2\/product_tag?post=1499"}],"curies":[{"name":"wp","href":"https:\/\/api.w.org\/{rel}","templated":true}]}}