{"id":1487,"date":"2025-10-22T16:50:31","date_gmt":"2025-10-22T16:50:31","guid":{"rendered":"https:\/\/keune.al\/?post_type=product&#038;p=1487"},"modified":"2025-11-18T10:05:00","modified_gmt":"2025-11-18T10:05:00","slug":"sprej-me-shkelqim-per-pallto-te-ndritshme","status":"publish","type":"product","link":"https:\/\/keune.al\/sq\/produkt\/sprej-me-shkelqim-per-pallto-te-ndritshme\/","title":{"rendered":"Luminous Coat Shine Spray 150 ml"},"content":{"rendered":"","protected":false},"excerpt":{"rendered":"<p>Nj\u00eb sprej pa pesh\u00eb me teknologji inovative t\u00eb vulosjes s\u00eb fibrave, Luminous Coat Luminous Shine Spray q\u00eb zbut dhe i jep flok\u00ebve hidratim t\u00eb but\u00eb si m\u00ebndafsh me mbrojtje afatgjat\u00eb kund\u00ebr d\u00ebmtimit dhe lag\u00ebshtis\u00eb.<\/p>","protected":false},"featured_media":1494,"comment_status":"open","ping_status":"closed","template":"","meta":[],"product_brand":[],"product_cat":[92,131,102],"product_tag":[],"class_list":{"0":"post-1487","1":"product","2":"type-product","3":"status-publish","4":"has-post-thumbnail","6":"product_cat-hair-care","7":"product_cat-keune-care","8":"product_cat-mask","10":"first","11":"instock","12":"shipping-taxable","13":"purchasable","14":"product-type-simple"},"_links":{"self":[{"href":"https:\/\/keune.al\/sq\/wp-json\/wp\/v2\/product\/1487","targetHints":{"allow":["GET"]}}],"collection":[{"href":"https:\/\/keune.al\/sq\/wp-json\/wp\/v2\/product"}],"about":[{"href":"https:\/\/keune.al\/sq\/wp-json\/wp\/v2\/types\/product"}],"replies":[{"embeddable":true,"href":"https:\/\/keune.al\/sq\/wp-json\/wp\/v2\/comments?post=1487"}],"wp:featuredmedia":[{"embeddable":true,"href":"https:\/\/keune.al\/sq\/wp-json\/wp\/v2\/media\/1494"}],"wp:attachment":[{"href":"https:\/\/keune.al\/sq\/wp-json\/wp\/v2\/media?parent=1487"}],"wp:term":[{"taxonomy":"product_brand","embeddable":true,"href":"https:\/\/keune.al\/sq\/wp-json\/wp\/v2\/product_brand?post=1487"},{"taxonomy":"product_cat","embeddable":true,"href":"https:\/\/keune.al\/sq\/wp-json\/wp\/v2\/product_cat?post=1487"},{"taxonomy":"product_tag","embeddable":true,"href":"https:\/\/keune.al\/sq\/wp-json\/wp\/v2\/product_tag?post=1487"}],"curies":[{"name":"wp","href":"https:\/\/api.w.org\/{rel}","templated":true}]}}