{"id":1484,"date":"2025-10-22T16:45:42","date_gmt":"2025-10-22T16:45:42","guid":{"rendered":"https:\/\/keune.al\/?post_type=product&#038;p=1484"},"modified":"2025-11-02T13:43:40","modified_gmt":"2025-11-02T13:43:40","slug":"tufe-kacurrela","status":"publish","type":"product","link":"https:\/\/keune.al\/sq\/produkt\/tufe-kacurrela\/","title":{"rendered":"Paketa p\u00ebr Ka\u00e7urrelat"},"content":{"rendered":"","protected":false},"excerpt":{"rendered":"<p>Ka\u00e7urrelat tuaja t\u00eb bukura ndonj\u00ebher\u00eb mund t\u00eb elektrizohen. Produktet Care Confident Curl e luftojn\u00eb k\u00ebt\u00eb dhe i japin flokut tuaj m\u00eb shum\u00eb gjall\u00ebri. Plot\u00ebsoni pamjen tuaj me Spring Loaded: Mbushni, ushqeni dhe p\u00ebrcaktoni ka\u00e7urrelat me k\u00ebt\u00eb xhel t\u00eb but\u00eb, duke ofruar ekuilibrin perfekt midis ushqimit t\u00eb ofruar nga kremi dhe fiksimit t\u00eb ofruar nga xheli.<\/p>","protected":false},"featured_media":1483,"comment_status":"open","ping_status":"closed","template":"","meta":[],"product_brand":[],"product_cat":[152,92,19,93,151],"product_tag":[],"class_list":{"0":"post-1484","1":"product","2":"type-product","3":"status-publish","4":"has-post-thumbnail","6":"product_cat-conditioner","7":"product_cat-hair-care","8":"product_cat-hair-styling","9":"product_cat-shampoo-care","10":"product_cat-shampoo","11":"pa_variant-250ml","12":"pa_variant-80ml","13":"pa_variant-1000ml","15":"first","16":"instock","17":"shipping-taxable","18":"product-type-grouped"},"_links":{"self":[{"href":"https:\/\/keune.al\/sq\/wp-json\/wp\/v2\/product\/1484","targetHints":{"allow":["GET"]}}],"collection":[{"href":"https:\/\/keune.al\/sq\/wp-json\/wp\/v2\/product"}],"about":[{"href":"https:\/\/keune.al\/sq\/wp-json\/wp\/v2\/types\/product"}],"replies":[{"embeddable":true,"href":"https:\/\/keune.al\/sq\/wp-json\/wp\/v2\/comments?post=1484"}],"wp:featuredmedia":[{"embeddable":true,"href":"https:\/\/keune.al\/sq\/wp-json\/wp\/v2\/media\/1483"}],"wp:attachment":[{"href":"https:\/\/keune.al\/sq\/wp-json\/wp\/v2\/media?parent=1484"}],"wp:term":[{"taxonomy":"product_brand","embeddable":true,"href":"https:\/\/keune.al\/sq\/wp-json\/wp\/v2\/product_brand?post=1484"},{"taxonomy":"product_cat","embeddable":true,"href":"https:\/\/keune.al\/sq\/wp-json\/wp\/v2\/product_cat?post=1484"},{"taxonomy":"product_tag","embeddable":true,"href":"https:\/\/keune.al\/sq\/wp-json\/wp\/v2\/product_tag?post=1484"}],"curies":[{"name":"wp","href":"https:\/\/api.w.org\/{rel}","templated":true}]}}