{"id":1478,"date":"2025-10-22T11:42:46","date_gmt":"2025-10-22T11:42:46","guid":{"rendered":"https:\/\/keune.al\/?post_type=product&#038;p=1478"},"modified":"2025-11-02T13:56:48","modified_gmt":"2025-11-02T13:56:48","slug":"shampo-me-kondicioner-per-kacurrela","status":"publish","type":"product","link":"https:\/\/keune.al\/sq\/produkt\/shampo-me-kondicioner-per-kacurrela\/","title":{"rendered":"Confident Curl Shampo + Balsam"},"content":{"rendered":"","protected":false},"excerpt":{"rendered":"<p>Transformoni ka\u00e7urrelat tuaja me shampon dhe balsamin ton\u00eb inovativ Confident Curl pa sulfate. I projektuar p\u00ebr flok\u00ebt ka\u00e7urrela, shampoja pastron but\u00ebsisht duke ruajtur hidratimin, duke i mbrojtur ka\u00e7urrelat nga humbja e proteinave.<\/p>","protected":false},"featured_media":1480,"comment_status":"open","ping_status":"closed","template":"","meta":[],"product_brand":[],"product_cat":[152,92,19,93,151],"product_tag":[],"class_list":{"0":"post-1478","1":"product","2":"type-product","3":"status-publish","4":"has-post-thumbnail","6":"product_cat-conditioner","7":"product_cat-hair-care","8":"product_cat-hair-styling","9":"product_cat-shampoo-care","10":"product_cat-shampoo","11":"pa_variant-250ml","12":"pa_variant-80ml","13":"pa_variant-1000ml","15":"first","16":"instock","17":"shipping-taxable","18":"product-type-grouped"},"_links":{"self":[{"href":"https:\/\/keune.al\/sq\/wp-json\/wp\/v2\/product\/1478","targetHints":{"allow":["GET"]}}],"collection":[{"href":"https:\/\/keune.al\/sq\/wp-json\/wp\/v2\/product"}],"about":[{"href":"https:\/\/keune.al\/sq\/wp-json\/wp\/v2\/types\/product"}],"replies":[{"embeddable":true,"href":"https:\/\/keune.al\/sq\/wp-json\/wp\/v2\/comments?post=1478"}],"wp:featuredmedia":[{"embeddable":true,"href":"https:\/\/keune.al\/sq\/wp-json\/wp\/v2\/media\/1480"}],"wp:attachment":[{"href":"https:\/\/keune.al\/sq\/wp-json\/wp\/v2\/media?parent=1478"}],"wp:term":[{"taxonomy":"product_brand","embeddable":true,"href":"https:\/\/keune.al\/sq\/wp-json\/wp\/v2\/product_brand?post=1478"},{"taxonomy":"product_cat","embeddable":true,"href":"https:\/\/keune.al\/sq\/wp-json\/wp\/v2\/product_cat?post=1478"},{"taxonomy":"product_tag","embeddable":true,"href":"https:\/\/keune.al\/sq\/wp-json\/wp\/v2\/product_tag?post=1478"}],"curies":[{"name":"wp","href":"https:\/\/api.w.org\/{rel}","templated":true}]}}