{"id":1472,"date":"2025-10-22T11:36:36","date_gmt":"2025-10-22T11:36:36","guid":{"rendered":"https:\/\/keune.al\/?post_type=product&#038;p=1472"},"modified":"2025-11-02T04:18:51","modified_gmt":"2025-11-02T04:18:51","slug":"shampo-dhe-balsam-me-ngjyre-brillianz","status":"publish","type":"product","link":"https:\/\/keune.al\/sq\/produkt\/shampo-dhe-balsam-me-ngjyre-brillianz\/","title":{"rendered":"Color Brillianz Shampo + Balsam"},"content":{"rendered":"","protected":false},"excerpt":{"rendered":"<p>Ruani shk\u00eblqimin e trajtimeve me ngjyra me rutin\u00ebn Color Brillianz, t\u00eb formuluar me Ekstrakt Luledielli dhe Teknologji inovative t\u00eb M\u00ebndafshit t\u00eb Detit. Larja e shpesht\u00eb, stilimi me nxeht\u00ebsi dhe faktor\u00ebt stresues mjedisor\u00eb mund t\u00eb shkaktojn\u00eb zbehjen e ngjyr\u00ebs dhe tharjen dhe zbehjen e flok\u00ebve. K\u00ebto formula funksionojn\u00eb p\u00ebr t\u00eb fiksuar ngjyr\u00ebn, p\u00ebr t\u00eb mbrojtur nga zbehja dhe p\u00ebr t\u00eb ushqyer thell\u00ebsisht fijet.<\/p>","protected":false},"featured_media":1474,"comment_status":"open","ping_status":"closed","template":"","meta":[],"product_brand":[],"product_cat":[152,98,92,19,131,93,151],"product_tag":[],"class_list":{"0":"post-1472","1":"product","2":"type-product","3":"status-publish","4":"has-post-thumbnail","6":"product_cat-conditioner","7":"product_cat-conditioners","8":"product_cat-hair-care","9":"product_cat-hair-styling","10":"product_cat-keune-care","11":"product_cat-shampoo-care","12":"product_cat-shampoo","13":"pa_variant-250ml","14":"pa_variant-80ml","15":"pa_variant-1000ml","17":"first","18":"instock","19":"shipping-taxable","20":"product-type-grouped"},"_links":{"self":[{"href":"https:\/\/keune.al\/sq\/wp-json\/wp\/v2\/product\/1472","targetHints":{"allow":["GET"]}}],"collection":[{"href":"https:\/\/keune.al\/sq\/wp-json\/wp\/v2\/product"}],"about":[{"href":"https:\/\/keune.al\/sq\/wp-json\/wp\/v2\/types\/product"}],"replies":[{"embeddable":true,"href":"https:\/\/keune.al\/sq\/wp-json\/wp\/v2\/comments?post=1472"}],"wp:featuredmedia":[{"embeddable":true,"href":"https:\/\/keune.al\/sq\/wp-json\/wp\/v2\/media\/1474"}],"wp:attachment":[{"href":"https:\/\/keune.al\/sq\/wp-json\/wp\/v2\/media?parent=1472"}],"wp:term":[{"taxonomy":"product_brand","embeddable":true,"href":"https:\/\/keune.al\/sq\/wp-json\/wp\/v2\/product_brand?post=1472"},{"taxonomy":"product_cat","embeddable":true,"href":"https:\/\/keune.al\/sq\/wp-json\/wp\/v2\/product_cat?post=1472"},{"taxonomy":"product_tag","embeddable":true,"href":"https:\/\/keune.al\/sq\/wp-json\/wp\/v2\/product_tag?post=1472"}],"curies":[{"name":"wp","href":"https:\/\/api.w.org\/{rel}","templated":true}]}}