{"id":1469,"date":"2025-10-22T11:27:56","date_gmt":"2025-10-22T11:27:56","guid":{"rendered":"https:\/\/keune.al\/?post_type=product&#038;p=1469"},"modified":"2025-11-02T04:18:51","modified_gmt":"2025-11-02T04:18:51","slug":"pako-trajtimi-per-shkelqimin-bjonde","status":"publish","type":"product","link":"https:\/\/keune.al\/sq\/produkt\/pako-trajtimi-per-shkelqimin-bjonde\/","title":{"rendered":"Paketa Blonde Brilliance Treatment"},"content":{"rendered":"","protected":false},"excerpt":{"rendered":"<p>Zgjatni efektet e Trajtimit tuaj Blonde Brilliance me produktet tona t\u00eb kujdesit n\u00eb sht\u00ebpi. K\u00ebto ndihmojn\u00eb n\u00eb ruajtjen e freskis\u00eb,<br \/>\ntone t\u00eb ndritshme nd\u00ebrsa ushqejn\u00eb dhe mbrojn\u00eb flok\u00ebt bjonde nga d\u00ebmtimi.<\/p>","protected":false},"featured_media":1471,"comment_status":"open","ping_status":"closed","template":"","meta":[],"product_brand":[],"product_cat":[152,98,123,92,19,131,151,93],"product_tag":[],"class_list":{"0":"post-1469","1":"product","2":"type-product","3":"status-publish","4":"has-post-thumbnail","6":"product_cat-conditioner","7":"product_cat-conditioners","8":"product_cat-cool-blonde-and-silver-tones","9":"product_cat-hair-care","10":"product_cat-hair-styling","11":"product_cat-keune-care","12":"product_cat-shampoo","13":"product_cat-shampoo-care","14":"pa_variant-250ml","15":"pa_variant-80ml","16":"pa_variant-1000ml","18":"first","19":"instock","20":"shipping-taxable","21":"product-type-grouped"},"_links":{"self":[{"href":"https:\/\/keune.al\/sq\/wp-json\/wp\/v2\/product\/1469","targetHints":{"allow":["GET"]}}],"collection":[{"href":"https:\/\/keune.al\/sq\/wp-json\/wp\/v2\/product"}],"about":[{"href":"https:\/\/keune.al\/sq\/wp-json\/wp\/v2\/types\/product"}],"replies":[{"embeddable":true,"href":"https:\/\/keune.al\/sq\/wp-json\/wp\/v2\/comments?post=1469"}],"wp:featuredmedia":[{"embeddable":true,"href":"https:\/\/keune.al\/sq\/wp-json\/wp\/v2\/media\/1471"}],"wp:attachment":[{"href":"https:\/\/keune.al\/sq\/wp-json\/wp\/v2\/media?parent=1469"}],"wp:term":[{"taxonomy":"product_brand","embeddable":true,"href":"https:\/\/keune.al\/sq\/wp-json\/wp\/v2\/product_brand?post=1469"},{"taxonomy":"product_cat","embeddable":true,"href":"https:\/\/keune.al\/sq\/wp-json\/wp\/v2\/product_cat?post=1469"},{"taxonomy":"product_tag","embeddable":true,"href":"https:\/\/keune.al\/sq\/wp-json\/wp\/v2\/product_tag?post=1469"}],"curies":[{"name":"wp","href":"https:\/\/api.w.org\/{rel}","templated":true}]}}