{"id":1466,"date":"2025-10-22T09:42:11","date_gmt":"2025-10-22T09:42:11","guid":{"rendered":"https:\/\/keune.al\/?post_type=product&#038;p=1466"},"modified":"2025-11-02T04:18:51","modified_gmt":"2025-11-02T04:18:51","slug":"shampo-dhe-balsam-silver-savior","status":"publish","type":"product","link":"https:\/\/keune.al\/sq\/produkt\/shampo-dhe-balsam-silver-savior\/","title":{"rendered":"Silver Savior Shampo + Balsam"},"content":{"rendered":"","protected":false},"excerpt":{"rendered":"<p>N\u00ebse keni flok\u00eb ngjyr\u00eb argjendi, do t\u00eb d\u00ebshironi t\u2019i mbani ashtu. A jeni natyralisht gri apo bionde e ftoht\u00eb? At\u00ebher\u00eb Care Silver Savior \u00ebsht\u00eb perfekt p\u00ebr ju.<\/p>","protected":false},"featured_media":1467,"comment_status":"open","ping_status":"closed","template":"","meta":[],"product_brand":[],"product_cat":[152,98,92,19,131,151,93],"product_tag":[],"class_list":{"0":"post-1466","1":"product","2":"type-product","3":"status-publish","4":"has-post-thumbnail","6":"product_cat-conditioner","7":"product_cat-conditioners","8":"product_cat-hair-care","9":"product_cat-hair-styling","10":"product_cat-keune-care","11":"product_cat-shampoo","12":"product_cat-shampoo-care","13":"pa_variant-250ml","14":"pa_variant-80ml","15":"pa_variant-1000ml","17":"first","18":"instock","19":"shipping-taxable","20":"product-type-grouped"},"_links":{"self":[{"href":"https:\/\/keune.al\/sq\/wp-json\/wp\/v2\/product\/1466","targetHints":{"allow":["GET"]}}],"collection":[{"href":"https:\/\/keune.al\/sq\/wp-json\/wp\/v2\/product"}],"about":[{"href":"https:\/\/keune.al\/sq\/wp-json\/wp\/v2\/types\/product"}],"replies":[{"embeddable":true,"href":"https:\/\/keune.al\/sq\/wp-json\/wp\/v2\/comments?post=1466"}],"wp:featuredmedia":[{"embeddable":true,"href":"https:\/\/keune.al\/sq\/wp-json\/wp\/v2\/media\/1467"}],"wp:attachment":[{"href":"https:\/\/keune.al\/sq\/wp-json\/wp\/v2\/media?parent=1466"}],"wp:term":[{"taxonomy":"product_brand","embeddable":true,"href":"https:\/\/keune.al\/sq\/wp-json\/wp\/v2\/product_brand?post=1466"},{"taxonomy":"product_cat","embeddable":true,"href":"https:\/\/keune.al\/sq\/wp-json\/wp\/v2\/product_cat?post=1466"},{"taxonomy":"product_tag","embeddable":true,"href":"https:\/\/keune.al\/sq\/wp-json\/wp\/v2\/product_tag?post=1466"}],"curies":[{"name":"wp","href":"https:\/\/api.w.org\/{rel}","templated":true}]}}