{"id":1460,"date":"2025-10-22T09:39:54","date_gmt":"2025-10-22T09:39:54","guid":{"rendered":"https:\/\/keune.al\/?post_type=product&#038;p=1460"},"modified":"2025-11-20T12:55:26","modified_gmt":"2025-11-20T12:55:26","slug":"balsami-care-silver-savior","status":"publish","type":"product","link":"https:\/\/keune.al\/sq\/produkt\/balsami-care-silver-savior\/","title":{"rendered":"Balsami Silver Savior"},"content":{"rendered":"<div class=\"expander_title___5Kmz\"><strong>P\u00ebrb\u00ebr\u00ebsit<\/strong><\/div>\n<div class=\"expander_content__dB5dn\">\n<div class=\"expander_innerNoScroll__2BEp8\">\n<div class=\"richtext_richText__EPidn\">\n<p>Uj\u00eb (Aqua), Alkool Cetearil, Glicerin\u00eb, Behenamidopropil Dimetilamin\u00eb, Klorur Cetrimoniumi, Klorur Behentrimoniumi, Pantenol, Parfum (Arom\u00eb), Benzoat Natriumi, Klorur Guar Hidroksipropiltrimoniumi, Acid Laktik, Alkool Izopropilik, Arginin\u00eb, Glukoz\u00eb, Propilen Glikol, Acid Vjollc\u00eb 43, Sorbitol, Ekstrakt Luleje Viola Odorata<\/p>\n<div class=\"expander_title___5Kmz\"><strong>Si t\u00eb p\u00ebrdoren?<\/strong><\/div>\n<div class=\"expander_content__dB5dn\">\n<div class=\"expander_innerNoScroll__2BEp8\">\n<div class=\"richtext_richText__EPidn\">\n<p>Aplikojeni n\u00eb flok\u00eb t\u00eb sapolar\u00eb me shampo, l\u00ebreni p\u00ebr 1-3 minuta dhe shp\u00eblajeni me kujdes. <b class=\"richtext_bold__Ems8N\">Kujdes<\/b>Ky produkt p\u00ebrmban p\u00ebrb\u00ebr\u00ebs q\u00eb mund t\u00eb shkaktojn\u00eb acarim t\u00eb l\u00ebkur\u00ebs tek individ\u00eb t\u00eb caktuar dhe s\u00eb pari duhet t\u00eb b\u00ebhet nj\u00eb test paraprak sipas udh\u00ebzimeve bashk\u00ebngjitur. Ky produkt nuk duhet t\u00eb p\u00ebrdoret p\u00ebr lyerjen e qerpik\u00ebve ose vetullave; kjo mund t\u00eb shkaktoj\u00eb verb\u00ebri.<\/p>\n<\/div>\n<\/div>\n<\/div>\n<\/div>\n<\/div>\n<\/div>","protected":false},"excerpt":{"rendered":"<p>Ruani tonin tuaj t\u00eb p\u00ebrsosur me Balsamin Silver Savior Silver, i projektuar posa\u00e7\u00ebrisht p\u00ebr t\u00eb neutralizuar nuanc\u00ebn prej bronzi, p\u00ebr t\u00eb hidratuar dhe p\u00ebr t\u00eb rritur shk\u00eblqimin e flok\u00ebve bjond\u00eb t\u00eb ftoht\u00eb, argjendt\u00eb dhe platin. I mbushur me pigmente vjollce dhe p\u00ebrb\u00ebr\u00ebs ushqyes, kjo formul\u00eb e pasur dhe kremoze rikthen tonet e ftohta duke i l\u00ebn\u00eb flok\u00ebt t\u00eb l\u00ebmuar si m\u00ebndafsh, t\u00eb but\u00eb dhe rrezatues.<\/p>","protected":false},"featured_media":1465,"comment_status":"open","ping_status":"closed","template":"","meta":[],"product_brand":[],"product_cat":[98,92],"product_tag":[],"class_list":{"0":"post-1460","1":"product","2":"type-product","3":"status-publish","4":"has-post-thumbnail","6":"product_cat-conditioners","7":"product_cat-hair-care","8":"pa_variant-250ml","9":"pa_variant-80ml","10":"pa_variant-1000ml","12":"first","13":"instock","14":"shipping-taxable","15":"purchasable","16":"product-type-variable","17":"has-default-attributes"},"_links":{"self":[{"href":"https:\/\/keune.al\/sq\/wp-json\/wp\/v2\/product\/1460","targetHints":{"allow":["GET"]}}],"collection":[{"href":"https:\/\/keune.al\/sq\/wp-json\/wp\/v2\/product"}],"about":[{"href":"https:\/\/keune.al\/sq\/wp-json\/wp\/v2\/types\/product"}],"replies":[{"embeddable":true,"href":"https:\/\/keune.al\/sq\/wp-json\/wp\/v2\/comments?post=1460"}],"wp:featuredmedia":[{"embeddable":true,"href":"https:\/\/keune.al\/sq\/wp-json\/wp\/v2\/media\/1465"}],"wp:attachment":[{"href":"https:\/\/keune.al\/sq\/wp-json\/wp\/v2\/media?parent=1460"}],"wp:term":[{"taxonomy":"product_brand","embeddable":true,"href":"https:\/\/keune.al\/sq\/wp-json\/wp\/v2\/product_brand?post=1460"},{"taxonomy":"product_cat","embeddable":true,"href":"https:\/\/keune.al\/sq\/wp-json\/wp\/v2\/product_cat?post=1460"},{"taxonomy":"product_tag","embeddable":true,"href":"https:\/\/keune.al\/sq\/wp-json\/wp\/v2\/product_tag?post=1460"}],"curies":[{"name":"wp","href":"https:\/\/api.w.org\/{rel}","templated":true}]}}