{"id":1458,"date":"2025-10-22T09:37:49","date_gmt":"2025-10-22T09:37:49","guid":{"rendered":"https:\/\/keune.al\/?post_type=product&#038;p=1458"},"modified":"2025-11-18T10:09:49","modified_gmt":"2025-11-18T10:09:49","slug":"arome-kaq-e-paster-per-floket","status":"publish","type":"product","link":"https:\/\/keune.al\/sq\/produkt\/arome-kaq-e-paster-per-floket\/","title":{"rendered":"Parfum p\u00ebr flok\u00eb So Pure 50 ml"},"content":{"rendered":"","protected":false},"excerpt":{"rendered":"<p>P\u00ebrjetoni arom\u00ebn karakteristike t\u00eb So Pure me arom\u00ebn ton\u00eb t\u00eb flok\u00ebve t\u00eb frym\u00ebzuar nga mjedisi. Fillon me notat ngrit\u00ebse t\u00eb gjetheve t\u00eb fikut, bergamot\u00ebs s\u00eb fresk\u00ebt dhe manaferrave, t\u00eb cilat m\u00eb pas hapen n\u00eb nj\u00eb esenc\u00eb lulesh jasemini dhe \u00e7aji jeshil bimor. Argjil\u00eb e but\u00eb dhe nuanca t\u00eb ngroht\u00ebsis\u00eb s\u00eb qelibarit, duke mb\u00ebshtjell\u00eb shqisat n\u00eb nj\u00eb p\u00ebrvoj\u00eb relaksuese si n\u00eb spa.<\/p>\n<p>Produktet tona jan\u00eb t\u00eb disponueshme vet\u00ebm n\u00eb nj\u00eb sallon bukurie Keune<\/p>","protected":false},"featured_media":1459,"comment_status":"open","ping_status":"closed","template":"","meta":[],"product_brand":[],"product_cat":[135,153],"product_tag":[],"class_list":{"0":"post-1458","1":"product","2":"type-product","3":"status-publish","4":"has-post-thumbnail","6":"product_cat-1922-by-j-m-keune","7":"product_cat-conditioning-spray","9":"first","10":"instock","11":"shipping-taxable","12":"purchasable","13":"product-type-simple"},"_links":{"self":[{"href":"https:\/\/keune.al\/sq\/wp-json\/wp\/v2\/product\/1458","targetHints":{"allow":["GET"]}}],"collection":[{"href":"https:\/\/keune.al\/sq\/wp-json\/wp\/v2\/product"}],"about":[{"href":"https:\/\/keune.al\/sq\/wp-json\/wp\/v2\/types\/product"}],"replies":[{"embeddable":true,"href":"https:\/\/keune.al\/sq\/wp-json\/wp\/v2\/comments?post=1458"}],"wp:featuredmedia":[{"embeddable":true,"href":"https:\/\/keune.al\/sq\/wp-json\/wp\/v2\/media\/1459"}],"wp:attachment":[{"href":"https:\/\/keune.al\/sq\/wp-json\/wp\/v2\/media?parent=1458"}],"wp:term":[{"taxonomy":"product_brand","embeddable":true,"href":"https:\/\/keune.al\/sq\/wp-json\/wp\/v2\/product_brand?post=1458"},{"taxonomy":"product_cat","embeddable":true,"href":"https:\/\/keune.al\/sq\/wp-json\/wp\/v2\/product_cat?post=1458"},{"taxonomy":"product_tag","embeddable":true,"href":"https:\/\/keune.al\/sq\/wp-json\/wp\/v2\/product_tag?post=1458"}],"curies":[{"name":"wp","href":"https:\/\/api.w.org\/{rel}","templated":true}]}}