{"id":1456,"date":"2025-10-22T09:35:10","date_gmt":"2025-10-22T09:35:10","guid":{"rendered":"https:\/\/keune.al\/?post_type=product&#038;p=1456"},"modified":"2025-11-18T10:14:55","modified_gmt":"2025-11-18T10:14:55","slug":"shperthim-perfundimtar","status":"publish","type":"product","link":"https:\/\/keune.al\/sq\/produkt\/shperthim-perfundimtar\/","title":{"rendered":"Ultimate Blowout 200 ml"},"content":{"rendered":"","protected":false},"excerpt":{"rendered":"<p>P\u00ebrjetoni nj\u00eb shk\u00eblqim p\u00ebrfundimtar! Locioni yn\u00eb mbrojt\u00ebs nga nxeht\u00ebsia ofron nj\u00eb mbajtje fleksibile dhe mesatare, nd\u00ebrsa shton v\u00ebllim dhe shk\u00eblqim rrezatues.<\/p>\n<p>P\u00ebrmban Teknologjin\u00eb e Integruar Bond Fuser p\u00ebr flok\u00eb t\u00eb fort\u00eb dhe t\u00eb leht\u00eb p\u00ebr t\u2019u menaxhuar, duke mbrojtur deri n\u00eb 230\u00b0C\/446\u00b0F. Shijoni shk\u00eblqimin natyral pa mbetje dhe nj\u00eb arom\u00eb freskuese Citrus Meadow.<\/p>","protected":false},"featured_media":1457,"comment_status":"open","ping_status":"closed","template":"","meta":[],"product_brand":[],"product_cat":[135,153,132,126,121],"product_tag":[],"class_list":{"0":"post-1456","1":"product","2":"type-product","3":"status-publish","4":"has-post-thumbnail","6":"product_cat-1922-by-j-m-keune","7":"product_cat-conditioning-spray","8":"product_cat-keune-style","9":"product_cat-more-volume","10":"product_cat-result","11":"pa_variant-200ml","13":"first","14":"instock","15":"shipping-taxable","16":"purchasable","17":"product-type-simple"},"_links":{"self":[{"href":"https:\/\/keune.al\/sq\/wp-json\/wp\/v2\/product\/1456","targetHints":{"allow":["GET"]}}],"collection":[{"href":"https:\/\/keune.al\/sq\/wp-json\/wp\/v2\/product"}],"about":[{"href":"https:\/\/keune.al\/sq\/wp-json\/wp\/v2\/types\/product"}],"replies":[{"embeddable":true,"href":"https:\/\/keune.al\/sq\/wp-json\/wp\/v2\/comments?post=1456"}],"wp:featuredmedia":[{"embeddable":true,"href":"https:\/\/keune.al\/sq\/wp-json\/wp\/v2\/media\/1457"}],"wp:attachment":[{"href":"https:\/\/keune.al\/sq\/wp-json\/wp\/v2\/media?parent=1456"}],"wp:term":[{"taxonomy":"product_brand","embeddable":true,"href":"https:\/\/keune.al\/sq\/wp-json\/wp\/v2\/product_brand?post=1456"},{"taxonomy":"product_cat","embeddable":true,"href":"https:\/\/keune.al\/sq\/wp-json\/wp\/v2\/product_cat?post=1456"},{"taxonomy":"product_tag","embeddable":true,"href":"https:\/\/keune.al\/sq\/wp-json\/wp\/v2\/product_tag?post=1456"}],"curies":[{"name":"wp","href":"https:\/\/api.w.org\/{rel}","templated":true}]}}