{"id":1450,"date":"2025-10-22T07:24:21","date_gmt":"2025-10-22T07:24:21","guid":{"rendered":"https:\/\/keune.al\/?post_type=product&#038;p=1450"},"modified":"2025-11-18T10:28:51","modified_gmt":"2025-11-18T10:28:51","slug":"sprej-me-2-faza-i-lemuar-dhe-kadife","status":"publish","type":"product","link":"https:\/\/keune.al\/sq\/produkt\/sprej-me-2-faza-i-lemuar-dhe-kadife\/","title":{"rendered":"Velvet Smooth 2-Phase Spray 200 ml"},"content":{"rendered":"","protected":false},"excerpt":{"rendered":"<p>Nj\u00eb trajtim i menj\u00ebhersh\u00ebm kondicionimi dhe zb\u00ebrthimi t\u00eb flok\u00ebve, spreji Velvet Smooth 2 Phase \u00ebsht\u00eb i pasuruar me keratin\u00eb vegane, e cila punon p\u00ebr t\u00eb rregulluar ekuilibrin e lag\u00ebshtis\u00eb nd\u00ebrsa forcon dhe zbut flok\u00ebt.<\/p>\n<p>Velvet Smooth 2 Phase Spray \u00ebsht\u00eb versioni i p\u00ebrmir\u00ebsuar i Keratin Smooth 2 Phase Spray.<\/p>","protected":false},"featured_media":1455,"comment_status":"open","ping_status":"closed","template":"","meta":[],"product_brand":[],"product_cat":[153,92,129,131,110,102,121],"product_tag":[],"class_list":{"0":"post-1450","1":"product","2":"type-product","3":"status-publish","4":"has-post-thumbnail","6":"product_cat-conditioning-spray","7":"product_cat-hair-care","8":"product_cat-hydration","9":"product_cat-keune-care","10":"product_cat-leave-in-conditioner","11":"product_cat-mask","12":"product_cat-result","13":"pa_variant-200ml","14":"pa_variant-80ml","16":"first","17":"instock","18":"shipping-taxable","19":"purchasable","20":"product-type-variable"},"_links":{"self":[{"href":"https:\/\/keune.al\/sq\/wp-json\/wp\/v2\/product\/1450","targetHints":{"allow":["GET"]}}],"collection":[{"href":"https:\/\/keune.al\/sq\/wp-json\/wp\/v2\/product"}],"about":[{"href":"https:\/\/keune.al\/sq\/wp-json\/wp\/v2\/types\/product"}],"replies":[{"embeddable":true,"href":"https:\/\/keune.al\/sq\/wp-json\/wp\/v2\/comments?post=1450"}],"wp:featuredmedia":[{"embeddable":true,"href":"https:\/\/keune.al\/sq\/wp-json\/wp\/v2\/media\/1455"}],"wp:attachment":[{"href":"https:\/\/keune.al\/sq\/wp-json\/wp\/v2\/media?parent=1450"}],"wp:term":[{"taxonomy":"product_brand","embeddable":true,"href":"https:\/\/keune.al\/sq\/wp-json\/wp\/v2\/product_brand?post=1450"},{"taxonomy":"product_cat","embeddable":true,"href":"https:\/\/keune.al\/sq\/wp-json\/wp\/v2\/product_cat?post=1450"},{"taxonomy":"product_tag","embeddable":true,"href":"https:\/\/keune.al\/sq\/wp-json\/wp\/v2\/product_tag?post=1450"}],"curies":[{"name":"wp","href":"https:\/\/api.w.org\/{rel}","templated":true}]}}