{"id":1444,"date":"2025-10-22T07:21:40","date_gmt":"2025-10-22T07:21:40","guid":{"rendered":"https:\/\/keune.al\/?post_type=product&#038;p=1444"},"modified":"2025-11-20T09:51:03","modified_gmt":"2025-11-20T09:51:03","slug":"care-velvet-smooth-conditioner","status":"publish","type":"product","link":"https:\/\/keune.al\/sq\/produkt\/care-velvet-smooth-conditioner\/","title":{"rendered":"Velvet Smooth Balsam"},"content":{"rendered":"<div class=\"expander_title___5Kmz\"><strong>P\u00ebrb\u00ebr\u00ebsit<\/strong><\/div>\n<div class=\"expander_content__dB5dn\">\n<div class=\"expander_innerNoScroll__2BEp8\">\n<div class=\"richtext_richText__EPidn\">\n<p>Aqua (Water),\u00a0Cetearyl\u00a0Alcohol, Behentrimonium\u00a0Chloride, Oleic acid, Cetrimonium\u00a0Chloride, Parfum (Fragrance),\u00a0Butyrospermum\u00a0Parkii\u00a0(Shea) Butter, Citric Acid, Isopropyl Alcohol, Isopropyl Myristate,\u00a0Amodimethicone, Sodium Benzoate,\u00a0Dicocoylethyl Hydroxyethylmonium\u00a0Methosulfate, Guar Hydroxypropyltrimonium\u00a0Chloride, Polyquaternium-37,\u00a0Hydrolyzed\u00a0Vegetable Protein, Propylene Glycol Dicaprylate\/ Dicaprate,\u00a0Dipropylene\u00a0Glycol, Panthenol, Sunflower Seed Oil Glycerides, C10-40\u00a0Isoalkylamidopropylethyldimonium Ethosulfate, PPG-1 Trideceth-6,\u00a0Glycerin, Trideceth-12, Phenoxyethanol,\u00a0Spathodea Campanulata\u00a0Flower Extract, Benzoic Acid, Potassium Sorbate, Sorbic Acid, Alpha-Isomethyl\u00a0Ionone, Citrus Aurantium Peel Oil, Hexyl Cinnamal, Limonene, Linalool, Linalyl Acetate, Tetramethyl Acetyloctahydronaphthalenes.<\/p>\n<div class=\"expander_title___5Kmz\"><strong>Si t\u00eb p\u00ebrdoren?<\/strong><\/div>\n<div class=\"expander_content__dB5dn\">\n<div class=\"expander_innerNoScroll__2BEp8\">\n<div class=\"richtext_richText__EPidn\">\n<p>Aplikoni n\u00eb flok\u00eb t\u00eb lar\u00eb me shampo e t\u00eb tamponuar me peshqir, l\u00ebreni t\u00eb veproj\u00eb p\u00ebr 1-3 minuta dhe m\u00eb pas shplajeni mir\u00eb.<\/p>\n<\/div>\n<\/div>\n<\/div>\n<\/div>\n<\/div>\n<\/div>","protected":false},"excerpt":{"rendered":"<p>Lock in moisture and smooth every strand with\u00a0Velvet Smooth Anti-Frizz Conditioner, designed to\u00a0hydrate, detangle, and tame frizz, this nourishing formula helps to\u00a0seal the cuticle, reduce\u00a0flyaways, and leave hair\u00a0soft, sleek, and beautifully manageable.\u200b<\/p>\n<p>Velvet Smooth Conditioner is the improved version of Keratin Smooth Conditioner<\/p>","protected":false},"featured_media":1449,"comment_status":"open","ping_status":"closed","template":"","meta":[],"product_brand":[],"product_cat":[98,92],"product_tag":[],"class_list":{"0":"post-1444","1":"product","2":"type-product","3":"status-publish","4":"has-post-thumbnail","6":"product_cat-conditioners","7":"product_cat-hair-care","8":"pa_variant-250ml","9":"pa_variant-80ml","10":"pa_variant-1000ml","12":"first","13":"instock","14":"shipping-taxable","15":"purchasable","16":"product-type-variable","17":"has-default-attributes"},"_links":{"self":[{"href":"https:\/\/keune.al\/sq\/wp-json\/wp\/v2\/product\/1444","targetHints":{"allow":["GET"]}}],"collection":[{"href":"https:\/\/keune.al\/sq\/wp-json\/wp\/v2\/product"}],"about":[{"href":"https:\/\/keune.al\/sq\/wp-json\/wp\/v2\/types\/product"}],"replies":[{"embeddable":true,"href":"https:\/\/keune.al\/sq\/wp-json\/wp\/v2\/comments?post=1444"}],"wp:featuredmedia":[{"embeddable":true,"href":"https:\/\/keune.al\/sq\/wp-json\/wp\/v2\/media\/1449"}],"wp:attachment":[{"href":"https:\/\/keune.al\/sq\/wp-json\/wp\/v2\/media?parent=1444"}],"wp:term":[{"taxonomy":"product_brand","embeddable":true,"href":"https:\/\/keune.al\/sq\/wp-json\/wp\/v2\/product_brand?post=1444"},{"taxonomy":"product_cat","embeddable":true,"href":"https:\/\/keune.al\/sq\/wp-json\/wp\/v2\/product_cat?post=1444"},{"taxonomy":"product_tag","embeddable":true,"href":"https:\/\/keune.al\/sq\/wp-json\/wp\/v2\/product_tag?post=1444"}],"curies":[{"name":"wp","href":"https:\/\/api.w.org\/{rel}","templated":true}]}}