{"id":1431,"date":"2025-10-22T07:17:22","date_gmt":"2025-10-22T07:17:22","guid":{"rendered":"https:\/\/keune.al\/?post_type=product&#038;p=1431"},"modified":"2025-11-20T13:48:51","modified_gmt":"2025-11-20T13:48:51","slug":"vital-nutrition-protein-spray-150ml","status":"publish","type":"product","link":"https:\/\/keune.al\/sq\/produkt\/vital-nutrition-protein-spray-150ml\/","title":{"rendered":"Vital Nutrition Protein Spray"},"content":{"rendered":"<div class=\"expander_title___5Kmz\"><strong>P\u00ebrb\u00ebr\u00ebsit<\/strong><\/div>\n<div class=\"expander_content__dB5dn\">\n<div class=\"expander_innerNoScroll__2BEp8\">\n<div class=\"richtext_richText__EPidn\">\n<p>Aqua (Water),\u00a0Distearyldimonium Chloride, Citric Acid, PEG-60 Hydrogenated Castor Oil,\u00a0Glycerin, Panthenol, Sodium Benzoate, Hydroxypropyltrimonium\u00a0Honey, Hydrolyzed\u00a0Corn Protein,\u00a0Hydrolyzed Soy Protein,\u00a0Hydrolyzed\u00a0Wheat Protein, Fructose, Parfum (Fragrance), Ricinus Communis (Castor) Seed Oil, Propylene Glycol,\u00a0Pentylene\u00a0Glycol,\u00a0Dipropylene Glycol, Phenoxyethanol, Sodium Citrate, Sodium Hyaluronate, Helichrysum Italicum\u00a0Extract, Macadamia Integrifolia Seed Oil, Olea Europaea (Olive) Fruit Oil, Palmitic Acid, Sorbic Acid, Polyporus Umbellatus\u00a0(Mushroom) Extract, Ceramide NG, Cholesterol, Benzyl Alcohol, Linalool, Tetramethyl Acetyloctahydronaphthalenes, Trimethylcyclopentenyl Methylisopentenol, Vanillin<\/p>\n<div class=\"expander_title___5Kmz\"><strong>Si t\u00eb p\u00ebrdoren?<\/strong><\/div>\n<div class=\"expander_content__dB5dn\">\n<div class=\"expander_innerNoScroll__2BEp8\">\n<div class=\"richtext_richText__EPidn\">\n<p>Sp\u00ebrkateni produktin n\u00eb flok\u00eb t\u00eb tamponuar, l\u00ebreni t\u00eb p\u00ebrthithet, shplajeni ose opsionalisht mos e shplani p\u00ebr nj\u00eb pasurim shtes\u00eb t\u00eb hidratimit. Ideale p\u00ebr p\u00ebrdorim para nj\u00eb trajtimi teknik.<\/p>\n<\/div>\n<\/div>\n<\/div>\n<\/div>\n<\/div>\n<\/div>","protected":false},"excerpt":{"rendered":"<p>Rigjall\u00ebroni dhe mbroni flokun tuaj me Vital Nutrition Protein Spray, nj\u00eb trajtim i leht\u00eb pa shplarje q\u00eb ofron proteina dhe hidratim thelb\u00ebsor p\u00ebr t\u00eb ndihmuar n\u00eb forcimin, hidratimin dhe mbrojtjen e \u00e7do fije floku. Ky spray shum\u00ebfunksional punon p\u00ebr t\u00eb p\u00ebrforcuar fibrat e flokut, p\u00ebr t\u00eb reduktuar k\u00ebputjen dhe p\u00ebr t\u00eb rikthyer but\u00ebsin\u00eb e m\u00ebndafsht\u00eb - ve\u00e7an\u00ebrisht gjat\u00eb dhe pas trajtimeve kimike.<\/p>","protected":false},"featured_media":1437,"comment_status":"open","ping_status":"closed","template":"","meta":[],"product_brand":[],"product_cat":[92,110],"product_tag":[],"class_list":{"0":"post-1431","1":"product","2":"type-product","3":"status-publish","4":"has-post-thumbnail","6":"product_cat-hair-care","7":"product_cat-leave-in-conditioner","8":"pa_variant-150ml","10":"first","11":"instock","12":"shipping-taxable","13":"purchasable","14":"product-type-variable","15":"has-default-attributes"},"_links":{"self":[{"href":"https:\/\/keune.al\/sq\/wp-json\/wp\/v2\/product\/1431","targetHints":{"allow":["GET"]}}],"collection":[{"href":"https:\/\/keune.al\/sq\/wp-json\/wp\/v2\/product"}],"about":[{"href":"https:\/\/keune.al\/sq\/wp-json\/wp\/v2\/types\/product"}],"replies":[{"embeddable":true,"href":"https:\/\/keune.al\/sq\/wp-json\/wp\/v2\/comments?post=1431"}],"wp:featuredmedia":[{"embeddable":true,"href":"https:\/\/keune.al\/sq\/wp-json\/wp\/v2\/media\/1437"}],"wp:attachment":[{"href":"https:\/\/keune.al\/sq\/wp-json\/wp\/v2\/media?parent=1431"}],"wp:term":[{"taxonomy":"product_brand","embeddable":true,"href":"https:\/\/keune.al\/sq\/wp-json\/wp\/v2\/product_brand?post=1431"},{"taxonomy":"product_cat","embeddable":true,"href":"https:\/\/keune.al\/sq\/wp-json\/wp\/v2\/product_cat?post=1431"},{"taxonomy":"product_tag","embeddable":true,"href":"https:\/\/keune.al\/sq\/wp-json\/wp\/v2\/product_tag?post=1431"}],"curies":[{"name":"wp","href":"https:\/\/api.w.org\/{rel}","templated":true}]}}