{"id":1428,"date":"2025-10-22T07:15:05","date_gmt":"2025-10-22T07:15:05","guid":{"rendered":"https:\/\/keune.al\/?post_type=product&#038;p=1428"},"modified":"2025-11-20T13:53:52","modified_gmt":"2025-11-20T13:53:52","slug":"long-strong-leave-in-100ml","status":"publish","type":"product","link":"https:\/\/keune.al\/sq\/produkt\/long-strong-leave-in-100ml\/","title":{"rendered":"L\u00ebreni t\u00eb q\u00ebndroj\u00eb gjat\u00eb dhe fort"},"content":{"rendered":"<div class=\"expander_title___5Kmz\"><strong>P\u00ebrb\u00ebr\u00ebsit<\/strong><\/div>\n<div class=\"expander_content__dB5dn\">\n<div class=\"expander_innerNoScroll__2BEp8\">\n<div class=\"richtext_richText__EPidn\">\n<p>Uj\u00eb (Uj\u00eb), Izopentildiol, Sorbitol, Behenamidopropil Dimetilamin\u00eb, Alkool Cetearil, Fosfat Hidroksipropil Niseshteje, Acid Laktik, Glicerin\u00eb, Gjalp\u00eb Butyrospermum Parkii (Shea), Vaj Kokosi (Cocos Nucifera), Celuloz\u00eb, Parfum (Arom\u00eb), Benzoat Natriumi, Gom\u00eb Celuloze, Pantenol, Olivat Etilheksil i Hidrogjenizuar, Fruktoz\u00eb, Arginin\u00eb, Pentilen Glikol, Ekstrakt Palmaria Palmata, Citrat Natriumi, Butilen Glikol, Hialuronat Natriumi, L\u00ebnd\u00eb t\u00eb Papapunizueshme t\u00eb Vajit t\u00eb Ullirit t\u00eb Hidrogjenizuar, Ekstrakt Gjethe Centella Asiatica, Acid Levulinik, Acid Citrik, Biotin\u00eb, Dipropilen Glikol, Kaprilat Glicerili, Ekstrakt K\u00ebrpudhe (Polyporus Umbellatus), Salicilat Benzilik, Vaj L\u00ebkure Bergamote (Citrus Aurantium Bergamia), Vaj L\u00ebkure Citrus Aurantium, Kumarin\u00eb, Geraniol, Heksametilindanopiran, Hidroksicitronelal, Limonene, Linalool, Acetat Linalil, Pinene, Tetrametil, Acetiloktahidronaftalene, Vanilin\u00eb.<\/p>\n<div class=\"expander_title___5Kmz\"><strong>Si t\u00eb p\u00ebrdoren?<\/strong><\/div>\n<div class=\"expander_content__dB5dn\">\n<div class=\"expander_innerNoScroll__2BEp8\">\n<div class=\"richtext_richText__EPidn\">\n<p>Aplikojeni n\u00eb flok\u00eb t\u00eb past\u00ebr t\u00eb thar\u00eb me peshqir dhe mos i shp\u00eblani. Stiloni sipas d\u00ebshir\u00ebs.<\/p>\n<\/div>\n<\/div>\n<\/div>\n<\/div>\n<\/div>\n<\/div>","protected":false},"excerpt":{"rendered":"<p>Boost the look of volume and strength with Long &amp; Strong Densifying Leave-In Treatment, a targeted formula designed to energize the scalp, fortify the hair fiber, and visibly increase hair density over time. Lightweight and fast-absorbing, this no-rinse treatment supports healthier, fuller-looking hair\u2014from root to tip.\u200b<\/p>","protected":false},"featured_media":1430,"comment_status":"open","ping_status":"closed","template":"","meta":[],"product_brand":[],"product_cat":[92,110],"product_tag":[],"class_list":{"0":"post-1428","1":"product","2":"type-product","3":"status-publish","4":"has-post-thumbnail","6":"product_cat-hair-care","7":"product_cat-leave-in-conditioner","9":"first","10":"instock","11":"shipping-taxable","12":"purchasable","13":"product-type-variable","14":"has-default-attributes"},"_links":{"self":[{"href":"https:\/\/keune.al\/sq\/wp-json\/wp\/v2\/product\/1428","targetHints":{"allow":["GET"]}}],"collection":[{"href":"https:\/\/keune.al\/sq\/wp-json\/wp\/v2\/product"}],"about":[{"href":"https:\/\/keune.al\/sq\/wp-json\/wp\/v2\/types\/product"}],"replies":[{"embeddable":true,"href":"https:\/\/keune.al\/sq\/wp-json\/wp\/v2\/comments?post=1428"}],"wp:featuredmedia":[{"embeddable":true,"href":"https:\/\/keune.al\/sq\/wp-json\/wp\/v2\/media\/1430"}],"wp:attachment":[{"href":"https:\/\/keune.al\/sq\/wp-json\/wp\/v2\/media?parent=1428"}],"wp:term":[{"taxonomy":"product_brand","embeddable":true,"href":"https:\/\/keune.al\/sq\/wp-json\/wp\/v2\/product_brand?post=1428"},{"taxonomy":"product_cat","embeddable":true,"href":"https:\/\/keune.al\/sq\/wp-json\/wp\/v2\/product_cat?post=1428"},{"taxonomy":"product_tag","embeddable":true,"href":"https:\/\/keune.al\/sq\/wp-json\/wp\/v2\/product_tag?post=1428"}],"curies":[{"name":"wp","href":"https:\/\/api.w.org\/{rel}","templated":true}]}}