{"id":1420,"date":"2025-10-22T07:12:36","date_gmt":"2025-10-22T07:12:36","guid":{"rendered":"https:\/\/keune.al\/?post_type=product&#038;p=1420"},"modified":"2025-11-20T17:24:02","modified_gmt":"2025-11-20T17:24:02","slug":"radiant-gloss-mask-250ml","status":"publish","type":"product","link":"https:\/\/keune.al\/sq\/produkt\/radiant-gloss-mask-250ml\/","title":{"rendered":"Radiant Gloss Mask"},"content":{"rendered":"<div class=\"expander_title___5Kmz\"><strong>P\u00ebrb\u00ebr\u00ebsit<\/strong><\/div>\n<div class=\"expander_content__dB5dn\">\n<div class=\"expander_innerNoScroll__2BEp8\">\n<div class=\"richtext_richText__EPidn\">\n<p>Aqua (Water),\u00a0Cetearyl\u00a0Alcohol,\u00a0Glycerin, Behentrimonium Chloride, Stearamidopropyl\u00a0Dimethylamine, Cetyl Esters, Helianthus Annuus Hybrid (Sunflower Seed) Oil, Hydrogenated Castor Oil\/Sebacic Acid Copolymer, Quaternium-87, Isopropyl Alcohol, Citric Acid, Candelilla Cera (Euphorbia Cerifera(Candelilla) Wax), Caprylyl Glycol, Panthenol, Parfum (Fragrance), Sodium Benzoate, Propylene Glycol, Triolein, Dipropylene\u00a0Glycol, Helianthus Annuus (Sunflower) Seed Extract,\u00a0Hydrolyzed\u00a0Rice Protein, Adansonia Digitata Seed Oil, Dendrobium Phalaenopsis Flower Extract, Tocopherol, Citrus Limon (Lemon) Peel Oil, Hexyl Cinnamal, Limonene, Linalool, Tetramethyl Acetyloctahydronaphthalenes\u200b<\/p>\n<div class=\"expander_title___5Kmz\"><strong>Si t\u00eb p\u00ebrdoren?<\/strong><\/div>\n<div class=\"expander_content__dB5dn\">\n<div class=\"expander_innerNoScroll__2BEp8\">\n<div class=\"richtext_richText__EPidn\">\n<p>Aplikojeni n\u00eb flok\u00eb t\u00eb lar\u00eb me shampo. Masazhojeni but\u00ebsisht dhe mb\u00ebshtillini flok\u00ebt me nj\u00eb peshqir t\u00eb nxeht\u00eb. L\u00ebreni p\u00ebr 3-5 minuta para se ta shp\u00eblani mir\u00eb. Thajeni me peshqir.<\/p>\n<\/div>\n<\/div>\n<\/div>\n<\/div>\n<\/div>\n<\/div>","protected":false},"excerpt":{"rendered":"<p>This glow-giving hair formula transforms dull hair into shiny silk.\u00a0Experience\u00a0deep-conditioning care\u00a0with\u00a0Radiant Gloss Illuminating Mask. Designed to\u00a0restore brilliance, boost hydration, and coat the hair cuticle in vital lipids, leaving strands soft with a dazzling, light-reflecting shine.<\/p>\n<p>Maska Radiant Gloss \u00ebsht\u00eb versioni i p\u00ebrmir\u00ebsuar i mask\u00ebs me vaj sateni.<\/p>\n<p>Maska Radiant Gloss \u00ebsht\u00eb versioni i p\u00ebrmir\u00ebsuar i mask\u00ebs me vaj sateni.<\/p>","protected":false},"featured_media":1427,"comment_status":"open","ping_status":"closed","template":"","meta":[],"product_brand":[],"product_cat":[92,176],"product_tag":[],"class_list":{"0":"post-1420","1":"product","2":"type-product","3":"status-publish","4":"has-post-thumbnail","6":"product_cat-hair-care","7":"product_cat-mask-hair-care","8":"pa_variant-250ml","9":"pa_variant-500ml","11":"first","12":"instock","13":"shipping-taxable","14":"purchasable","15":"product-type-variable","16":"has-default-attributes"},"_links":{"self":[{"href":"https:\/\/keune.al\/sq\/wp-json\/wp\/v2\/product\/1420","targetHints":{"allow":["GET"]}}],"collection":[{"href":"https:\/\/keune.al\/sq\/wp-json\/wp\/v2\/product"}],"about":[{"href":"https:\/\/keune.al\/sq\/wp-json\/wp\/v2\/types\/product"}],"replies":[{"embeddable":true,"href":"https:\/\/keune.al\/sq\/wp-json\/wp\/v2\/comments?post=1420"}],"wp:featuredmedia":[{"embeddable":true,"href":"https:\/\/keune.al\/sq\/wp-json\/wp\/v2\/media\/1427"}],"wp:attachment":[{"href":"https:\/\/keune.al\/sq\/wp-json\/wp\/v2\/media?parent=1420"}],"wp:term":[{"taxonomy":"product_brand","embeddable":true,"href":"https:\/\/keune.al\/sq\/wp-json\/wp\/v2\/product_brand?post=1420"},{"taxonomy":"product_cat","embeddable":true,"href":"https:\/\/keune.al\/sq\/wp-json\/wp\/v2\/product_cat?post=1420"},{"taxonomy":"product_tag","embeddable":true,"href":"https:\/\/keune.al\/sq\/wp-json\/wp\/v2\/product_tag?post=1420"}],"curies":[{"name":"wp","href":"https:\/\/api.w.org\/{rel}","templated":true}]}}