{"id":1418,"date":"2025-10-22T07:11:12","date_gmt":"2025-10-22T07:11:12","guid":{"rendered":"https:\/\/keune.al\/?post_type=product&#038;p=1418"},"modified":"2025-11-18T10:16:43","modified_gmt":"2025-11-18T10:16:43","slug":"ore-e-pikut","status":"publish","type":"product","link":"https:\/\/keune.al\/sq\/produkt\/ore-e-pikut\/","title":{"rendered":"Rush Hour 200 ml"},"content":{"rendered":"","protected":false},"excerpt":{"rendered":"<p>P\u00ebrshpejtoni tharjen e flokut me Keune Rush Hour, p\u00ebrshpejtuesin p\u00ebrfundimtar t\u00eb tharjes q\u00eb shkurton koh\u00ebn e tharjes nd\u00ebrsa shton volum dhe shk\u00eblqim pa e mbingarkuar flokun.<\/p>\n<p>I pasuruar me Teknologjin\u00eb e Integruar Bond Fuser, ai forcon flokun tuaj duke mbrojtur lidhjet disulfide ekzistuese dhe duke krijuar t\u00eb reja p\u00ebr t\u00eb ruajtur integritetin e flokut.<\/p>\n<p>Me mbrojtje nga nxeht\u00ebsia deri n\u00eb 230\u00b0C\/446\u00b0F, Rush Hour siguron q\u00eb floku juaj t\u00eb mbetet i sh\u00ebndetsh\u00ebm dhe i fort\u00eb. Shijoni arom\u00ebn e k\u00ebndshme Midnight Blossom dhe kombinoni leht\u00ebsisht produkte t\u00eb tjera stilimi p\u00ebr m\u00eb shum\u00eb fiksim dhe shk\u00eblqim.<\/p>\n<p>Rush Hour fitoi \u00c7mimin Suedez t\u00eb Bukuris\u00eb 2025.<\/p>\n<p>Rush Hour \u00ebsht\u00eb nj\u00eb version i p\u00ebrmir\u00ebsuar i Instant Blowout.<\/p>","protected":false},"featured_media":1419,"comment_status":"open","ping_status":"closed","template":"","meta":[],"product_brand":[],"product_cat":[135,153,132],"product_tag":[],"class_list":{"0":"post-1418","1":"product","2":"type-product","3":"status-publish","4":"has-post-thumbnail","6":"product_cat-1922-by-j-m-keune","7":"product_cat-conditioning-spray","8":"product_cat-keune-style","10":"first","11":"instock","12":"shipping-taxable","13":"purchasable","14":"product-type-simple"},"_links":{"self":[{"href":"https:\/\/keune.al\/sq\/wp-json\/wp\/v2\/product\/1418","targetHints":{"allow":["GET"]}}],"collection":[{"href":"https:\/\/keune.al\/sq\/wp-json\/wp\/v2\/product"}],"about":[{"href":"https:\/\/keune.al\/sq\/wp-json\/wp\/v2\/types\/product"}],"replies":[{"embeddable":true,"href":"https:\/\/keune.al\/sq\/wp-json\/wp\/v2\/comments?post=1418"}],"wp:featuredmedia":[{"embeddable":true,"href":"https:\/\/keune.al\/sq\/wp-json\/wp\/v2\/media\/1419"}],"wp:attachment":[{"href":"https:\/\/keune.al\/sq\/wp-json\/wp\/v2\/media?parent=1418"}],"wp:term":[{"taxonomy":"product_brand","embeddable":true,"href":"https:\/\/keune.al\/sq\/wp-json\/wp\/v2\/product_brand?post=1418"},{"taxonomy":"product_cat","embeddable":true,"href":"https:\/\/keune.al\/sq\/wp-json\/wp\/v2\/product_cat?post=1418"},{"taxonomy":"product_tag","embeddable":true,"href":"https:\/\/keune.al\/sq\/wp-json\/wp\/v2\/product_tag?post=1418"}],"curies":[{"name":"wp","href":"https:\/\/api.w.org\/{rel}","templated":true}]}}